{"id":281106,"date":"2022-12-09T22:05:15","date_gmt":"2022-12-09T21:05:15","guid":{"rendered":"http:\/\/dev.claret.cat\/llibre\/nos-conoce-jesus-lo-conocemos\/"},"modified":"2026-01-28T13:02:26","modified_gmt":"2026-01-28T12:02:26","slug":"nos-conoce-jesus-lo-conocemos-9788425427664","status":"publish","type":"product","link":"https:\/\/www.claret.cat\/es\/libro\/nos-conoce-jesus-lo-conocemos-9788425427664\/","title":{"rendered":"\u00bfNOS CONOCE JES\u00daS? \u00bfLO CONOCEMOS?"},"content":{"rendered":"<p>&#8216;No hay que darle m\u00e1s vueltas: s\u00f3lo quien est\u00e1 convencido de ser conocido personalmente por Jes\u00fas, logra acceder al conocimiento de \u00e9l; y \u00fanicamente quien tiene la seguridad de conocerle tal cual es, se sabe tambi\u00e9n conocido por \u00e9l&#8217;.<\/p>\n<p>Hans Urs von Balthasar<\/p>\n","protected":false},"excerpt":{"rendered":"<p>BALTHASAR, HANS URS VON<\/p>\n","protected":false},"featured_media":331097,"template":"","meta":{"_acf_changed":false,"om_disable_all_campaigns":false,"rs_blank_template":"","rs_page_bg_color":"","slide_template_v7":"","inline_featured_image":false,"_monsterinsights_skip_tracking":false,"_monsterinsights_sitenote_active":false,"_monsterinsights_sitenote_note":"","_monsterinsights_sitenote_category":0},"product_brand":[],"product_cat":[90,540],"product_tag":[],"class_list":{"0":"post-281106","1":"product","2":"type-product","3":"status-publish","4":"has-post-thumbnail","6":"product_cat-altres","7":"product_cat-otros","9":"first","10":"instock","11":"taxable","12":"shipping-taxable","13":"purchasable","14":"product-type-simple"},"acf":{"autor":"BALTHASAR, HANS URS VON","codart":"842542766","libros-coleccion":"Religi\u00f3n","ediciones":"1","encuadernacion":"R\u00fastica","fecha_de_publicacion":"01\/02\/2011","novedad":"0","paginas":"0","subtitulo":"","orden":"999","portada":"0","idioma":"spa","editorial":[{"ID":148254,"post_author":"3","post_date":"2022-10-14 11:56:49","post_date_gmt":"2022-10-14 09:56:49","post_content":"","post_title":"Herder Editorial","post_excerpt":"","post_status":"publish","comment_status":"closed","ping_status":"closed","post_password":"","post_name":"herder-editorial-2","to_ping":"","pinged":"","post_modified":"2022-10-14 11:56:49","post_modified_gmt":"2022-10-14 09:56:49","post_content_filtered":"","post_parent":0,"guid":"http:\/\/dev.claret.cat\/editorial\/herder-editorial-2\/","menu_order":0,"post_type":"editorial","post_mime_type":"","comment_count":"0","filter":"raw"}],"autores-libros":[{"ID":281105,"post_author":"3","post_date":"2022-12-09 22:05:14","post_date_gmt":"2022-12-09 21:05:14","post_content":"","post_title":"HANS URS VON BALTHASAR","post_excerpt":"","post_status":"publish","comment_status":"closed","ping_status":"closed","post_password":"","post_name":"hans-urs-von-balthasar-3","to_ping":"","pinged":"","post_modified":"2022-12-09 22:05:14","post_modified_gmt":"2022-12-09 21:05:14","post_content_filtered":"","post_parent":0,"guid":"http:\/\/dev.claret.cat\/autor\/hans-urs-von-balthasar-3\/","menu_order":0,"post_type":"autor","post_mime_type":"","comment_count":"0","filter":"raw"}],"booktrailer":"","resenas":""},"aioseo_notices":[],"_links":{"self":[{"href":"https:\/\/www.claret.cat\/es\/wp-json\/wp\/v2\/product\/281106","targetHints":{"allow":["GET"]}}],"collection":[{"href":"https:\/\/www.claret.cat\/es\/wp-json\/wp\/v2\/product"}],"about":[{"href":"https:\/\/www.claret.cat\/es\/wp-json\/wp\/v2\/types\/product"}],"wp:featuredmedia":[{"embeddable":true,"href":"https:\/\/www.claret.cat\/es\/wp-json\/wp\/v2\/media\/331097"}],"wp:attachment":[{"href":"https:\/\/www.claret.cat\/es\/wp-json\/wp\/v2\/media?parent=281106"}],"wp:term":[{"taxonomy":"product_brand","embeddable":true,"href":"https:\/\/www.claret.cat\/es\/wp-json\/wp\/v2\/product_brand?post=281106"},{"taxonomy":"product_cat","embeddable":true,"href":"https:\/\/www.claret.cat\/es\/wp-json\/wp\/v2\/product_cat?post=281106"},{"taxonomy":"product_tag","embeddable":true,"href":"https:\/\/www.claret.cat\/es\/wp-json\/wp\/v2\/product_tag?post=281106"}],"curies":[{"name":"wp","href":"https:\/\/api.w.org\/{rel}","templated":true}]}}