{"id":28118,"date":"2022-10-02T11:08:47","date_gmt":"2022-10-02T09:08:47","guid":{"rendered":"http:\/\/dev.claret.cat\/producte\/dragonero\/"},"modified":"2023-01-28T12:19:49","modified_gmt":"2023-01-28T11:19:49","slug":"dragonero-9788494208188","status":"publish","type":"product","link":"https:\/\/www.claret.cat\/es\/libro\/dragonero-9788494208188\/","title":{"rendered":"DRAGONERO"},"content":{"rendered":"<p>&#8216;Querido t\u00edo Manuel: Mejor te subes en un avi\u00f3n y vuelves ya. Tu drag\u00f3n se ha comido a Gemina. \u00a1Emiliana amaba a ese conejo!&#8217;. Edu est\u00e1 al cuidado de la mascota de su t\u00edo Manuel, que est\u00e1 de vacaciones, pero la cosa se complica. Las cortinas arden, su madre echa humo&#8230; Y es que cuidar a un drag\u00f3n no es tan sencillo como parece. Un ingenioso libro lleno de humor que contagiar\u00e1 carcajadas a los lectores.<\/p>\n","protected":false},"excerpt":{"rendered":"<p>JOSH LACEY<\/p>\n","protected":false},"featured_media":75748,"template":"","meta":{"_acf_changed":false,"om_disable_all_campaigns":false,"rs_blank_template":"","rs_page_bg_color":"","slide_template_v7":"","inline_featured_image":false,"_monsterinsights_skip_tracking":false,"_monsterinsights_sitenote_active":false,"_monsterinsights_sitenote_note":"","_monsterinsights_sitenote_category":0},"product_brand":[],"product_cat":[86],"product_tag":[],"class_list":{"0":"post-28118","1":"product","2":"type-product","3":"status-publish","4":"has-post-thumbnail","6":"product_cat-infantil","8":"first","9":"instock","10":"taxable","11":"shipping-taxable","12":"purchasable","13":"product-type-simple"},"acf":{"autor":"JOSH LACEY","codart":"849420818","libros-coleccion":"","ediciones":"1","encuadernacion":"R\u00fastica","fecha_de_publicacion":"01\/11\/2014","novedad":"0","paginas":"60","subtitulo":"","orden":"999","portada":"0","idioma":"spa","editorial":[{"ID":147804,"post_author":"3","post_date":"2022-10-14 11:53:21","post_date_gmt":"2022-10-14 09:53:21","post_content":"","post_title":"EDICIONES EKARE","post_excerpt":"","post_status":"publish","comment_status":"closed","ping_status":"closed","post_password":"","post_name":"ediciones-ekare","to_ping":"","pinged":"","post_modified":"2022-10-14 11:53:21","post_modified_gmt":"2022-10-14 09:53:21","post_content_filtered":"","post_parent":0,"guid":"http:\/\/dev.claret.cat\/editorial\/ediciones-ekare\/","menu_order":0,"post_type":"editorial","post_mime_type":"","comment_count":"0","filter":"raw"}],"autores-libros":[{"ID":160888,"post_author":"3","post_date":"2022-10-14 15:56:41","post_date_gmt":"2022-10-14 13:56:41","post_content":"","post_title":"JOSH LACEY","post_excerpt":"","post_status":"publish","comment_status":"closed","ping_status":"closed","post_password":"","post_name":"josh-lacey","to_ping":"","pinged":"","post_modified":"2022-10-14 15:56:41","post_modified_gmt":"2022-10-14 13:56:41","post_content_filtered":"","post_parent":0,"guid":"http:\/\/dev.claret.cat\/autor\/josh-lacey\/","menu_order":0,"post_type":"autor","post_mime_type":"","comment_count":"0","filter":"raw"}]},"aioseo_notices":[],"_links":{"self":[{"href":"https:\/\/www.claret.cat\/es\/wp-json\/wp\/v2\/product\/28118","targetHints":{"allow":["GET"]}}],"collection":[{"href":"https:\/\/www.claret.cat\/es\/wp-json\/wp\/v2\/product"}],"about":[{"href":"https:\/\/www.claret.cat\/es\/wp-json\/wp\/v2\/types\/product"}],"wp:featuredmedia":[{"embeddable":true,"href":"https:\/\/www.claret.cat\/es\/wp-json\/wp\/v2\/media\/75748"}],"wp:attachment":[{"href":"https:\/\/www.claret.cat\/es\/wp-json\/wp\/v2\/media?parent=28118"}],"wp:term":[{"taxonomy":"product_brand","embeddable":true,"href":"https:\/\/www.claret.cat\/es\/wp-json\/wp\/v2\/product_brand?post=28118"},{"taxonomy":"product_cat","embeddable":true,"href":"https:\/\/www.claret.cat\/es\/wp-json\/wp\/v2\/product_cat?post=28118"},{"taxonomy":"product_tag","embeddable":true,"href":"https:\/\/www.claret.cat\/es\/wp-json\/wp\/v2\/product_tag?post=28118"}],"curies":[{"name":"wp","href":"https:\/\/api.w.org\/{rel}","templated":true}]}}