{"id":281293,"date":"2022-12-09T22:24:10","date_gmt":"2022-12-09T21:24:10","guid":{"rendered":"http:\/\/dev.claret.cat\/llibre\/el-simbolo-renovado\/"},"modified":"2026-01-28T11:07:48","modified_gmt":"2026-01-28T10:07:48","slug":"el-simbolo-renovado-9788425431906","status":"publish","type":"product","link":"https:\/\/www.claret.cat\/es\/libro\/el-simbolo-renovado-9788425431906\/","title":{"rendered":"EL S\u00cdMBOLO RENOVADO"},"content":{"rendered":"<p>Hoy en d\u00eda el s\u00edmbolo se identifica muy a menudo con ciertos esoterismos de escasa profundidad intelectual, con una especie de magia infundada sin relaci\u00f3n alguna con la religi\u00f3n o las ciencias humanas. La presente obra propone lo contrario, a saber, un esoterismo bien entendido que podr\u00eda ser el v\u00ednculo que permita un di\u00e1logo interreligioso y globalizado. Se trata de una propuesta que no es nueva, pues ya ha brillado con luz propia a lo largo de la historia, sobre todo en el Renacimiento, cuando la filosof\u00eda herm\u00e9tica pretendi\u00f3 reunir en torno al cristianismo las antiguas tradiciones paganas.<br \/>Para desarrollar dicha propuesta, el autor se vale de un personaje especialmente singular: Louis Cattiaux, un creador polifac\u00e9tico que, como otros similares, la historia se empe\u00f1a en marginar. Este fil\u00f3sofo, qu\u00edmico y alquimista, que hizo del arte una filosof\u00eda y de las vivencias una sabidur\u00eda, anticip\u00f3 horizontes y anunci\u00f3 aquello que ahora, setenta a\u00f1os despu\u00e9s, va viendo la luz. As\u00ed, en su obra convergen los elementos necesarios para una reflexi\u00f3n sobre el sentido del s\u00edmbolo en el tercer milenio de la era cristiana, en un mundo globalizado y, a su vez, profundamente individualizado.<br \/>La semilla interdisciplinar de Cattiaux qued\u00f3 depositada en un libro tambi\u00e9n inclasificable, El mensaje reencontrado. La presente obra es una exhortaci\u00f3n al conocimiento de ese mensaje reencontrado o s\u00edmbolo renovado, en el que las tradiciones de nuestros antepasados se a\u00fanan con la experiencia personal. Raimon Arola pretende abrir un \u00e1mbito de estudio que permita recobrar la riqueza de los s\u00edmbolos tradicionales y hacerlos presentes y vivos.<\/p>\n","protected":false},"excerpt":{"rendered":"<p>AROLA, RAIMON<\/p>\n","protected":false},"featured_media":331212,"template":"","meta":{"_acf_changed":false,"om_disable_all_campaigns":false,"rs_blank_template":"","rs_page_bg_color":"","slide_template_v7":"","inline_featured_image":false,"_monsterinsights_skip_tracking":false,"_monsterinsights_sitenote_active":false,"_monsterinsights_sitenote_note":"","_monsterinsights_sitenote_category":0},"product_brand":[],"product_cat":[90,540],"product_tag":[],"class_list":{"0":"post-281293","1":"product","2":"type-product","3":"status-publish","4":"has-post-thumbnail","6":"product_cat-altres","7":"product_cat-otros","9":"first","10":"instock","11":"taxable","12":"shipping-taxable","13":"purchasable","14":"product-type-simple"},"acf":{"autor":"AROLA, RAIMON","codart":"842543190","libros-coleccion":"","ediciones":"1","encuadernacion":"R\u00fastica","fecha_de_publicacion":"04\/06\/2013","novedad":"0","paginas":"152","subtitulo":"A PROP\u00d3SITO DE LA OBRA DE LOUIS CATTIAUX","orden":"999","portada":"0","idioma":"spa","editorial":[{"ID":6266,"post_author":"3","post_date":"2022-07-28 17:48:31","post_date_gmt":"2022-07-28 15:48:31","post_content":"","post_title":"HERDER","post_excerpt":"","post_status":"publish","comment_status":"closed","ping_status":"closed","post_password":"","post_name":"herder","to_ping":"","pinged":"","post_modified":"2022-07-28 17:48:31","post_modified_gmt":"2022-07-28 15:48:31","post_content_filtered":"","post_parent":0,"guid":"http:\/\/dev.claret.cat\/editorial\/herder\/","menu_order":0,"post_type":"editorial","post_mime_type":"","comment_count":"0","filter":"raw"}],"autores-libros":[{"ID":167641,"post_author":"3","post_date":"2022-10-14 18:12:50","post_date_gmt":"2022-10-14 16:12:50","post_content":"","post_title":"RAIMON AROLA","post_excerpt":"","post_status":"publish","comment_status":"closed","ping_status":"closed","post_password":"","post_name":"raimon-arola","to_ping":"","pinged":"","post_modified":"2022-10-14 18:12:50","post_modified_gmt":"2022-10-14 16:12:50","post_content_filtered":"","post_parent":0,"guid":"http:\/\/dev.claret.cat\/autor\/raimon-arola\/","menu_order":0,"post_type":"autor","post_mime_type":"","comment_count":"0","filter":"raw"}],"booktrailer":"","resenas":""},"aioseo_notices":[],"_links":{"self":[{"href":"https:\/\/www.claret.cat\/es\/wp-json\/wp\/v2\/product\/281293","targetHints":{"allow":["GET"]}}],"collection":[{"href":"https:\/\/www.claret.cat\/es\/wp-json\/wp\/v2\/product"}],"about":[{"href":"https:\/\/www.claret.cat\/es\/wp-json\/wp\/v2\/types\/product"}],"wp:featuredmedia":[{"embeddable":true,"href":"https:\/\/www.claret.cat\/es\/wp-json\/wp\/v2\/media\/331212"}],"wp:attachment":[{"href":"https:\/\/www.claret.cat\/es\/wp-json\/wp\/v2\/media?parent=281293"}],"wp:term":[{"taxonomy":"product_brand","embeddable":true,"href":"https:\/\/www.claret.cat\/es\/wp-json\/wp\/v2\/product_brand?post=281293"},{"taxonomy":"product_cat","embeddable":true,"href":"https:\/\/www.claret.cat\/es\/wp-json\/wp\/v2\/product_cat?post=281293"},{"taxonomy":"product_tag","embeddable":true,"href":"https:\/\/www.claret.cat\/es\/wp-json\/wp\/v2\/product_tag?post=281293"}],"curies":[{"name":"wp","href":"https:\/\/api.w.org\/{rel}","templated":true}]}}