{"id":28142,"date":"2022-10-02T11:09:05","date_gmt":"2022-10-02T09:09:05","guid":{"rendered":"http:\/\/dev.claret.cat\/producte\/1936-el-vaticano-y-espana\/"},"modified":"2023-01-28T04:40:39","modified_gmt":"2023-01-28T03:40:39","slug":"1936-el-vaticano-y-espana-9788494210785","status":"publish","type":"product","link":"https:\/\/www.claret.cat\/es\/libro\/1936-el-vaticano-y-espana-9788494210785\/","title":{"rendered":"1936. EL VATICANO Y ESPA\u00d1A"},"content":{"rendered":"<p>El autor de 1936. El Vaticano y Espa\u00f1a es Vicente C\u00e1rcel Ort\u00ed, esta publicaci\u00f3n tiene trescientas veinte p\u00e1ginas.<\/p>\n","protected":false},"excerpt":{"rendered":"<p>C\u00c1RCEL ORT\u00cd, VICENTE<\/p>\n","protected":false},"featured_media":74936,"template":"","meta":{"_acf_changed":false,"om_disable_all_campaigns":false,"rs_blank_template":"","rs_page_bg_color":"","slide_template_v7":"","inline_featured_image":false,"_monsterinsights_skip_tracking":false,"_monsterinsights_sitenote_active":false,"_monsterinsights_sitenote_note":"","_monsterinsights_sitenote_category":0},"product_brand":[],"product_cat":[93,85],"product_tag":[],"class_list":{"0":"post-28142","1":"product","2":"type-product","3":"status-publish","4":"has-post-thumbnail","6":"product_cat-eclesiologia","7":"product_cat-historia","9":"first","10":"instock","11":"taxable","12":"shipping-taxable","13":"purchasable","14":"product-type-simple"},"acf":{"autor":"C\u00c1RCEL ORT\u00cd, VICENTE","codart":"849421078","libros-coleccion":"","ediciones":"1","encuadernacion":"R\u00fastica","fecha_de_publicacion":"14\/06\/2016","novedad":"0","paginas":"320","subtitulo":"","orden":"999","portada":"0","idioma":"spa","editorial":[{"ID":148032,"post_author":"3","post_date":"2022-10-14 11:55:06","post_date_gmt":"2022-10-14 09:55:06","post_content":"","post_title":"EDITORIAL SAN ROMAN","post_excerpt":"","post_status":"publish","comment_status":"closed","ping_status":"closed","post_password":"","post_name":"editorial-san-roman","to_ping":"","pinged":"","post_modified":"2022-10-14 11:55:06","post_modified_gmt":"2022-10-14 09:55:06","post_content_filtered":"","post_parent":0,"guid":"http:\/\/dev.claret.cat\/editorial\/editorial-san-roman\/","menu_order":0,"post_type":"editorial","post_mime_type":"","comment_count":"0","filter":"raw"}],"autores-libros":[{"ID":170951,"post_author":"3","post_date":"2022-10-14 22:39:29","post_date_gmt":"2022-10-14 20:39:29","post_content":"","post_title":"VICENTE CARCEL ORTI","post_excerpt":"","post_status":"publish","comment_status":"closed","ping_status":"closed","post_password":"","post_name":"vicente-carcel-orti-2","to_ping":"","pinged":"","post_modified":"2022-10-14 22:39:29","post_modified_gmt":"2022-10-14 20:39:29","post_content_filtered":"","post_parent":0,"guid":"http:\/\/dev.claret.cat\/autor\/vicente-carcel-orti-2\/","menu_order":0,"post_type":"autor","post_mime_type":"","comment_count":"0","filter":"raw"}]},"aioseo_notices":[],"_links":{"self":[{"href":"https:\/\/www.claret.cat\/es\/wp-json\/wp\/v2\/product\/28142","targetHints":{"allow":["GET"]}}],"collection":[{"href":"https:\/\/www.claret.cat\/es\/wp-json\/wp\/v2\/product"}],"about":[{"href":"https:\/\/www.claret.cat\/es\/wp-json\/wp\/v2\/types\/product"}],"wp:featuredmedia":[{"embeddable":true,"href":"https:\/\/www.claret.cat\/es\/wp-json\/wp\/v2\/media\/74936"}],"wp:attachment":[{"href":"https:\/\/www.claret.cat\/es\/wp-json\/wp\/v2\/media?parent=28142"}],"wp:term":[{"taxonomy":"product_brand","embeddable":true,"href":"https:\/\/www.claret.cat\/es\/wp-json\/wp\/v2\/product_brand?post=28142"},{"taxonomy":"product_cat","embeddable":true,"href":"https:\/\/www.claret.cat\/es\/wp-json\/wp\/v2\/product_cat?post=28142"},{"taxonomy":"product_tag","embeddable":true,"href":"https:\/\/www.claret.cat\/es\/wp-json\/wp\/v2\/product_tag?post=28142"}],"curies":[{"name":"wp","href":"https:\/\/api.w.org\/{rel}","templated":true}]}}