{"id":281516,"date":"2022-12-09T23:12:55","date_gmt":"2022-12-09T22:12:55","guid":{"rendered":"http:\/\/dev.claret.cat\/llibre\/fuga-del-error\/"},"modified":"2026-01-28T12:03:00","modified_gmt":"2026-01-28T11:03:00","slug":"fuga-del-error-9788425437304","status":"publish","type":"product","link":"https:\/\/www.claret.cat\/es\/libro\/fuga-del-error-9788425437304\/","title":{"rendered":"FUGA DEL ERROR"},"content":{"rendered":"<p>Peter Trawny, el editor de los reci\u00e9n publicados Cuadernos negros de Martin Heidegger, presenta en este ensayo una interpretaci\u00f3n original y audaz del pensamiento de este fil\u00f3sofo, orientada a comprender la raz\u00f3n por la que el mismo Heidegger decidi\u00f3 publicar estos escritos personales, que ponen de manifiesto su relaci\u00f3n con el r\u00e9gimen nazi y el antisemitismo.<\/p>\n<p> Cuando en la conferencia De la esencia de la verdad Heidegger esclarec\u00eda en qu\u00e9 medida el \u00aberror\u00bb pertenece al evento de la verdad, se\u00f1alaba con el mayor acierto el car\u00e1cter de su pensamiento: abierto, err\u00e1tico, libre, an\u00e1rquico, incierto\u2026 como los \u00abcaminos de bosque\u00bb de la Selva negra que tan bien conoc\u00eda. Para Heidegger, el errar no solo es inevitable, sino que pertenece a la verdad misma\u2026 y no hay ninguna ley moral m\u00e1s all\u00e1 del evento de la verdad y de su experiencia en el pensamiento. Es m\u00e1s, el bien y el mal son regiones de una topograf\u00eda hist\u00f3rica en la que el hombre est\u00e1 siempre en camino, errando.<\/p>\n<p>Yo no habr\u00eda escrito este ensayo si no pensara que aqu\u00ed, en esta \u00abfuga del error\u00bb, se congrega el caso de disputa que va unido con el nombre de Heidegger. Pues si el \u00aberror\u00bb ensambla el \u00abclaro\u00bb, porque el \u00abclaro\u00bb necesita el \u00aberror\u00bb, entonces el errar de Heidegger, sus extrav\u00edos, son un momento de la filosof\u00eda.<\/p>\n","protected":false},"excerpt":{"rendered":"<p>TRAWNY, PETER<\/p>\n","protected":false},"featured_media":331377,"template":"","meta":{"_acf_changed":false,"om_disable_all_campaigns":false,"rs_blank_template":"","rs_page_bg_color":"","slide_template_v7":"","inline_featured_image":false,"_monsterinsights_skip_tracking":false,"_monsterinsights_sitenote_active":false,"_monsterinsights_sitenote_note":"","_monsterinsights_sitenote_category":0},"product_brand":[],"product_cat":[83,349],"product_tag":[],"class_list":{"0":"post-281516","1":"product","2":"type-product","3":"status-publish","4":"has-post-thumbnail","6":"product_cat-filosofia","7":"product_cat-filosofia-2_humanidades","9":"first","10":"instock","11":"taxable","12":"shipping-taxable","13":"purchasable","14":"product-type-simple"},"acf":{"autor":"TRAWNY, PETER","codart":"842543730","libros-coleccion":"","ediciones":"1","encuadernacion":"R\u00fastica","fecha_de_publicacion":"02\/02\/2016","novedad":"0","paginas":"96","subtitulo":"LA AN-ARQU\u00cdA DE HEIDEGGER","orden":"999","portada":"0","idioma":"spa","editorial":[{"ID":6266,"post_author":"3","post_date":"2022-07-28 17:48:31","post_date_gmt":"2022-07-28 15:48:31","post_content":"","post_title":"HERDER","post_excerpt":"","post_status":"publish","comment_status":"closed","ping_status":"closed","post_password":"","post_name":"herder","to_ping":"","pinged":"","post_modified":"2022-07-28 17:48:31","post_modified_gmt":"2022-07-28 15:48:31","post_content_filtered":"","post_parent":0,"guid":"http:\/\/dev.claret.cat\/editorial\/herder\/","menu_order":0,"post_type":"editorial","post_mime_type":"","comment_count":"0","filter":"raw"}],"autores-libros":[{"ID":281505,"post_author":"3","post_date":"2022-12-09 23:12:29","post_date_gmt":"2022-12-09 22:12:29","post_content":"","post_title":"PETER TRAWNY","post_excerpt":"","post_status":"publish","comment_status":"closed","ping_status":"closed","post_password":"","post_name":"peter-trawny","to_ping":"","pinged":"","post_modified":"2022-12-09 23:12:29","post_modified_gmt":"2022-12-09 22:12:29","post_content_filtered":"","post_parent":0,"guid":"http:\/\/dev.claret.cat\/autor\/peter-trawny\/","menu_order":0,"post_type":"autor","post_mime_type":"","comment_count":"0","filter":"raw"}],"booktrailer":"","resenas":""},"aioseo_notices":[],"_links":{"self":[{"href":"https:\/\/www.claret.cat\/es\/wp-json\/wp\/v2\/product\/281516","targetHints":{"allow":["GET"]}}],"collection":[{"href":"https:\/\/www.claret.cat\/es\/wp-json\/wp\/v2\/product"}],"about":[{"href":"https:\/\/www.claret.cat\/es\/wp-json\/wp\/v2\/types\/product"}],"wp:featuredmedia":[{"embeddable":true,"href":"https:\/\/www.claret.cat\/es\/wp-json\/wp\/v2\/media\/331377"}],"wp:attachment":[{"href":"https:\/\/www.claret.cat\/es\/wp-json\/wp\/v2\/media?parent=281516"}],"wp:term":[{"taxonomy":"product_brand","embeddable":true,"href":"https:\/\/www.claret.cat\/es\/wp-json\/wp\/v2\/product_brand?post=281516"},{"taxonomy":"product_cat","embeddable":true,"href":"https:\/\/www.claret.cat\/es\/wp-json\/wp\/v2\/product_cat?post=281516"},{"taxonomy":"product_tag","embeddable":true,"href":"https:\/\/www.claret.cat\/es\/wp-json\/wp\/v2\/product_tag?post=281516"}],"curies":[{"name":"wp","href":"https:\/\/api.w.org\/{rel}","templated":true}]}}