{"id":281944,"date":"2022-12-09T23:41:51","date_gmt":"2022-12-09T22:41:51","guid":{"rendered":"http:\/\/dev.claret.cat\/llibre\/ideologia-y-maltrato-infantil\/"},"modified":"2026-01-28T11:25:32","modified_gmt":"2026-01-28T10:25:32","slug":"ideologia-y-maltrato-infantil-9788425442377","status":"publish","type":"product","link":"https:\/\/www.claret.cat\/es\/libro\/ideologia-y-maltrato-infantil-9788425442377\/","title":{"rendered":"IDEOLOG\u00cdA Y MALTRATO INFANTIL"},"content":{"rendered":"<p>La sociedad est\u00e1 altamente sensibilizada con los casos de maltrato infantil por la indefensi\u00f3n en la que se hallan los ni\u00f1os. Ante esta realidad, el Estado dispone de agentes para proteger al infante y discernir qui\u00e9n tiene que hacerse cargo de \u00e9l. Provenientes de diferentes \u00e1mbitos profesionales, estos mediadores delimitan lo que est\u00e1 mal en el terreno de los cuidados de la crianza y establecen qu\u00e9 hacer al respecto. Si este proceso resulta de la labor que llevan a cabo determinadas personas, entonces, se tiene que estudiar con detenimiento su actuaci\u00f3n. Sin embargo, las explicaciones en los casos de maltrato infantil se centran en las circunstancias del hecho delictivo y en los afectados, prest\u00e1ndose poca atenci\u00f3n a la actividad de los responsables de clasificar a las personas en los papeles de v\u00edctima y maltratador.<br \/>En este contexto, Ideolog\u00eda y maltrato infantil ofrece una aproximaci\u00f3n hist\u00f3rico-comparativa para estudiar la labor de los Servicios de Menores desde un \u00e1ngulo distinto al habitual. As\u00ed, la comparaci\u00f3n y el an\u00e1lisis de los procedimientos de otros momentos hist\u00f3ricos hace posible revisar los aspectos te\u00f3ricos y abre una v\u00eda para prever los efectos del sistema actual y tomar medidas que permitan corregirlo. Esto har\u00e1 posible mejorar la importante funci\u00f3n de proteger a los ni\u00f1os que se encomienda a estos Servicios y lograr, as\u00ed, una sociedad mejor.<\/p>\n","protected":false},"excerpt":{"rendered":"<p>MART\u00cdN HERN\u00c1NDEZ, JAVIER<\/p>\n","protected":false},"featured_media":331725,"template":"","meta":{"_acf_changed":false,"om_disable_all_campaigns":false,"rs_blank_template":"","rs_page_bg_color":"","slide_template_v7":"","inline_featured_image":false,"_monsterinsights_skip_tracking":false,"_monsterinsights_sitenote_active":false,"_monsterinsights_sitenote_note":"","_monsterinsights_sitenote_category":0},"product_brand":[],"product_cat":[81,347],"product_tag":[],"class_list":{"0":"post-281944","1":"product","2":"type-product","3":"status-publish","4":"has-post-thumbnail","6":"product_cat-psicologia","7":"product_cat-psicologia-2_humanidades","9":"first","10":"instock","11":"taxable","12":"shipping-taxable","13":"purchasable","14":"product-type-simple"},"acf":{"autor":"MART\u00cdN HERN\u00c1NDEZ, JAVIER","codart":"842544237","libros-coleccion":"","ediciones":"1","encuadernacion":"R\u00fastica","fecha_de_publicacion":"19\/06\/2019","novedad":"1","paginas":"240","subtitulo":"ESTUDIO HIST\u00d3RICO-COMPARATIVO","orden":"0","portada":"0","idioma":"spa","editorial":[{"ID":6266,"post_author":"3","post_date":"2022-07-28 17:48:31","post_date_gmt":"2022-07-28 15:48:31","post_content":"","post_title":"HERDER","post_excerpt":"","post_status":"publish","comment_status":"closed","ping_status":"closed","post_password":"","post_name":"herder","to_ping":"","pinged":"","post_modified":"2022-07-28 17:48:31","post_modified_gmt":"2022-07-28 15:48:31","post_content_filtered":"","post_parent":0,"guid":"http:\/\/dev.claret.cat\/editorial\/herder\/","menu_order":0,"post_type":"editorial","post_mime_type":"","comment_count":"0","filter":"raw"}],"autores-libros":[{"ID":158740,"post_author":"3","post_date":"2022-10-14 15:39:14","post_date_gmt":"2022-10-14 13:39:14","post_content":"","post_title":"JAVIER MART\u00cdN HERN\u00c1NDEZ","post_excerpt":"","post_status":"publish","comment_status":"closed","ping_status":"closed","post_password":"","post_name":"javier-martin-hernandez","to_ping":"","pinged":"","post_modified":"2022-10-14 15:39:14","post_modified_gmt":"2022-10-14 13:39:14","post_content_filtered":"","post_parent":0,"guid":"http:\/\/dev.claret.cat\/autor\/javier-martin-hernandez\/","menu_order":0,"post_type":"autor","post_mime_type":"","comment_count":"0","filter":"raw"}],"booktrailer":"","resenas":""},"aioseo_notices":[],"_links":{"self":[{"href":"https:\/\/www.claret.cat\/es\/wp-json\/wp\/v2\/product\/281944","targetHints":{"allow":["GET"]}}],"collection":[{"href":"https:\/\/www.claret.cat\/es\/wp-json\/wp\/v2\/product"}],"about":[{"href":"https:\/\/www.claret.cat\/es\/wp-json\/wp\/v2\/types\/product"}],"wp:featuredmedia":[{"embeddable":true,"href":"https:\/\/www.claret.cat\/es\/wp-json\/wp\/v2\/media\/331725"}],"wp:attachment":[{"href":"https:\/\/www.claret.cat\/es\/wp-json\/wp\/v2\/media?parent=281944"}],"wp:term":[{"taxonomy":"product_brand","embeddable":true,"href":"https:\/\/www.claret.cat\/es\/wp-json\/wp\/v2\/product_brand?post=281944"},{"taxonomy":"product_cat","embeddable":true,"href":"https:\/\/www.claret.cat\/es\/wp-json\/wp\/v2\/product_cat?post=281944"},{"taxonomy":"product_tag","embeddable":true,"href":"https:\/\/www.claret.cat\/es\/wp-json\/wp\/v2\/product_tag?post=281944"}],"curies":[{"name":"wp","href":"https:\/\/api.w.org\/{rel}","templated":true}]}}