{"id":282,"date":"2022-07-27T15:11:08","date_gmt":"2022-07-27T13:11:08","guid":{"rendered":"http:\/\/dev.claret.cat\/producto\/las-legiones-malditas-edicion-limitada-a-un-precio-especial-trilogia-africanu-9788413145914\/"},"modified":"2023-10-06T08:54:03","modified_gmt":"2023-10-06T06:54:03","slug":"las-legiones-malditas-edicion-limitada-a-un-precio-especial-trilogia-africanu-9788413145914","status":"publish","type":"product","link":"https:\/\/www.claret.cat\/es\/libro\/las-legiones-malditas-edicion-limitada-a-un-precio-especial-trilogia-africanu-9788413145914\/","title":{"rendered":"LAS LEGIONES MALDITAS (EDICI\u00d3N LIMITADA A UN PRECIO ESPECIAL) (TRILOG\u00cdA AFRICANU"},"content":{"rendered":"<p>Segundo volumen de la trilog\u00eda iniciada con Africanus.  D\u00e9jate atrapar por esta trepidante novela sobre la guerra, el amor, la envidia, la amistad y la supervivencia. Publio Cornelio Escipi\u00f3n, conocido por el apodo de Africanus, que era  considerado por muchos el heredero de las cualidades militares  atribuidas a su padre y a su t\u00edo, s\u00f3lo ten\u00eda veintis\u00e9is a\u00f1os cuando acept\u00f3 comandar las tropas romanas en Hispania. Pero de ellos no s\u00f3lo hab\u00eda recibido estos magn\u00edficos atributos, sino  tambi\u00e9n algunos enemigos, entre otros Asdr\u00fabal, el hermano de An\u00edbal, y  el general p\u00fanico Gisc\u00f3n, quienes har\u00edan lo posible por acabar con su enemigo y masacrar sus ej\u00e9rcitos. En un fascinante relato que recrea un momento decisivo de la expansi\u00f3n  de Roma, Santiago Posteguillo hace al lector c\u00f3mplice y testigo de las  batallas, conquistas y derrotas de Escipi\u00f3n y sus ej\u00e9rcitos.<\/p>\n","protected":false},"excerpt":{"rendered":"<p>POSTEGUILLO, SANTIAGO<\/p>\n","protected":false},"featured_media":53741,"template":"","meta":{"_acf_changed":false,"om_disable_all_campaigns":false,"rs_blank_template":"","rs_page_bg_color":"","slide_template_v7":"","inline_featured_image":false,"_monsterinsights_skip_tracking":false,"_monsterinsights_sitenote_active":false,"_monsterinsights_sitenote_note":"","_monsterinsights_sitenote_category":0},"product_brand":[],"product_cat":[360],"product_tag":[],"class_list":{"0":"post-282","1":"product","2":"type-product","3":"status-publish","4":"has-post-thumbnail","6":"product_cat-novela-historica-y-ficcion","8":"first","9":"instock","10":"taxable","11":"shipping-taxable","12":"purchasable","13":"product-type-simple"},"acf":{"autor":"POSTEGUILLO, SANTIAGO","codart":"841314591","ediciones":"1","encuadernacion":"R\u00fastica","fecha_de_publicacion":"01\/06\/2022","novedad":"1","paginas":"864","subtitulo":"","orden":"0","portada":"0","idioma":"spa","libros-coleccion":"FORA DE COL.LECCI\u00d3","autores-libros":[{"ID":6019,"post_author":"3","post_date":"2022-07-28 17:36:26","post_date_gmt":"2022-07-28 15:36:26","post_content":"","post_title":"SANTIAGO POSTEGUILLO","post_excerpt":"","post_status":"publish","comment_status":"closed","ping_status":"closed","post_password":"","post_name":"santiago-posteguillo","to_ping":"","pinged":"","post_modified":"2022-07-28 17:36:26","post_modified_gmt":"2022-07-28 15:36:26","post_content_filtered":"","post_parent":0,"guid":"http:\/\/dev.claret.cat\/autor\/santiago-posteguillo\/","menu_order":0,"post_type":"autor","post_mime_type":"","comment_count":"0","filter":"raw"}],"editorial":[{"ID":6138,"post_author":"3","post_date":"2022-07-28 17:45:42","post_date_gmt":"2022-07-28 15:45:42","post_content":"","post_title":"B de Bolsillo (Ediciones B)","post_excerpt":"","post_status":"publish","comment_status":"closed","ping_status":"closed","post_password":"","post_name":"b-de-bolsillo-ediciones-b","to_ping":"","pinged":"","post_modified":"2022-07-28 17:45:42","post_modified_gmt":"2022-07-28 15:45:42","post_content_filtered":"","post_parent":0,"guid":"http:\/\/dev.claret.cat\/editorial\/b-de-bolsillo-ediciones-b\/","menu_order":0,"post_type":"editorial","post_mime_type":"","comment_count":"0","filter":"raw"}]},"aioseo_notices":[],"_links":{"self":[{"href":"https:\/\/www.claret.cat\/es\/wp-json\/wp\/v2\/product\/282","targetHints":{"allow":["GET"]}}],"collection":[{"href":"https:\/\/www.claret.cat\/es\/wp-json\/wp\/v2\/product"}],"about":[{"href":"https:\/\/www.claret.cat\/es\/wp-json\/wp\/v2\/types\/product"}],"wp:featuredmedia":[{"embeddable":true,"href":"https:\/\/www.claret.cat\/es\/wp-json\/wp\/v2\/media\/53741"}],"wp:attachment":[{"href":"https:\/\/www.claret.cat\/es\/wp-json\/wp\/v2\/media?parent=282"}],"wp:term":[{"taxonomy":"product_brand","embeddable":true,"href":"https:\/\/www.claret.cat\/es\/wp-json\/wp\/v2\/product_brand?post=282"},{"taxonomy":"product_cat","embeddable":true,"href":"https:\/\/www.claret.cat\/es\/wp-json\/wp\/v2\/product_cat?post=282"},{"taxonomy":"product_tag","embeddable":true,"href":"https:\/\/www.claret.cat\/es\/wp-json\/wp\/v2\/product_tag?post=282"}],"curies":[{"name":"wp","href":"https:\/\/api.w.org\/{rel}","templated":true}]}}