{"id":28266,"date":"2022-10-02T11:10:32","date_gmt":"2022-10-02T09:10:32","guid":{"rendered":"http:\/\/dev.claret.cat\/producte\/la-espada-de-cristal\/"},"modified":"2023-01-28T16:00:15","modified_gmt":"2023-01-28T15:00:15","slug":"la-espada-de-cristal-9788494551703","status":"publish","type":"product","link":"https:\/\/www.claret.cat\/es\/libro\/la-espada-de-cristal-9788494551703\/","title":{"rendered":"LA ESPADA DE CRISTAL"},"content":{"rendered":"<p>\u00abSi soy una espada, soy una espada hecha de cristal, y siento c\u00f3mo comienzo a romperme en pedazos.\u00bb<br \/> La electrizante continuaci\u00f3n de La reina roja intensifica la guerra entre el ej\u00e9rcito rebelde y el mundo dividido por el color de la sangre que los Rojos siempre han conocido, pero esa pugna moral empuja a Mare hacia la oscuridad que crece en su alma.<br \/> La sangre de Mare Barrow es roja (el color de la gente com\u00fan), pero sus habilidades son plateadas. La corona dice que es un milagro, una imposibilidad. Sin embargo, Mare sabe que hay otros como ella, Rojos con capacidades similares a las de los Plateados, y comienza a buscarlos y reclutarlos para unirse en la lucha contra el pr\u00edncipe que la traicion\u00f3. Poco a poco, Mare se ve abocada a una encrucijada mortal en la que corre el riesgo de convertirse exactamente en la clase de monstruo que quiere vencer. <br \/> \u00bfClaudicar\u00e1 ante el peso de las vidas que impone la rebeli\u00f3n, o las continuas traiciones habr\u00e1n endurecido su coraz\u00f3n para siempre?<\/p>\n<p> Biograf\u00eda: Victoria Aveyard creci\u00f3 en una peque\u00f1a ciudad de Massachusetts y se matricul\u00f3 en la Universidad del Sur de California en Los \u00c1ngeles. All\u00ed se licenci\u00f3 en escritura cinematogr\u00e1fica. Como escritora y guionista, ella misma dice utilizar su carrera como excusa para leer demasiados libros y ver demasiadas pel\u00edculas.<br \/> La reina roja fue su debut literario y el primer t\u00edtulo de una tetralog\u00eda cuya tercera parte, La jaula del rey, publicaremos en 2017. Los derechos cinematogr\u00e1ficos de esta serie han sido adquiridos por Universal Pictures y se ha publicado en veinticinco pa\u00edses.<\/p>\n","protected":false},"excerpt":{"rendered":"<p>AVEYARD, VICTORIA<\/p>\n","protected":false},"featured_media":64896,"template":"","meta":{"_acf_changed":false,"om_disable_all_campaigns":false,"rs_blank_template":"","rs_page_bg_color":"","slide_template_v7":"","inline_featured_image":false,"_monsterinsights_skip_tracking":false,"_monsterinsights_sitenote_active":false,"_monsterinsights_sitenote_note":"","_monsterinsights_sitenote_category":0},"product_brand":[],"product_cat":[133,117],"product_tag":[],"class_list":{"0":"post-28266","1":"product","2":"type-product","3":"status-publish","4":"has-post-thumbnail","6":"product_cat-lectures-per-adolescents-12-18-anys","7":"product_cat-juvenil","9":"first","10":"instock","11":"taxable","12":"shipping-taxable","13":"purchasable","14":"product-type-simple"},"acf":{"autor":"AVEYARD, VICTORIA","codart":"849455170","libros-coleccion":"FORA DE COL.LECCI\u00d3","ediciones":"1","encuadernacion":"R\u00fastica","fecha_de_publicacion":"01\/08\/2016","novedad":"1","paginas":"544","subtitulo":"ARRODILLARSE O SANGRAR","orden":"0","portada":"0","idioma":"spa","editorial":[{"ID":148219,"post_author":"3","post_date":"2022-10-14 11:56:33","post_date_gmt":"2022-10-14 09:56:33","post_content":"","post_title":"GRAN TRAVESIA","post_excerpt":"","post_status":"publish","comment_status":"closed","ping_status":"closed","post_password":"","post_name":"gran-travesia","to_ping":"","pinged":"","post_modified":"2022-10-14 11:56:33","post_modified_gmt":"2022-10-14 09:56:33","post_content_filtered":"","post_parent":0,"guid":"http:\/\/dev.claret.cat\/editorial\/gran-travesia\/","menu_order":0,"post_type":"editorial","post_mime_type":"","comment_count":"0","filter":"raw"}],"autores-libros":[{"ID":171069,"post_author":"3","post_date":"2022-10-14 22:40:26","post_date_gmt":"2022-10-14 20:40:26","post_content":"","post_title":"VICTORIA AVEYARD","post_excerpt":"","post_status":"publish","comment_status":"closed","ping_status":"closed","post_password":"","post_name":"victoria-aveyard","to_ping":"","pinged":"","post_modified":"2022-10-14 22:40:26","post_modified_gmt":"2022-10-14 20:40:26","post_content_filtered":"","post_parent":0,"guid":"http:\/\/dev.claret.cat\/autor\/victoria-aveyard\/","menu_order":0,"post_type":"autor","post_mime_type":"","comment_count":"0","filter":"raw"}]},"aioseo_notices":[],"_links":{"self":[{"href":"https:\/\/www.claret.cat\/es\/wp-json\/wp\/v2\/product\/28266","targetHints":{"allow":["GET"]}}],"collection":[{"href":"https:\/\/www.claret.cat\/es\/wp-json\/wp\/v2\/product"}],"about":[{"href":"https:\/\/www.claret.cat\/es\/wp-json\/wp\/v2\/types\/product"}],"wp:featuredmedia":[{"embeddable":true,"href":"https:\/\/www.claret.cat\/es\/wp-json\/wp\/v2\/media\/64896"}],"wp:attachment":[{"href":"https:\/\/www.claret.cat\/es\/wp-json\/wp\/v2\/media?parent=28266"}],"wp:term":[{"taxonomy":"product_brand","embeddable":true,"href":"https:\/\/www.claret.cat\/es\/wp-json\/wp\/v2\/product_brand?post=28266"},{"taxonomy":"product_cat","embeddable":true,"href":"https:\/\/www.claret.cat\/es\/wp-json\/wp\/v2\/product_cat?post=28266"},{"taxonomy":"product_tag","embeddable":true,"href":"https:\/\/www.claret.cat\/es\/wp-json\/wp\/v2\/product_tag?post=28266"}],"curies":[{"name":"wp","href":"https:\/\/api.w.org\/{rel}","templated":true}]}}