{"id":283121,"date":"2022-12-10T01:12:01","date_gmt":"2022-12-10T00:12:01","guid":{"rendered":"http:\/\/dev.claret.cat\/llibre\/el-sujeto-reflexiones-para-una-antropologia-ignaciana\/"},"modified":"2026-04-01T03:10:17","modified_gmt":"2026-04-01T01:10:17","slug":"el-sujeto-reflexiones-para-una-antropologia-ignaciana-9788427143593","status":"publish","type":"product","link":"https:\/\/www.claret.cat\/es\/libro\/el-sujeto-reflexiones-para-una-antropologia-ignaciana-9788427143593\/","title":{"rendered":"EL SUJETO. REFLEXIONES PARA UNA ANTROPOLOG\u00cdA IGNACIANA"},"content":{"rendered":"<p>Describir con precisi\u00f3n un modelo antropol\u00f3gico en todos sus elementos y atendiendo a todas las implicaciones que conlleva el adoptarlo no es tarea sencilla. El paradigma antropol\u00f3gico ignaciano tiene una dificultad a\u00f1adida: se trata de un modelo impl\u00edcito que exige un acercamiento indirecto.<\/p>\n<p>En este volumen, se ofrecen reflexiones desde diversas \u00e1reas del saber que, como si se tratara de un gran tapiz impresionista con abundante riqueza de matices y texturas, cuando se ven en su conjunto se cargan de armon\u00eda y de sentido dejando noticia de un modo de ser creyente inequ\u00edvocamente ignaciano.<\/p>\n","protected":false},"excerpt":{"rendered":"<p>Describir con precisi\u00f3n un modelo antropol\u00f3gico en todos sus elementos y atendiendo a todas las implicaciones que conlleva el adoptarlo no es tarea sencilla. El paradigma antropol\u00f3gico ignaciano tiene una dificultad a\u00f1adida: se trata de un modelo impl\u00edcito que exige un acercamiento indirecto. En este volumen, se ofrecen reflexiones desde diversas \u00e1reas del saber que, [&hellip;]<\/p>\n","protected":false},"featured_media":332615,"template":"","meta":{"_acf_changed":false,"om_disable_all_campaigns":false,"rs_blank_template":"","rs_page_bg_color":"","slide_template_v7":"","inline_featured_image":false,"_monsterinsights_skip_tracking":false,"_monsterinsights_sitenote_active":false,"_monsterinsights_sitenote_note":"","_monsterinsights_sitenote_category":0},"product_brand":[],"product_cat":[342,76,92,542],"product_tag":[],"class_list":{"0":"post-283121","1":"product","2":"type-product","3":"status-publish","4":"has-post-thumbnail","6":"product_cat-teologia-1_espiritualidad","7":"product_cat-teologia","8":"product_cat-vida-religiosa","9":"product_cat-vida-religiosa-1_espiritualidad-spa","11":"first","12":"instock","13":"taxable","14":"shipping-taxable","15":"purchasable","16":"product-type-simple"},"acf":{"autor":"MEANA PE\u00d3N, RUFINO;  SJ (dir.)","codart":"842714359","libros-coleccion":"SAL TERRAE- MANRESA","ediciones":"1","encuadernacion":"R\u00fastica","fecha_de_publicacion":"05\/06\/2019","novedad":"1","paginas":"720","subtitulo":"REFLEXIONES PARA UNA ANTROPOLOG\u00cdA IGNACIANA","orden":"0","portada":"0","idioma":"spa","editorial":[{"ID":8258,"post_author":"3","post_date":"2022-09-30 09:21:32","post_date_gmt":"2022-09-30 07:21:32","post_content":"","post_title":"MENSAJERO","post_excerpt":"","post_status":"publish","comment_status":"closed","ping_status":"closed","post_password":"","post_name":"mensajero","to_ping":"","pinged":"","post_modified":"2022-09-30 09:21:32","post_modified_gmt":"2022-09-30 07:21:32","post_content_filtered":"","post_parent":0,"guid":"http:\/\/dev.claret.cat\/editorial\/mensajero\/","menu_order":0,"post_type":"editorial","post_mime_type":"","comment_count":"0","filter":"raw"}],"autores-libros":[{"ID":168669,"post_author":"3","post_date":"2022-10-14 22:20:58","post_date_gmt":"2022-10-14 20:20:58","post_content":"","post_title":"RUFINO MEANA PE\u00d3N","post_excerpt":"","post_status":"publish","comment_status":"closed","ping_status":"closed","post_password":"","post_name":"rufino-meana-peon","to_ping":"","pinged":"","post_modified":"2022-10-14 22:20:58","post_modified_gmt":"2022-10-14 20:20:58","post_content_filtered":"","post_parent":0,"guid":"http:\/\/dev.claret.cat\/autor\/rufino-meana-peon\/","menu_order":0,"post_type":"autor","post_mime_type":"","comment_count":"0","filter":"raw"},{"ID":169600,"post_author":"3","post_date":"2022-10-14 22:28:31","post_date_gmt":"2022-10-14 20:28:31","post_content":"","post_title":"SJ (dir.)","post_excerpt":"","post_status":"publish","comment_status":"closed","ping_status":"closed","post_password":"","post_name":"sj-dir","to_ping":"","pinged":"","post_modified":"2022-10-14 22:28:31","post_modified_gmt":"2022-10-14 20:28:31","post_content_filtered":"","post_parent":0,"guid":"http:\/\/dev.claret.cat\/autor\/sj-dir\/","menu_order":0,"post_type":"autor","post_mime_type":"","comment_count":"0","filter":"raw"}]},"aioseo_notices":[],"_links":{"self":[{"href":"https:\/\/www.claret.cat\/es\/wp-json\/wp\/v2\/product\/283121","targetHints":{"allow":["GET"]}}],"collection":[{"href":"https:\/\/www.claret.cat\/es\/wp-json\/wp\/v2\/product"}],"about":[{"href":"https:\/\/www.claret.cat\/es\/wp-json\/wp\/v2\/types\/product"}],"wp:featuredmedia":[{"embeddable":true,"href":"https:\/\/www.claret.cat\/es\/wp-json\/wp\/v2\/media\/332615"}],"wp:attachment":[{"href":"https:\/\/www.claret.cat\/es\/wp-json\/wp\/v2\/media?parent=283121"}],"wp:term":[{"taxonomy":"product_brand","embeddable":true,"href":"https:\/\/www.claret.cat\/es\/wp-json\/wp\/v2\/product_brand?post=283121"},{"taxonomy":"product_cat","embeddable":true,"href":"https:\/\/www.claret.cat\/es\/wp-json\/wp\/v2\/product_cat?post=283121"},{"taxonomy":"product_tag","embeddable":true,"href":"https:\/\/www.claret.cat\/es\/wp-json\/wp\/v2\/product_tag?post=283121"}],"curies":[{"name":"wp","href":"https:\/\/api.w.org\/{rel}","templated":true}]}}