{"id":283509,"date":"2022-12-10T01:31:39","date_gmt":"2022-12-10T00:31:39","guid":{"rendered":"http:\/\/dev.claret.cat\/llibre\/la-oracion-del-corazon\/"},"modified":"2026-04-07T13:21:59","modified_gmt":"2026-04-07T11:21:59","slug":"la-oracion-del-corazon-9788427704336","status":"publish","type":"product","link":"https:\/\/www.claret.cat\/es\/libro\/la-oracion-del-corazon-9788427704336\/","title":{"rendered":"LA ORACI\u00d3N DEL CORAZ\u00d3N"},"content":{"rendered":"<p>La oraci\u00f3n del coraz\u00f3n es una manera de orar muy extendida en el Oriente cristiano. Consiste en repetir en nombre de Jes\u00fas solo o acompa\u00f1ado con alguna petici\u00f3n (por ejemplo, la del ciego de nacimiento: ?Jes\u00fas, salvador, ten piedad de m\u00ed, pecador?) hasta conseguir que la respiraci\u00f3n, los latidos del coraz\u00f3n, se acoplen a ese mantra y el orante consiga ?orar constantemente?. Por eso, se llama tambi\u00e9n ?oraci\u00f3n de Jes\u00fas? y ?oraci\u00f3n ininterrumpida?. Este tipo de oraci\u00f3n hace del orante una persona nueva. Vive la presencia de lo divino en \u00e9l, pero tambi\u00e9n en los que le rodean y en la creaci\u00f3n entera, convirti\u00e9ndose en un templo viviente de Dios. Jean Lafrance, practicante de este tipo de oraci\u00f3n, nos ofrece las claves para llegar a descubrir el rostro del Resucitado a trav\u00e9s de las distintas etapas que conforman la oraci\u00f3n del coraz\u00f3n.<\/p>\n","protected":false},"excerpt":{"rendered":"<p>LAFRANCE, JEAN<\/p>\n","protected":false},"featured_media":380551,"template":"","meta":{"_acf_changed":false,"om_disable_all_campaigns":false,"rs_blank_template":"","rs_page_bg_color":"","slide_template_v7":"","inline_featured_image":false,"_monsterinsights_skip_tracking":false,"_monsterinsights_sitenote_active":false,"_monsterinsights_sitenote_note":"","_monsterinsights_sitenote_category":0},"product_brand":[],"product_cat":[90,540],"product_tag":[],"class_list":{"0":"post-283509","1":"product","2":"type-product","3":"status-publish","4":"has-post-thumbnail","6":"product_cat-altres","7":"product_cat-otros","9":"first","10":"instock","11":"taxable","12":"shipping-taxable","13":"purchasable","14":"product-type-simple"},"acf":{"autor":"LAFRANCE, JEAN","codart":"842770433","libros-coleccion":"Espiritualidad","ediciones":"1","encuadernacion":"R\u00fastica","fecha_de_publicacion":"01\/11\/1980","novedad":"0","paginas":"132","subtitulo":"","orden":"999","portada":"0","idioma":"spa","editorial":[{"ID":262341,"post_author":"3","post_date":"2022-10-24 11:23:06","post_date_gmt":"2022-10-24 09:23:06","post_content":"","post_title":"Narcea Ediciones","post_excerpt":"","post_status":"publish","comment_status":"closed","ping_status":"closed","post_password":"","post_name":"narcea-ediciones","to_ping":"","pinged":"","post_modified":"2022-10-24 11:23:06","post_modified_gmt":"2022-10-24 09:23:06","post_content_filtered":"","post_parent":0,"guid":"http:\/\/dev.claret.cat\/editorial\/narcea-ediciones\/","menu_order":0,"post_type":"editorial","post_mime_type":"","comment_count":"0","filter":"raw"}],"autores-libros":[{"ID":158853,"post_author":"3","post_date":"2022-10-14 15:40:07","post_date_gmt":"2022-10-14 13:40:07","post_content":"","post_title":"JEAN LAFRANCE","post_excerpt":"","post_status":"publish","comment_status":"closed","ping_status":"closed","post_password":"","post_name":"jean-lafrance","to_ping":"","pinged":"","post_modified":"2022-10-14 15:40:07","post_modified_gmt":"2022-10-14 13:40:07","post_content_filtered":"","post_parent":0,"guid":"http:\/\/dev.claret.cat\/autor\/jean-lafrance\/","menu_order":0,"post_type":"autor","post_mime_type":"","comment_count":"0","filter":"raw"}],"booktrailer":"","resenas":""},"aioseo_notices":[],"_links":{"self":[{"href":"https:\/\/www.claret.cat\/es\/wp-json\/wp\/v2\/product\/283509","targetHints":{"allow":["GET"]}}],"collection":[{"href":"https:\/\/www.claret.cat\/es\/wp-json\/wp\/v2\/product"}],"about":[{"href":"https:\/\/www.claret.cat\/es\/wp-json\/wp\/v2\/types\/product"}],"wp:featuredmedia":[{"embeddable":true,"href":"https:\/\/www.claret.cat\/es\/wp-json\/wp\/v2\/media\/380551"}],"wp:attachment":[{"href":"https:\/\/www.claret.cat\/es\/wp-json\/wp\/v2\/media?parent=283509"}],"wp:term":[{"taxonomy":"product_brand","embeddable":true,"href":"https:\/\/www.claret.cat\/es\/wp-json\/wp\/v2\/product_brand?post=283509"},{"taxonomy":"product_cat","embeddable":true,"href":"https:\/\/www.claret.cat\/es\/wp-json\/wp\/v2\/product_cat?post=283509"},{"taxonomy":"product_tag","embeddable":true,"href":"https:\/\/www.claret.cat\/es\/wp-json\/wp\/v2\/product_tag?post=283509"}],"curies":[{"name":"wp","href":"https:\/\/api.w.org\/{rel}","templated":true}]}}