{"id":283517,"date":"2022-12-10T01:31:59","date_gmt":"2022-12-10T00:31:59","guid":{"rendered":"http:\/\/dev.claret.cat\/llibre\/poder-de-la-oracion-el\/"},"modified":"2025-04-08T12:45:39","modified_gmt":"2025-04-08T10:45:39","slug":"el-poder-de-la-oracion-9788427705272","status":"publish","type":"product","link":"https:\/\/www.claret.cat\/es\/libro\/el-poder-de-la-oracion-9788427705272\/","title":{"rendered":"EL PODER DE LA ORACION"},"content":{"rendered":"<p>Las p\u00e1ginas de este libro se podr\u00edan resumir en una sola frase: creed en el poder de la oraci\u00f3n. Parece superfluo que, teniendo la promesa de Jes\u00fas en el Evangelio: &#8216;Lo que pid\u00e1is al Padre en mi nombre, os lo conceder\u00e1&#8217;, haya que recurrir a largas explicaciones para convencernos del poder de la oraci\u00f3n. Sin embargo, quiz\u00e1s nos convendr\u00eda pensar con Jean Lafrance, que orar es confesar que Dios no est\u00e1 obligado a concedernos lo que le pidamos, aunque El desea conced\u00e9rnoslo todo. El poder de la oraci\u00f3n se nos presenta como un itinerario orante que va desde la oraci\u00f3n de s\u00faplica hasta la liberaci\u00f3n del Esp\u00edritu que, prisionero en nuestro interior, desea que se transparente en nosotros la gloria del Resucitado.<\/p>\n","protected":false},"excerpt":{"rendered":"<p>LAFRANCE, JEAN<\/p>\n","protected":false},"featured_media":332992,"template":"","meta":{"_acf_changed":false,"om_disable_all_campaigns":false,"rs_blank_template":"","rs_page_bg_color":"","slide_template_v7":"","inline_featured_image":false,"_monsterinsights_skip_tracking":false,"_monsterinsights_sitenote_active":false,"_monsterinsights_sitenote_note":"","_monsterinsights_sitenote_category":0},"product_brand":[],"product_cat":[396,247],"product_tag":[],"class_list":{"0":"post-283517","1":"product","2":"type-product","3":"status-publish","4":"has-post-thumbnail","6":"product_cat-oracion","7":"product_cat-pregaria","9":"first","10":"instock","11":"taxable","12":"shipping-taxable","13":"purchasable","14":"product-type-simple"},"acf":{"autor":"LAFRANCE, JEAN","codart":"842770527","libros-coleccion":"FORA DE COL.LECCI\u00d3","ediciones":"2","encuadernacion":"[Vac\u00edo]","fecha_de_publicacion":"01\/03\/1984","novedad":"0","paginas":"200","subtitulo":"","orden":"999","portada":"0","idioma":"spa","editorial":[{"ID":8261,"post_author":"3","post_date":"2022-09-30 09:21:34","post_date_gmt":"2022-09-30 07:21:34","post_content":"","post_title":"Narcea","post_excerpt":"","post_status":"publish","comment_status":"closed","ping_status":"closed","post_password":"","post_name":"narcea","to_ping":"","pinged":"","post_modified":"2022-09-30 09:21:34","post_modified_gmt":"2022-09-30 07:21:34","post_content_filtered":"","post_parent":0,"guid":"http:\/\/dev.claret.cat\/editorial\/narcea\/","menu_order":0,"post_type":"editorial","post_mime_type":"","comment_count":"0","filter":"raw"}],"autores-libros":[{"ID":158853,"post_author":"3","post_date":"2022-10-14 15:40:07","post_date_gmt":"2022-10-14 13:40:07","post_content":"","post_title":"JEAN LAFRANCE","post_excerpt":"","post_status":"publish","comment_status":"closed","ping_status":"closed","post_password":"","post_name":"jean-lafrance","to_ping":"","pinged":"","post_modified":"2022-10-14 15:40:07","post_modified_gmt":"2022-10-14 13:40:07","post_content_filtered":"","post_parent":0,"guid":"http:\/\/dev.claret.cat\/autor\/jean-lafrance\/","menu_order":0,"post_type":"autor","post_mime_type":"","comment_count":"0","filter":"raw"}]},"aioseo_notices":[],"_links":{"self":[{"href":"https:\/\/www.claret.cat\/es\/wp-json\/wp\/v2\/product\/283517","targetHints":{"allow":["GET"]}}],"collection":[{"href":"https:\/\/www.claret.cat\/es\/wp-json\/wp\/v2\/product"}],"about":[{"href":"https:\/\/www.claret.cat\/es\/wp-json\/wp\/v2\/types\/product"}],"wp:featuredmedia":[{"embeddable":true,"href":"https:\/\/www.claret.cat\/es\/wp-json\/wp\/v2\/media\/332992"}],"wp:attachment":[{"href":"https:\/\/www.claret.cat\/es\/wp-json\/wp\/v2\/media?parent=283517"}],"wp:term":[{"taxonomy":"product_brand","embeddable":true,"href":"https:\/\/www.claret.cat\/es\/wp-json\/wp\/v2\/product_brand?post=283517"},{"taxonomy":"product_cat","embeddable":true,"href":"https:\/\/www.claret.cat\/es\/wp-json\/wp\/v2\/product_cat?post=283517"},{"taxonomy":"product_tag","embeddable":true,"href":"https:\/\/www.claret.cat\/es\/wp-json\/wp\/v2\/product_tag?post=283517"}],"curies":[{"name":"wp","href":"https:\/\/api.w.org\/{rel}","templated":true}]}}