{"id":283581,"date":"2022-12-10T01:34:35","date_gmt":"2022-12-10T00:34:35","guid":{"rendered":"http:\/\/dev.claret.cat\/llibre\/evangelizar-lo-profundo-del-corazon-aceptar-los-limites-y-curar-las-heridas\/"},"modified":"2025-10-23T13:50:35","modified_gmt":"2025-10-23T11:50:35","slug":"evangelizar-lo-profundo-del-corazon-aceptar-los-limites-y-curar-las-heridas-9788427713420","status":"publish","type":"product","link":"https:\/\/www.claret.cat\/es\/libro\/evangelizar-lo-profundo-del-corazon-aceptar-los-limites-y-curar-las-heridas-9788427713420\/","title":{"rendered":"EVANGELIZAR LO PROFUNDO DEL CORAZ\u00d3N. ACEPTAR LOS L\u00cdMITES Y CURAR LAS HERIDAS"},"content":{"rendered":"<p>Muchas personas no saben c\u00f3mo compaginar su realidad psicol\u00f3gica con su vida espiritual produci\u00e9ndose situaciones de confusi\u00f3n ante acontecimientos y vivencias fuertes como el sufrimiento o el odio. &#8216;Evangelizar lo profundo del coraz\u00f3n&#8217; nos invita a buscar en la Palabra de Dios el camino de nuestra propia unidad, experimentando c\u00f3mo la gracia de Dios puede vivificar todas las zonas de nuestro ser, incluso las que han sido heridas en el pasado. Uniendo el plano espiritual con el psicol\u00f3gico, este libro nos ayuda a situarnos en el amor y la verdad de Dios, ayud\u00e1ndonos a identificar los caminos de muerte tomados en el pasado para poderlos abandonar y escoger el seguimiento de Cristo, camino hacia la verdadera vida.<\/p>\n","protected":false},"excerpt":{"rendered":"<p>PACOT, SIMONE<\/p>\n","protected":false},"featured_media":333030,"template":"","meta":{"_acf_changed":false,"om_disable_all_campaigns":false,"rs_blank_template":"","rs_page_bg_color":"","slide_template_v7":"","inline_featured_image":false,"_monsterinsights_skip_tracking":false,"_monsterinsights_sitenote_active":false,"_monsterinsights_sitenote_note":"","_monsterinsights_sitenote_category":0},"product_brand":[],"product_cat":[345,79],"product_tag":[],"class_list":{"0":"post-283581","1":"product","2":"type-product","3":"status-publish","4":"has-post-thumbnail","6":"product_cat-espiritualidad","7":"product_cat-espiritualitat","9":"first","10":"instock","11":"taxable","12":"shipping-taxable","13":"purchasable","14":"product-type-simple"},"acf":{"autor":"PACOT, SIMONE","codart":"842771342","libros-coleccion":"Espiritualidad","ediciones":"1","encuadernacion":"R\u00fastica","fecha_de_publicacion":"01\/09\/2001","novedad":"0","paginas":"212","subtitulo":"ACEPTAR LOS L\u00cdMITES Y CURAR LAS HERIDAS","orden":"999","portada":"0","idioma":"spa","editorial":[{"ID":6312,"post_author":"3","post_date":"2022-07-28 17:49:29","post_date_gmt":"2022-07-28 15:49:29","post_content":"","post_title":"NARCEA DE EDICIONES","post_excerpt":"","post_status":"publish","comment_status":"closed","ping_status":"closed","post_password":"","post_name":"narcea-de-ediciones","to_ping":"","pinged":"","post_modified":"2022-07-28 17:49:29","post_modified_gmt":"2022-07-28 15:49:29","post_content_filtered":"","post_parent":0,"guid":"http:\/\/dev.claret.cat\/editorial\/narcea-de-ediciones\/","menu_order":0,"post_type":"editorial","post_mime_type":"","comment_count":"0","filter":"raw"}],"autores-libros":[{"ID":283580,"post_author":"3","post_date":"2022-12-10 01:34:33","post_date_gmt":"2022-12-10 00:34:33","post_content":"","post_title":"SIMONE PACOT","post_excerpt":"","post_status":"publish","comment_status":"closed","ping_status":"closed","post_password":"","post_name":"simone-pacot","to_ping":"","pinged":"","post_modified":"2022-12-10 01:34:33","post_modified_gmt":"2022-12-10 00:34:33","post_content_filtered":"","post_parent":0,"guid":"http:\/\/dev.claret.cat\/autor\/simone-pacot\/","menu_order":0,"post_type":"autor","post_mime_type":"","comment_count":"0","filter":"raw"}],"booktrailer":"","resenas":""},"aioseo_notices":[],"_links":{"self":[{"href":"https:\/\/www.claret.cat\/es\/wp-json\/wp\/v2\/product\/283581","targetHints":{"allow":["GET"]}}],"collection":[{"href":"https:\/\/www.claret.cat\/es\/wp-json\/wp\/v2\/product"}],"about":[{"href":"https:\/\/www.claret.cat\/es\/wp-json\/wp\/v2\/types\/product"}],"wp:featuredmedia":[{"embeddable":true,"href":"https:\/\/www.claret.cat\/es\/wp-json\/wp\/v2\/media\/333030"}],"wp:attachment":[{"href":"https:\/\/www.claret.cat\/es\/wp-json\/wp\/v2\/media?parent=283581"}],"wp:term":[{"taxonomy":"product_brand","embeddable":true,"href":"https:\/\/www.claret.cat\/es\/wp-json\/wp\/v2\/product_brand?post=283581"},{"taxonomy":"product_cat","embeddable":true,"href":"https:\/\/www.claret.cat\/es\/wp-json\/wp\/v2\/product_cat?post=283581"},{"taxonomy":"product_tag","embeddable":true,"href":"https:\/\/www.claret.cat\/es\/wp-json\/wp\/v2\/product_tag?post=283581"}],"curies":[{"name":"wp","href":"https:\/\/api.w.org\/{rel}","templated":true}]}}