{"id":283608,"date":"2022-12-10T01:35:44","date_gmt":"2022-12-10T00:35:44","guid":{"rendered":"http:\/\/dev.claret.cat\/llibre\/nuestro-dios-cercano\/"},"modified":"2024-05-02T11:54:57","modified_gmt":"2024-05-02T09:54:57","slug":"nuestro-dios-cercano-9788427714847","status":"publish","type":"product","link":"https:\/\/www.claret.cat\/es\/libro\/nuestro-dios-cercano-9788427714847\/","title":{"rendered":"NUESTRO DIOS CERCANO"},"content":{"rendered":"<p>Para conocer c\u00f3mo se hace realidad la Redenci\u00f3n en cada uno de nosotros y qu\u00e9 experiencias tenemos de ella, el autor analiza el concepto de Redenci\u00f3n en consonancia con la tradici\u00f3n de la Iglesia, con la mentalidad moderna y en di\u00e1logo con las diversas escuelas de psicolog\u00eda. Para ello recorre brevemente el contenido de cada libro de la Biblia, no tanto de forma erudita, sino de manera que llegue al coraz\u00f3n para descubrir all\u00ed la respuesta a nuestras preguntas fundamentales y el camino para una existencia feliz.<\/p>\n","protected":false},"excerpt":{"rendered":"<p>GR\u00dcN, ANSELM<\/p>\n","protected":false},"featured_media":333047,"template":"","meta":{"_acf_changed":false,"om_disable_all_campaigns":false,"rs_blank_template":"","rs_page_bg_color":"","slide_template_v7":"","inline_featured_image":false,"_monsterinsights_skip_tracking":false,"_monsterinsights_sitenote_active":false,"_monsterinsights_sitenote_note":"","_monsterinsights_sitenote_category":0},"product_brand":[],"product_cat":[90,540],"product_tag":[],"class_list":{"0":"post-283608","1":"product","2":"type-product","3":"status-publish","4":"has-post-thumbnail","6":"product_cat-altres","7":"product_cat-otros","9":"first","10":"instock","11":"taxable","12":"shipping-taxable","13":"purchasable","14":"product-type-simple"},"acf":{"autor":"GR\u00dcN, ANSELM","codart":"842771484","libros-coleccion":"","ediciones":"1","encuadernacion":"R\u00fastica","fecha_de_publicacion":"01\/02\/2005","novedad":"0","paginas":"108","subtitulo":"IMAGENES BIBLICAS DE LA REDENCION","orden":"999","portada":"0","idioma":"spa","editorial":[{"ID":8261,"post_author":"3","post_date":"2022-09-30 09:21:34","post_date_gmt":"2022-09-30 07:21:34","post_content":"","post_title":"Narcea","post_excerpt":"","post_status":"publish","comment_status":"closed","ping_status":"closed","post_password":"","post_name":"narcea","to_ping":"","pinged":"","post_modified":"2022-09-30 09:21:34","post_modified_gmt":"2022-09-30 07:21:34","post_content_filtered":"","post_parent":0,"guid":"http:\/\/dev.claret.cat\/editorial\/narcea\/","menu_order":0,"post_type":"editorial","post_mime_type":"","comment_count":"0","filter":"raw"}],"autores-libros":[{"ID":157153,"post_author":"3","post_date":"2022-10-14 15:26:32","post_date_gmt":"2022-10-14 13:26:32","post_content":"","post_title":"GR\u00dcN, ANSELM","post_excerpt":"","post_status":"publish","comment_status":"closed","ping_status":"closed","post_password":"","post_name":"grun-anselm-2","to_ping":"","pinged":"","post_modified":"2022-10-14 15:26:32","post_modified_gmt":"2022-10-14 13:26:32","post_content_filtered":"","post_parent":0,"guid":"http:\/\/dev.claret.cat\/autor\/grun-anselm-2\/","menu_order":0,"post_type":"autor","post_mime_type":"","comment_count":"0","filter":"raw"}]},"aioseo_notices":[],"_links":{"self":[{"href":"https:\/\/www.claret.cat\/es\/wp-json\/wp\/v2\/product\/283608","targetHints":{"allow":["GET"]}}],"collection":[{"href":"https:\/\/www.claret.cat\/es\/wp-json\/wp\/v2\/product"}],"about":[{"href":"https:\/\/www.claret.cat\/es\/wp-json\/wp\/v2\/types\/product"}],"wp:featuredmedia":[{"embeddable":true,"href":"https:\/\/www.claret.cat\/es\/wp-json\/wp\/v2\/media\/333047"}],"wp:attachment":[{"href":"https:\/\/www.claret.cat\/es\/wp-json\/wp\/v2\/media?parent=283608"}],"wp:term":[{"taxonomy":"product_brand","embeddable":true,"href":"https:\/\/www.claret.cat\/es\/wp-json\/wp\/v2\/product_brand?post=283608"},{"taxonomy":"product_cat","embeddable":true,"href":"https:\/\/www.claret.cat\/es\/wp-json\/wp\/v2\/product_cat?post=283608"},{"taxonomy":"product_tag","embeddable":true,"href":"https:\/\/www.claret.cat\/es\/wp-json\/wp\/v2\/product_tag?post=283608"}],"curies":[{"name":"wp","href":"https:\/\/api.w.org\/{rel}","templated":true}]}}