{"id":283659,"date":"2022-12-10T01:37:46","date_gmt":"2022-12-10T00:37:46","guid":{"rendered":"http:\/\/dev.claret.cat\/llibre\/dios-habla-en-la-soledad\/"},"modified":"2024-05-02T11:52:40","modified_gmt":"2024-05-02T09:52:40","slug":"dios-habla-en-la-soledad-9788427717312","status":"publish","type":"product","link":"https:\/\/www.claret.cat\/es\/libro\/dios-habla-en-la-soledad-9788427717312\/","title":{"rendered":"DIOS HABLA EN LA SOLEDAD"},"content":{"rendered":"<p>El di\u00e1logo es una forma pedag\u00f3gica muy utilizada en los primeros tiempos del cristianismo. Mediante preguntas y respuestas, el disc\u00edpulo iba entrando en la sabidur\u00eda del maestro espiritual. Recogiendo esta forma tan querida de los primeros Padres del desierto, el Hermano Mario de Cristo Salvador nos presenta el camino espiritual de un joven novicio, en el que estamos representados cada uno de nosotros, que pregunta y muestra sus dudas al maestro espiritual con el deseo de empezar, adentrarse y subir en el camino de la vida contemplativa. Sus conversaciones tratan los variados temas que les asaltan a los que empiezan en el camino espiritual: c\u00f3mo empezar a orar, c\u00f3mo vencer las distracciones, qu\u00e9 papel tiene la ascesis en la vida espiritual, qu\u00e9 hacer con las dudas sobre la propia vocaci\u00f3n y sobre la fe, etc. Todo un variado conjunto de explicaciones que llevan la paz al principiante y animan al que ya ha pasado las primeras estancias del castillo interior, en expresi\u00f3n de Santa Teresa. Este libro puede ser una ayuda muy eficaz y un acicate para todos los que no se atreven a comenzar el camino de la oraci\u00f3n o, una vez empezado, dudan si seguir por \u00e9l, ante las dificultades que se presentan.<\/p>\n","protected":false},"excerpt":{"rendered":"<p>DE CRISTO SALVADOR, MARIO<\/p>\n","protected":false},"featured_media":333076,"template":"","meta":{"_acf_changed":false,"om_disable_all_campaigns":false,"rs_blank_template":"","rs_page_bg_color":"","slide_template_v7":"","inline_featured_image":false,"_monsterinsights_skip_tracking":false,"_monsterinsights_sitenote_active":false,"_monsterinsights_sitenote_note":"","_monsterinsights_sitenote_category":0},"product_brand":[],"product_cat":[90,540],"product_tag":[],"class_list":{"0":"post-283659","1":"product","2":"type-product","3":"status-publish","4":"has-post-thumbnail","6":"product_cat-altres","7":"product_cat-otros","9":"first","10":"instock","11":"taxable","12":"shipping-taxable","13":"purchasable","14":"product-type-simple"},"acf":{"autor":"DE CRISTO SALVADOR, MARIO","codart":"842771731","libros-coleccion":"","ediciones":"1","encuadernacion":"R\u00fastica","fecha_de_publicacion":"16\/12\/2010","novedad":"0","paginas":"138","subtitulo":"DI\u00c1LOGOS SOBRE LA VIDA ESPIRITUAL","orden":"999","portada":"0","idioma":"spa","editorial":[{"ID":8261,"post_author":"3","post_date":"2022-09-30 09:21:34","post_date_gmt":"2022-09-30 07:21:34","post_content":"","post_title":"Narcea","post_excerpt":"","post_status":"publish","comment_status":"closed","ping_status":"closed","post_password":"","post_name":"narcea","to_ping":"","pinged":"","post_modified":"2022-09-30 09:21:34","post_modified_gmt":"2022-09-30 07:21:34","post_content_filtered":"","post_parent":0,"guid":"http:\/\/dev.claret.cat\/editorial\/narcea\/","menu_order":0,"post_type":"editorial","post_mime_type":"","comment_count":"0","filter":"raw"}],"autores-libros":[{"ID":283658,"post_author":"3","post_date":"2022-12-10 01:37:44","post_date_gmt":"2022-12-10 00:37:44","post_content":"","post_title":"MARIO DE CRISTO SALVADOR","post_excerpt":"","post_status":"publish","comment_status":"closed","ping_status":"closed","post_password":"","post_name":"mario-de-cristo-salvador","to_ping":"","pinged":"","post_modified":"2022-12-10 01:37:44","post_modified_gmt":"2022-12-10 00:37:44","post_content_filtered":"","post_parent":0,"guid":"http:\/\/dev.claret.cat\/autor\/mario-de-cristo-salvador\/","menu_order":0,"post_type":"autor","post_mime_type":"","comment_count":"0","filter":"raw"}]},"aioseo_notices":[],"_links":{"self":[{"href":"https:\/\/www.claret.cat\/es\/wp-json\/wp\/v2\/product\/283659","targetHints":{"allow":["GET"]}}],"collection":[{"href":"https:\/\/www.claret.cat\/es\/wp-json\/wp\/v2\/product"}],"about":[{"href":"https:\/\/www.claret.cat\/es\/wp-json\/wp\/v2\/types\/product"}],"wp:featuredmedia":[{"embeddable":true,"href":"https:\/\/www.claret.cat\/es\/wp-json\/wp\/v2\/media\/333076"}],"wp:attachment":[{"href":"https:\/\/www.claret.cat\/es\/wp-json\/wp\/v2\/media?parent=283659"}],"wp:term":[{"taxonomy":"product_brand","embeddable":true,"href":"https:\/\/www.claret.cat\/es\/wp-json\/wp\/v2\/product_brand?post=283659"},{"taxonomy":"product_cat","embeddable":true,"href":"https:\/\/www.claret.cat\/es\/wp-json\/wp\/v2\/product_cat?post=283659"},{"taxonomy":"product_tag","embeddable":true,"href":"https:\/\/www.claret.cat\/es\/wp-json\/wp\/v2\/product_tag?post=283659"}],"curies":[{"name":"wp","href":"https:\/\/api.w.org\/{rel}","templated":true}]}}