{"id":283795,"date":"2022-12-10T01:44:14","date_gmt":"2022-12-10T00:44:14","guid":{"rendered":"http:\/\/dev.claret.cat\/llibre\/acompanamiento-espiritual-el\/"},"modified":"2026-01-27T18:15:18","modified_gmt":"2026-01-27T17:15:18","slug":"acompanamiento-espiritual-el-9788428515771","status":"publish","type":"product","link":"https:\/\/www.claret.cat\/es\/libro\/acompanamiento-espiritual-el-9788428515771\/","title":{"rendered":"ACOMPA\u00d1AMIENTO ESPIRITUAL, EL"},"content":{"rendered":"<p>La relaci\u00f3n personalizadora se hace cada vez m\u00e1s urgente en nuestro mundo masificado y estandarizado. El mayor problema de la juventud est\u00e1, en que, como colectivo, se encuentra abandonada a s\u00ed misma, sin di\u00e1logo en profundidad con el mundo adulto, por falta de maestros que den razones para vivir y motivos para esperar<\/p>\n","protected":false},"excerpt":{"rendered":"<p>SASTRE GARCIA, JESUS<\/p>\n","protected":false},"featured_media":333162,"template":"","meta":{"_acf_changed":false,"om_disable_all_campaigns":false,"rs_blank_template":"","rs_page_bg_color":"","slide_template_v7":"","inline_featured_image":false,"_monsterinsights_skip_tracking":false,"_monsterinsights_sitenote_active":false,"_monsterinsights_sitenote_note":"","_monsterinsights_sitenote_category":0},"product_brand":[],"product_cat":[90,540],"product_tag":[],"class_list":{"0":"post-283795","1":"product","2":"type-product","3":"status-publish","4":"has-post-thumbnail","6":"product_cat-altres","7":"product_cat-otros","9":"first","10":"instock","11":"taxable","12":"shipping-taxable","13":"purchasable","14":"product-type-simple"},"acf":{"autor":"SASTRE GARCIA, JESUS","codart":"842851577","libros-coleccion":"FORA DE COL.LECCI\u00d3","ediciones":"1","encuadernacion":"[Vac\u00edo]","fecha_de_publicacion":"01\/09\/1993","novedad":"0","paginas":"224","subtitulo":"","orden":"999","portada":"0","idioma":"spa","editorial":[{"ID":6356,"post_author":"3","post_date":"2022-07-28 17:50:26","post_date_gmt":"2022-07-28 15:50:26","post_content":"","post_title":"SAN PABLO COMUNICACI\u00d3N","post_excerpt":"","post_status":"publish","comment_status":"closed","ping_status":"closed","post_password":"","post_name":"san-pablo-comunicacion","to_ping":"","pinged":"","post_modified":"2022-07-28 17:50:26","post_modified_gmt":"2022-07-28 15:50:26","post_content_filtered":"","post_parent":0,"guid":"http:\/\/dev.claret.cat\/editorial\/san-pablo-comunicacion\/","menu_order":0,"post_type":"editorial","post_mime_type":"","comment_count":"0","filter":"raw"}],"autores-libros":[{"ID":283794,"post_author":"3","post_date":"2022-12-10 01:44:12","post_date_gmt":"2022-12-10 00:44:12","post_content":"","post_title":"JESUS SASTRE GARCIA","post_excerpt":"","post_status":"publish","comment_status":"closed","ping_status":"closed","post_password":"","post_name":"jesus-sastre-garcia-2","to_ping":"","pinged":"","post_modified":"2022-12-10 01:44:12","post_modified_gmt":"2022-12-10 00:44:12","post_content_filtered":"","post_parent":0,"guid":"http:\/\/dev.claret.cat\/autor\/jesus-sastre-garcia-2\/","menu_order":0,"post_type":"autor","post_mime_type":"","comment_count":"0","filter":"raw"}],"booktrailer":"","resenas":""},"aioseo_notices":[],"_links":{"self":[{"href":"https:\/\/www.claret.cat\/es\/wp-json\/wp\/v2\/product\/283795","targetHints":{"allow":["GET"]}}],"collection":[{"href":"https:\/\/www.claret.cat\/es\/wp-json\/wp\/v2\/product"}],"about":[{"href":"https:\/\/www.claret.cat\/es\/wp-json\/wp\/v2\/types\/product"}],"wp:featuredmedia":[{"embeddable":true,"href":"https:\/\/www.claret.cat\/es\/wp-json\/wp\/v2\/media\/333162"}],"wp:attachment":[{"href":"https:\/\/www.claret.cat\/es\/wp-json\/wp\/v2\/media?parent=283795"}],"wp:term":[{"taxonomy":"product_brand","embeddable":true,"href":"https:\/\/www.claret.cat\/es\/wp-json\/wp\/v2\/product_brand?post=283795"},{"taxonomy":"product_cat","embeddable":true,"href":"https:\/\/www.claret.cat\/es\/wp-json\/wp\/v2\/product_cat?post=283795"},{"taxonomy":"product_tag","embeddable":true,"href":"https:\/\/www.claret.cat\/es\/wp-json\/wp\/v2\/product_tag?post=283795"}],"curies":[{"name":"wp","href":"https:\/\/api.w.org\/{rel}","templated":true}]}}