{"id":284104,"date":"2022-12-10T02:02:14","date_gmt":"2022-12-10T01:02:14","guid":{"rendered":"http:\/\/dev.claret.cat\/llibre\/el-avemaria\/"},"modified":"2024-05-02T11:25:00","modified_gmt":"2024-05-02T09:25:00","slug":"el-avemaria-9788428528788","status":"publish","type":"product","link":"https:\/\/www.claret.cat\/es\/libro\/el-avemaria-9788428528788\/","title":{"rendered":"EL AVEMAR\u00cdA"},"content":{"rendered":"<p>\u00bfC\u00f3mo rezar\u00eda Mar\u00eda con su hijo Jes\u00fas, todav\u00eda ni\u00f1o, y le explicar\u00eda el sentido del Avemar\u00eda?<br \/>Este peque\u00f1o libro, lleno de dulzura y sensibilidad, recupera cada una de las preciosas frases del Avemar\u00eda y ofrece a los ni\u00f1os la posibilidad de dirigirse a Mar\u00eda como lo har\u00edan con su mam\u00e1, una hermana o una amiga.<\/p>\n","protected":false},"excerpt":{"rendered":"<p>BUS, SABRINA; DENEUX, XAV<\/p>\n","protected":false},"featured_media":333708,"template":"","meta":{"_acf_changed":false,"om_disable_all_campaigns":false,"rs_blank_template":"","rs_page_bg_color":"","slide_template_v7":"","inline_featured_image":false,"_monsterinsights_skip_tracking":false,"_monsterinsights_sitenote_active":false,"_monsterinsights_sitenote_note":"","_monsterinsights_sitenote_category":0},"product_brand":[],"product_cat":[481,223,267,405,478,219],"product_tag":[],"class_list":{"0":"post-284104","1":"product","2":"type-product","3":"status-publish","4":"has-post-thumbnail","6":"product_cat-biblias-infantiles","7":"product_cat-biblies-infantils","8":"product_cat-infantil-pastoral","9":"product_cat-infantil-pastoral-1_espiritualidad","10":"product_cat-infantil-catequesis-1_espiritualidad","11":"product_cat-infantil-catequesi","13":"first","14":"instock","15":"taxable","16":"shipping-taxable","17":"purchasable","18":"product-type-simple"},"acf":{"autor":"BUS, SABRINA; DENEUX, XAV","codart":"842852878","libros-coleccion":"Mis primeros libros","ediciones":"1","encuadernacion":"Carton\u00e9","fecha_de_publicacion":"14\/09\/2006","novedad":"0","paginas":"12","subtitulo":"","orden":"999","portada":"0","idioma":"spa","editorial":[{"ID":6356,"post_author":"3","post_date":"2022-07-28 17:50:26","post_date_gmt":"2022-07-28 15:50:26","post_content":"","post_title":"SAN PABLO COMUNICACI\u00d3N","post_excerpt":"","post_status":"publish","comment_status":"closed","ping_status":"closed","post_password":"","post_name":"san-pablo-comunicacion","to_ping":"","pinged":"","post_modified":"2022-07-28 17:50:26","post_modified_gmt":"2022-07-28 15:50:26","post_content_filtered":"","post_parent":0,"guid":"http:\/\/dev.claret.cat\/editorial\/san-pablo-comunicacion\/","menu_order":0,"post_type":"editorial","post_mime_type":"","comment_count":"0","filter":"raw"}],"autores-libros":[{"ID":8454,"post_author":"3","post_date":"2022-09-30 09:48:42","post_date_gmt":"2022-09-30 07:48:42","post_content":"","post_title":"XAVIER (il) DENEUX","post_excerpt":"","post_status":"publish","comment_status":"closed","ping_status":"closed","post_password":"","post_name":"xavier-il-deneux","to_ping":"","pinged":"","post_modified":"2022-09-30 09:48:42","post_modified_gmt":"2022-09-30 07:48:42","post_content_filtered":"","post_parent":0,"guid":"http:\/\/dev.claret.cat\/autor\/xavier-il-deneux\/","menu_order":0,"post_type":"autor","post_mime_type":"","comment_count":"0","filter":"raw"},{"ID":8435,"post_author":"3","post_date":"2022-09-30 09:48:33","post_date_gmt":"2022-09-30 07:48:33","post_content":"","post_title":"SABRINA BUS","post_excerpt":"","post_status":"publish","comment_status":"closed","ping_status":"closed","post_password":"","post_name":"sabrina-bus","to_ping":"","pinged":"","post_modified":"2022-09-30 09:48:33","post_modified_gmt":"2022-09-30 07:48:33","post_content_filtered":"","post_parent":0,"guid":"http:\/\/dev.claret.cat\/autor\/sabrina-bus\/","menu_order":0,"post_type":"autor","post_mime_type":"","comment_count":"0","filter":"raw"}]},"aioseo_notices":[],"_links":{"self":[{"href":"https:\/\/www.claret.cat\/es\/wp-json\/wp\/v2\/product\/284104","targetHints":{"allow":["GET"]}}],"collection":[{"href":"https:\/\/www.claret.cat\/es\/wp-json\/wp\/v2\/product"}],"about":[{"href":"https:\/\/www.claret.cat\/es\/wp-json\/wp\/v2\/types\/product"}],"wp:featuredmedia":[{"embeddable":true,"href":"https:\/\/www.claret.cat\/es\/wp-json\/wp\/v2\/media\/333708"}],"wp:attachment":[{"href":"https:\/\/www.claret.cat\/es\/wp-json\/wp\/v2\/media?parent=284104"}],"wp:term":[{"taxonomy":"product_brand","embeddable":true,"href":"https:\/\/www.claret.cat\/es\/wp-json\/wp\/v2\/product_brand?post=284104"},{"taxonomy":"product_cat","embeddable":true,"href":"https:\/\/www.claret.cat\/es\/wp-json\/wp\/v2\/product_cat?post=284104"},{"taxonomy":"product_tag","embeddable":true,"href":"https:\/\/www.claret.cat\/es\/wp-json\/wp\/v2\/product_tag?post=284104"}],"curies":[{"name":"wp","href":"https:\/\/api.w.org\/{rel}","templated":true}]}}