{"id":284147,"date":"2022-12-10T02:04:11","date_gmt":"2022-12-10T01:04:11","guid":{"rendered":"http:\/\/dev.claret.cat\/llibre\/ninos-y-ninas\/"},"modified":"2023-01-28T11:24:22","modified_gmt":"2023-01-28T10:24:22","slug":"ninos-y-ninas-842852940x","status":"publish","type":"product","link":"https:\/\/www.claret.cat\/es\/libro\/ninos-y-ninas-842852940x\/","title":{"rendered":"NI\u00d1OS Y NI\u00d1AS"},"content":{"rendered":"<p>Esta peque\u00f1a gu\u00eda aborda tres temas:<br \/>\u00bfEn qu\u00e9 se diferencian las ni\u00f1as y los ni\u00f1os?: Diferencias f\u00edsicas y psicol\u00f3gicas. \u00bfC\u00f3mo son y qu\u00e9 hacen las ni\u00f1as? \u00bfC\u00f3mo son y qu\u00e9 hacen los ni\u00f1os?<br \/>\u00bfQu\u00e9 papel tiene cada uno?: El papel de las ni\u00f1as, el papel de los ni\u00f1os. Todos juntos en el colegio. La mujer en el trabajo. El papel de los padres y de las madres.<br \/>\u00bfHacia la igualdad?: El lenguaje. La evoluci\u00f3n de las leyes sobre la familia. Derecho de voto y derecho a la pol\u00edtica. El lugar de las mujeres en el mundo.<br \/>Cada tema incluye un relato de la vida cotidiana, un documento sobre el tema abordado y un juego-test para el ni\u00f1o.<\/p>\n","protected":false},"excerpt":{"rendered":"<p>SAN PABLO<\/p>\n","protected":false},"featured_media":284148,"template":"","meta":{"_acf_changed":false,"om_disable_all_campaigns":false,"rs_blank_template":"","rs_page_bg_color":"","slide_template_v7":"","inline_featured_image":false,"_monsterinsights_skip_tracking":false,"_monsterinsights_sitenote_active":false,"_monsterinsights_sitenote_note":"","_monsterinsights_sitenote_category":0},"product_brand":[],"product_cat":[181,191,143,187,163],"product_tag":[],"class_list":{"0":"post-284147","1":"product","2":"type-product","3":"status-publish","4":"has-post-thumbnail","6":"product_cat-de-la-personalitat-i-del-desenvolupament","7":"product_cat-educacio-en-valors-pedagogia-2_humanitats","8":"product_cat-educacio-en-valors","9":"product_cat-organitzacio-i-gestio","10":"product_cat-valors-i-convivencia","12":"first","13":"instock","14":"taxable","15":"shipping-taxable","16":"purchasable","17":"product-type-simple"},"acf":{"autor":"SAN PABLO","codart":"842852940","libros-coleccion":"Vivir juntos","ediciones":"1","encuadernacion":"Carton\u00e9","fecha_de_publicacion":"27\/09\/2006","novedad":"0","paginas":"56","subtitulo":"GU\u00cdA PARA SER UN BUEN CIUDADANO","orden":"999","portada":"0","idioma":"spa","editorial":[{"ID":6356,"post_author":"3","post_date":"2022-07-28 17:50:26","post_date_gmt":"2022-07-28 15:50:26","post_content":"","post_title":"SAN PABLO COMUNICACI\u00d3N","post_excerpt":"","post_status":"publish","comment_status":"closed","ping_status":"closed","post_password":"","post_name":"san-pablo-comunicacion","to_ping":"","pinged":"","post_modified":"2022-07-28 17:50:26","post_modified_gmt":"2022-07-28 15:50:26","post_content_filtered":"","post_parent":0,"guid":"http:\/\/dev.claret.cat\/editorial\/san-pablo-comunicacion\/","menu_order":0,"post_type":"editorial","post_mime_type":"","comment_count":"0","filter":"raw"}],"autores-libros":[{"ID":284145,"post_author":"3","post_date":"2022-12-10 02:04:09","post_date_gmt":"2022-12-10 01:04:09","post_content":"","post_title":"ET ALTRI","post_excerpt":"","post_status":"publish","comment_status":"closed","ping_status":"closed","post_password":"","post_name":"et-altri","to_ping":"","pinged":"","post_modified":"2022-12-10 02:04:09","post_modified_gmt":"2022-12-10 01:04:09","post_content_filtered":"","post_parent":0,"guid":"http:\/\/dev.claret.cat\/autor\/et-altri\/","menu_order":0,"post_type":"autor","post_mime_type":"","comment_count":"0","filter":"raw"},{"ID":284146,"post_author":"3","post_date":"2022-12-10 02:04:10","post_date_gmt":"2022-12-10 01:04:10","post_content":"","post_title":"GWENA\u00cbLLE BOULET","post_excerpt":"","post_status":"publish","comment_status":"closed","ping_status":"closed","post_password":"","post_name":"gwenaelle-boulet","to_ping":"","pinged":"","post_modified":"2022-12-10 02:04:10","post_modified_gmt":"2022-12-10 01:04:10","post_content_filtered":"","post_parent":0,"guid":"http:\/\/dev.claret.cat\/autor\/gwenaelle-boulet\/","menu_order":0,"post_type":"autor","post_mime_type":"","comment_count":"0","filter":"raw"}]},"aioseo_notices":[],"_links":{"self":[{"href":"https:\/\/www.claret.cat\/es\/wp-json\/wp\/v2\/product\/284147","targetHints":{"allow":["GET"]}}],"collection":[{"href":"https:\/\/www.claret.cat\/es\/wp-json\/wp\/v2\/product"}],"about":[{"href":"https:\/\/www.claret.cat\/es\/wp-json\/wp\/v2\/types\/product"}],"wp:featuredmedia":[{"embeddable":true,"href":"https:\/\/www.claret.cat\/es\/wp-json\/wp\/v2\/media\/284148"}],"wp:attachment":[{"href":"https:\/\/www.claret.cat\/es\/wp-json\/wp\/v2\/media?parent=284147"}],"wp:term":[{"taxonomy":"product_brand","embeddable":true,"href":"https:\/\/www.claret.cat\/es\/wp-json\/wp\/v2\/product_brand?post=284147"},{"taxonomy":"product_cat","embeddable":true,"href":"https:\/\/www.claret.cat\/es\/wp-json\/wp\/v2\/product_cat?post=284147"},{"taxonomy":"product_tag","embeddable":true,"href":"https:\/\/www.claret.cat\/es\/wp-json\/wp\/v2\/product_tag?post=284147"}],"curies":[{"name":"wp","href":"https:\/\/api.w.org\/{rel}","templated":true}]}}