{"id":284153,"date":"2022-12-10T02:04:27","date_gmt":"2022-12-10T01:04:27","guid":{"rendered":"http:\/\/dev.claret.cat\/llibre\/la-ecologia\/"},"modified":"2023-01-28T00:38:43","modified_gmt":"2023-01-27T23:38:43","slug":"la-ecologia-8428529426","status":"publish","type":"product","link":"https:\/\/www.claret.cat\/es\/libro\/la-ecologia-8428529426\/","title":{"rendered":"LA ECOLOG\u00cdA"},"content":{"rendered":"<p>Esta peque\u00f1a gu\u00eda aborda tres temas:<br \/>El medio ambiente: \u00bfQu\u00e9 es? Un medio para cada ser vivo. La cadena alimentar\u00eda. El sol y el agua, indispensables para la vida. En la naturaleza, \u00a1nada se pierde!<br \/>La contaminaci\u00f3n: \u00bfPor qu\u00e9 hay? Recursos limitados. Residuos. \u00bfQu\u00e9 amenaza la tierra? El uso de las riquezas del planeta.<br \/>\u00bfC\u00f3mo podemos convertirnos en buenos eco ciudadanos?: Acciones cotidianas. Reciclar. Leyes para proteger el planeta.<br \/>Cada tema incluye un relato de la vida cotidiana, un documento sobre el tema abordado y un juego-test para el ni\u00f1o.<\/p>\n","protected":false},"excerpt":{"rendered":"<p>SAN PABLO<\/p>\n","protected":false},"featured_media":284154,"template":"","meta":{"_acf_changed":false,"om_disable_all_campaigns":false,"rs_blank_template":"","rs_page_bg_color":"","slide_template_v7":"","inline_featured_image":false,"_monsterinsights_skip_tracking":false,"_monsterinsights_sitenote_active":false,"_monsterinsights_sitenote_note":"","_monsterinsights_sitenote_category":0},"product_brand":[],"product_cat":[181,191,143,187,163],"product_tag":[],"class_list":{"0":"post-284153","1":"product","2":"type-product","3":"status-publish","4":"has-post-thumbnail","6":"product_cat-de-la-personalitat-i-del-desenvolupament","7":"product_cat-educacio-en-valors-pedagogia-2_humanitats","8":"product_cat-educacio-en-valors","9":"product_cat-organitzacio-i-gestio","10":"product_cat-valors-i-convivencia","12":"first","13":"instock","14":"taxable","15":"shipping-taxable","16":"purchasable","17":"product-type-simple"},"acf":{"autor":"SAN PABLO","codart":"842852942","libros-coleccion":"Vivir juntos","ediciones":"1","encuadernacion":"Carton\u00e9","fecha_de_publicacion":"27\/09\/2006","novedad":"0","paginas":"56","subtitulo":"GU\u00cdA PARA SER UN BUEN CIUDADANO","orden":"999","portada":"0","idioma":"spa","editorial":[{"ID":6356,"post_author":"3","post_date":"2022-07-28 17:50:26","post_date_gmt":"2022-07-28 15:50:26","post_content":"","post_title":"SAN PABLO COMUNICACI\u00d3N","post_excerpt":"","post_status":"publish","comment_status":"closed","ping_status":"closed","post_password":"","post_name":"san-pablo-comunicacion","to_ping":"","pinged":"","post_modified":"2022-07-28 17:50:26","post_modified_gmt":"2022-07-28 15:50:26","post_content_filtered":"","post_parent":0,"guid":"http:\/\/dev.claret.cat\/editorial\/san-pablo-comunicacion\/","menu_order":0,"post_type":"editorial","post_mime_type":"","comment_count":"0","filter":"raw"}],"autores-libros":[{"ID":284146,"post_author":"3","post_date":"2022-12-10 02:04:10","post_date_gmt":"2022-12-10 01:04:10","post_content":"","post_title":"GWENA\u00cbLLE BOULET","post_excerpt":"","post_status":"publish","comment_status":"closed","ping_status":"closed","post_password":"","post_name":"gwenaelle-boulet","to_ping":"","pinged":"","post_modified":"2022-12-10 02:04:10","post_modified_gmt":"2022-12-10 01:04:10","post_content_filtered":"","post_parent":0,"guid":"http:\/\/dev.claret.cat\/autor\/gwenaelle-boulet\/","menu_order":0,"post_type":"autor","post_mime_type":"","comment_count":"0","filter":"raw"}]},"aioseo_notices":[],"_links":{"self":[{"href":"https:\/\/www.claret.cat\/es\/wp-json\/wp\/v2\/product\/284153","targetHints":{"allow":["GET"]}}],"collection":[{"href":"https:\/\/www.claret.cat\/es\/wp-json\/wp\/v2\/product"}],"about":[{"href":"https:\/\/www.claret.cat\/es\/wp-json\/wp\/v2\/types\/product"}],"wp:featuredmedia":[{"embeddable":true,"href":"https:\/\/www.claret.cat\/es\/wp-json\/wp\/v2\/media\/284154"}],"wp:attachment":[{"href":"https:\/\/www.claret.cat\/es\/wp-json\/wp\/v2\/media?parent=284153"}],"wp:term":[{"taxonomy":"product_brand","embeddable":true,"href":"https:\/\/www.claret.cat\/es\/wp-json\/wp\/v2\/product_brand?post=284153"},{"taxonomy":"product_cat","embeddable":true,"href":"https:\/\/www.claret.cat\/es\/wp-json\/wp\/v2\/product_cat?post=284153"},{"taxonomy":"product_tag","embeddable":true,"href":"https:\/\/www.claret.cat\/es\/wp-json\/wp\/v2\/product_tag?post=284153"}],"curies":[{"name":"wp","href":"https:\/\/api.w.org\/{rel}","templated":true}]}}