{"id":28422,"date":"2022-10-02T11:12:33","date_gmt":"2022-10-02T09:12:33","guid":{"rendered":"http:\/\/dev.claret.cat\/producte\/lart-destimar\/"},"modified":"2024-11-12T17:15:08","modified_gmt":"2024-11-12T16:15:08","slug":"lart-destimar-9788499300696","status":"publish","type":"product","link":"https:\/\/www.claret.cat\/es\/libro\/lart-destimar-9788499300696\/","title":{"rendered":"L&#8217;ART D&#8217;ESTIMAR"},"content":{"rendered":"<p>\u00bfL\u2019amor \u00e9s un art o b\u00e9 \u00e9s una mera sensaci\u00f3 plaent i agradable i experimentar-la \u00e9s una q\u00fcesti\u00f3 d\u2019atzar? Aquesta \u00e9s la pregunta que ens formula Erich Fromm en comen\u00e7ar el seu assaig per acabar demostrant que en realitat l\u2019amor \u00e9s un art, una habilitat que requereix coneixement, gosadia i esfor\u00e7.<br \/>L\u2019art d\u2019estimar (1956) s\u2019ha convertit al llarg dels anys en un tractat cl\u00e0ssic que ha ensenyat a diverses generacions a desenvolupar la seva capacitat d\u2019estimar. La profunditat i la sensatesa de les seves reflexions fan que mantingui plenament la seva vig\u00e8ncia.<\/p>\n","protected":false},"excerpt":{"rendered":"<p>FROMM, ERICH<\/p>\n","protected":false},"featured_media":877629,"template":"","meta":{"_acf_changed":false,"om_disable_all_campaigns":false,"rs_blank_template":"","rs_page_bg_color":"","slide_template_v7":"","inline_featured_image":false,"_monsterinsights_skip_tracking":false,"_monsterinsights_sitenote_active":false,"_monsterinsights_sitenote_note":"","_monsterinsights_sitenote_category":0},"product_brand":[],"product_cat":[90,540],"product_tag":[],"class_list":{"0":"post-28422","1":"product","2":"type-product","3":"status-publish","4":"has-post-thumbnail","6":"product_cat-altres","7":"product_cat-otros","9":"first","10":"instock","11":"taxable","12":"shipping-taxable","13":"purchasable","14":"product-type-simple"},"acf":{"autor":"FROMM, ERICH","codart":"849930069","libros-coleccion":"","ediciones":"1","encuadernacion":"R\u00fastica","fecha_de_publicacion":"03\/02\/2010","novedad":"0","paginas":"160","subtitulo":"","orden":"999","portada":"0","idioma":"cat","editorial":[{"ID":6281,"post_author":"3","post_date":"2022-07-28 17:48:50","post_date_gmt":"2022-07-28 15:48:50","post_content":"","post_title":"LABUTXACA","post_excerpt":"","post_status":"publish","comment_status":"closed","ping_status":"closed","post_password":"","post_name":"labutxaca","to_ping":"","pinged":"","post_modified":"2022-07-28 17:48:50","post_modified_gmt":"2022-07-28 15:48:50","post_content_filtered":"","post_parent":0,"guid":"http:\/\/dev.claret.cat\/editorial\/labutxaca\/","menu_order":0,"post_type":"editorial","post_mime_type":"","comment_count":"0","filter":"raw"}],"autores-libros":[{"ID":155278,"post_author":"3","post_date":"2022-10-14 15:11:33","post_date_gmt":"2022-10-14 13:11:33","post_content":"","post_title":"ERICH FROMM","post_excerpt":"","post_status":"publish","comment_status":"closed","ping_status":"closed","post_password":"","post_name":"erich-fromm","to_ping":"","pinged":"","post_modified":"2022-10-14 15:11:33","post_modified_gmt":"2022-10-14 13:11:33","post_content_filtered":"","post_parent":0,"guid":"http:\/\/dev.claret.cat\/autor\/erich-fromm\/","menu_order":0,"post_type":"autor","post_mime_type":"","comment_count":"0","filter":"raw"}]},"aioseo_notices":[],"_links":{"self":[{"href":"https:\/\/www.claret.cat\/es\/wp-json\/wp\/v2\/product\/28422","targetHints":{"allow":["GET"]}}],"collection":[{"href":"https:\/\/www.claret.cat\/es\/wp-json\/wp\/v2\/product"}],"about":[{"href":"https:\/\/www.claret.cat\/es\/wp-json\/wp\/v2\/types\/product"}],"wp:featuredmedia":[{"embeddable":true,"href":"https:\/\/www.claret.cat\/es\/wp-json\/wp\/v2\/media\/877629"}],"wp:attachment":[{"href":"https:\/\/www.claret.cat\/es\/wp-json\/wp\/v2\/media?parent=28422"}],"wp:term":[{"taxonomy":"product_brand","embeddable":true,"href":"https:\/\/www.claret.cat\/es\/wp-json\/wp\/v2\/product_brand?post=28422"},{"taxonomy":"product_cat","embeddable":true,"href":"https:\/\/www.claret.cat\/es\/wp-json\/wp\/v2\/product_cat?post=28422"},{"taxonomy":"product_tag","embeddable":true,"href":"https:\/\/www.claret.cat\/es\/wp-json\/wp\/v2\/product_tag?post=28422"}],"curies":[{"name":"wp","href":"https:\/\/api.w.org\/{rel}","templated":true}]}}