{"id":284254,"date":"2022-12-10T02:11:51","date_gmt":"2022-12-10T01:11:51","guid":{"rendered":"http:\/\/dev.claret.cat\/llibre\/las-grandes-fiestas-cristianas\/"},"modified":"2024-05-02T11:18:17","modified_gmt":"2024-05-02T09:18:17","slug":"las-grandes-fiestas-cristianas-9788428530934","status":"publish","type":"product","link":"https:\/\/www.claret.cat\/es\/libro\/las-grandes-fiestas-cristianas-9788428530934\/","title":{"rendered":"LAS GRANDES FIESTAS CRISTIANAS"},"content":{"rendered":"<p>Adviento, Navidad, Cuaresma, Pascua, Domingo de Ramos, la Ascensi\u00f3n? \u00bfCu\u00e1l es el origen de estas fiestas cristianas y qu\u00e9 sentido tienen?, \u00bfc\u00f3mo las celebramos en nuestra casa y en la Iglesia? Los ni\u00f1os encontrar\u00e1n la respuesta a estas y otras muchas preguntas en este peque\u00f1o libro y conocer\u00e1n el verdadero significado de estas grandes fiestas cristianas. Cada una de las grandes fiestas cristinas est\u00e1 explicada mediante ilustraciones y textos sencillos, adem\u00e1s de numerosas aclaraciones en el margen derecho de las p\u00e1ginas. Al final del libro se incluye tambi\u00e9n una serie de palabras dif\u00edciles para ayudar a su lectura y comprensi\u00f3n.<\/p>\n","protected":false},"excerpt":{"rendered":"<p>MAUROT, ELODIE<\/p>\n","protected":false},"featured_media":333779,"template":"","meta":{"_acf_changed":false,"om_disable_all_campaigns":false,"rs_blank_template":"","rs_page_bg_color":"","slide_template_v7":"","inline_featured_image":false,"_monsterinsights_skip_tracking":false,"_monsterinsights_sitenote_active":false,"_monsterinsights_sitenote_note":"","_monsterinsights_sitenote_category":0},"product_brand":[],"product_cat":[77,343,344,78],"product_tag":[],"class_list":{"0":"post-284254","1":"product","2":"type-product","3":"status-publish","4":"has-post-thumbnail","6":"product_cat-catequesi","7":"product_cat-catequesis","8":"product_cat-pastoral-1_espiritualidad","9":"product_cat-pastoral","11":"first","12":"instock","13":"taxable","14":"shipping-taxable","15":"purchasable","16":"product-type-simple"},"acf":{"autor":"MAUROT, ELODIE","codart":"842853093","libros-coleccion":"","ediciones":"1","encuadernacion":"Carton\u00e9","fecha_de_publicacion":"01\/09\/2007","novedad":"0","paginas":"0","subtitulo":"","orden":"999","portada":"0","idioma":"spa","editorial":[{"ID":148781,"post_author":"3","post_date":"2022-10-14 12:00:56","post_date_gmt":"2022-10-14 10:00:56","post_content":"","post_title":"SAN PABLO -TXT-","post_excerpt":"","post_status":"publish","comment_status":"closed","ping_status":"closed","post_password":"","post_name":"san-pablo-txt","to_ping":"","pinged":"","post_modified":"2022-10-14 12:00:56","post_modified_gmt":"2022-10-14 10:00:56","post_content_filtered":"","post_parent":0,"guid":"http:\/\/dev.claret.cat\/editorial\/san-pablo-txt\/","menu_order":0,"post_type":"editorial","post_mime_type":"","comment_count":"0","filter":"raw"}],"autores-libros":[{"ID":284253,"post_author":"3","post_date":"2022-12-10 02:11:49","post_date_gmt":"2022-12-10 01:11:49","post_content":"","post_title":"\u00c9LODIE MAUROT","post_excerpt":"","post_status":"publish","comment_status":"closed","ping_status":"closed","post_password":"","post_name":"elodie-maurot","to_ping":"","pinged":"","post_modified":"2022-12-10 02:11:49","post_modified_gmt":"2022-12-10 01:11:49","post_content_filtered":"","post_parent":0,"guid":"http:\/\/dev.claret.cat\/autor\/elodie-maurot\/","menu_order":0,"post_type":"autor","post_mime_type":"","comment_count":"0","filter":"raw"},{"ID":152804,"post_author":"3","post_date":"2022-10-14 14:51:43","post_date_gmt":"2022-10-14 12:51:43","post_content":"","post_title":"CHARLOTTE ROEDERER","post_excerpt":"","post_status":"publish","comment_status":"closed","ping_status":"closed","post_password":"","post_name":"charlotte-roederer","to_ping":"","pinged":"","post_modified":"2022-10-14 14:51:43","post_modified_gmt":"2022-10-14 12:51:43","post_content_filtered":"","post_parent":0,"guid":"http:\/\/dev.claret.cat\/autor\/charlotte-roederer\/","menu_order":0,"post_type":"autor","post_mime_type":"","comment_count":"0","filter":"raw"}]},"aioseo_notices":[],"_links":{"self":[{"href":"https:\/\/www.claret.cat\/es\/wp-json\/wp\/v2\/product\/284254","targetHints":{"allow":["GET"]}}],"collection":[{"href":"https:\/\/www.claret.cat\/es\/wp-json\/wp\/v2\/product"}],"about":[{"href":"https:\/\/www.claret.cat\/es\/wp-json\/wp\/v2\/types\/product"}],"wp:featuredmedia":[{"embeddable":true,"href":"https:\/\/www.claret.cat\/es\/wp-json\/wp\/v2\/media\/333779"}],"wp:attachment":[{"href":"https:\/\/www.claret.cat\/es\/wp-json\/wp\/v2\/media?parent=284254"}],"wp:term":[{"taxonomy":"product_brand","embeddable":true,"href":"https:\/\/www.claret.cat\/es\/wp-json\/wp\/v2\/product_brand?post=284254"},{"taxonomy":"product_cat","embeddable":true,"href":"https:\/\/www.claret.cat\/es\/wp-json\/wp\/v2\/product_cat?post=284254"},{"taxonomy":"product_tag","embeddable":true,"href":"https:\/\/www.claret.cat\/es\/wp-json\/wp\/v2\/product_tag?post=284254"}],"curies":[{"name":"wp","href":"https:\/\/api.w.org\/{rel}","templated":true}]}}