{"id":284322,"date":"2022-12-10T02:14:33","date_gmt":"2022-12-10T01:14:33","guid":{"rendered":"http:\/\/dev.claret.cat\/llibre\/el-respecte-envers-un-mateix\/"},"modified":"2024-05-02T11:15:26","modified_gmt":"2024-05-02T09:15:26","slug":"el-respecte-envers-un-mateix-9788428531924","status":"publish","type":"product","link":"https:\/\/www.claret.cat\/es\/libro\/el-respecte-envers-un-mateix-9788428531924\/","title":{"rendered":"EL RESPECTE ENVERS UN MATEIX"},"content":{"rendered":"<p>La propia estima arraiga en el coraz\u00f3n de la identidad personal y comporta el convencimiento de que somos aceptados, respetados y queridos tal como somos. Sin una adecuada estima de ti mismo, te sientes inadaptado, y puedes intentar llenar el vac\u00edo por medios inadecuados. &#8216;El respecte envers un mateix&#8217; te invita a profundizar enfrent\u00e1ndote a tu propio vac\u00edo interior. Con est\u00edmulos convincentes, te demuestra que la posibilidad de respetarte a ti mismo est\u00e1 dentro de ti.<\/p>\n","protected":false},"excerpt":{"rendered":"<p>KATAFIASZ, KAREN<\/p>\n","protected":false},"featured_media":333816,"template":"","meta":{"_acf_changed":false,"om_disable_all_campaigns":false,"rs_blank_template":"","rs_page_bg_color":"","slide_template_v7":"","inline_featured_image":false,"_monsterinsights_skip_tracking":false,"_monsterinsights_sitenote_active":false,"_monsterinsights_sitenote_note":"","_monsterinsights_sitenote_category":0},"product_brand":[],"product_cat":[90,540],"product_tag":[],"class_list":{"0":"post-284322","1":"product","2":"type-product","3":"status-publish","4":"has-post-thumbnail","6":"product_cat-altres","7":"product_cat-otros","9":"first","10":"instock","11":"taxable","12":"shipping-taxable","13":"purchasable","14":"product-type-simple"},"acf":{"autor":"KATAFIASZ, KAREN","codart":"842853192","libros-coleccion":"Minilibros Autoayuda","ediciones":"1","encuadernacion":"R\u00fastica","fecha_de_publicacion":"01\/09\/2007","novedad":"0","paginas":"0","subtitulo":"","orden":"999","portada":"0","idioma":"cat","editorial":[{"ID":6356,"post_author":"3","post_date":"2022-07-28 17:50:26","post_date_gmt":"2022-07-28 15:50:26","post_content":"","post_title":"SAN PABLO COMUNICACI\u00d3N","post_excerpt":"","post_status":"publish","comment_status":"closed","ping_status":"closed","post_password":"","post_name":"san-pablo-comunicacion","to_ping":"","pinged":"","post_modified":"2022-07-28 17:50:26","post_modified_gmt":"2022-07-28 15:50:26","post_content_filtered":"","post_parent":0,"guid":"http:\/\/dev.claret.cat\/editorial\/san-pablo-comunicacion\/","menu_order":0,"post_type":"editorial","post_mime_type":"","comment_count":"0","filter":"raw"}],"autores-libros":[{"ID":284181,"post_author":"3","post_date":"2022-12-10 02:05:29","post_date_gmt":"2022-12-10 01:05:29","post_content":"","post_title":"KAREN KATAFIASZ","post_excerpt":"","post_status":"publish","comment_status":"closed","ping_status":"closed","post_password":"","post_name":"karen-katafiasz","to_ping":"","pinged":"","post_modified":"2022-12-10 02:05:29","post_modified_gmt":"2022-12-10 01:05:29","post_content_filtered":"","post_parent":0,"guid":"http:\/\/dev.claret.cat\/autor\/karen-katafiasz\/","menu_order":0,"post_type":"autor","post_mime_type":"","comment_count":"0","filter":"raw"}]},"aioseo_notices":[],"_links":{"self":[{"href":"https:\/\/www.claret.cat\/es\/wp-json\/wp\/v2\/product\/284322","targetHints":{"allow":["GET"]}}],"collection":[{"href":"https:\/\/www.claret.cat\/es\/wp-json\/wp\/v2\/product"}],"about":[{"href":"https:\/\/www.claret.cat\/es\/wp-json\/wp\/v2\/types\/product"}],"wp:featuredmedia":[{"embeddable":true,"href":"https:\/\/www.claret.cat\/es\/wp-json\/wp\/v2\/media\/333816"}],"wp:attachment":[{"href":"https:\/\/www.claret.cat\/es\/wp-json\/wp\/v2\/media?parent=284322"}],"wp:term":[{"taxonomy":"product_brand","embeddable":true,"href":"https:\/\/www.claret.cat\/es\/wp-json\/wp\/v2\/product_brand?post=284322"},{"taxonomy":"product_cat","embeddable":true,"href":"https:\/\/www.claret.cat\/es\/wp-json\/wp\/v2\/product_cat?post=284322"},{"taxonomy":"product_tag","embeddable":true,"href":"https:\/\/www.claret.cat\/es\/wp-json\/wp\/v2\/product_tag?post=284322"}],"curies":[{"name":"wp","href":"https:\/\/api.w.org\/{rel}","templated":true}]}}