{"id":284429,"date":"2022-12-10T02:18:32","date_gmt":"2022-12-10T01:18:32","guid":{"rendered":"http:\/\/dev.claret.cat\/llibre\/como-superar-el-vacio-espiritual\/"},"modified":"2026-02-10T10:37:10","modified_gmt":"2026-02-10T09:37:10","slug":"como-superar-el-vacio-espiritual-9788428533676","status":"publish","type":"product","link":"https:\/\/www.claret.cat\/es\/libro\/como-superar-el-vacio-espiritual-9788428533676\/","title":{"rendered":"COMO SUPERAR EL VAC\u00cdO ESPIRITUAL"},"content":{"rendered":"<p>La vida espiritual es una vida de misterio, y lo que puede parecer una oscuridad moment\u00e1nea puede indicar una luz m\u00e1s completa, m\u00e1s duradera. La relaci\u00f3n con Dios es parecida a la que se mantiene con los familiares, se busca una uni\u00f3n amorosa con el Dios que nos ha creado, y queremos vivir en ese amor a pesar de nuestras emociones. Este libro puede ayudar a ver la luz a trav\u00e9s de la oscuridad y a entender que la esperanza, sin duda, supera todo entendimiento.<\/p>\n","protected":false},"excerpt":{"rendered":"<p>WAGNER, CRAIG R.<\/p>\n","protected":false},"featured_media":1082491,"template":"","meta":{"_acf_changed":false,"om_disable_all_campaigns":false,"rs_blank_template":"","rs_page_bg_color":"","slide_template_v7":"","inline_featured_image":false,"_monsterinsights_skip_tracking":false,"_monsterinsights_sitenote_active":false,"_monsterinsights_sitenote_note":"","_monsterinsights_sitenote_category":0},"product_brand":[],"product_cat":[179,377,485,232],"product_tag":[],"class_list":{"0":"post-284429","1":"product","2":"type-product","3":"status-publish","4":"has-post-thumbnail","6":"product_cat-autoajuda-i-salut-mental","7":"product_cat-autoayuda-y-salud-mental","8":"product_cat-autores-espiritualidad-1_espiritualidad","9":"product_cat-autors-espiritualitat","11":"first","12":"instock","13":"taxable","14":"shipping-taxable","15":"purchasable","16":"product-type-simple"},"acf":{"autor":"WAGNER, CRAIG R.","codart":"842853367","libros-coleccion":"Minilibros Autoayuda","ediciones":"1","encuadernacion":"R\u00fastica","fecha_de_publicacion":"01\/06\/2008","novedad":"0","paginas":"39","subtitulo":"","orden":"999","portada":"0","idioma":"spa","editorial":[{"ID":6356,"post_author":"3","post_date":"2022-07-28 17:50:26","post_date_gmt":"2022-07-28 15:50:26","post_content":"","post_title":"SAN PABLO COMUNICACI\u00d3N","post_excerpt":"","post_status":"publish","comment_status":"closed","ping_status":"closed","post_password":"","post_name":"san-pablo-comunicacion","to_ping":"","pinged":"","post_modified":"2022-07-28 17:50:26","post_modified_gmt":"2022-07-28 15:50:26","post_content_filtered":"","post_parent":0,"guid":"http:\/\/dev.claret.cat\/editorial\/san-pablo-comunicacion\/","menu_order":0,"post_type":"editorial","post_mime_type":"","comment_count":"0","filter":"raw"}],"autores-libros":[{"ID":284428,"post_author":"3","post_date":"2022-12-10 02:18:31","post_date_gmt":"2022-12-10 01:18:31","post_content":"","post_title":"CRAIG R. WAGNER","post_excerpt":"","post_status":"publish","comment_status":"closed","ping_status":"closed","post_password":"","post_name":"craig-r-wagner","to_ping":"","pinged":"","post_modified":"2022-12-10 02:18:31","post_modified_gmt":"2022-12-10 01:18:31","post_content_filtered":"","post_parent":0,"guid":"http:\/\/dev.claret.cat\/autor\/craig-r-wagner\/","menu_order":0,"post_type":"autor","post_mime_type":"","comment_count":"0","filter":"raw"}],"booktrailer":"","resenas":""},"aioseo_notices":[],"_links":{"self":[{"href":"https:\/\/www.claret.cat\/es\/wp-json\/wp\/v2\/product\/284429","targetHints":{"allow":["GET"]}}],"collection":[{"href":"https:\/\/www.claret.cat\/es\/wp-json\/wp\/v2\/product"}],"about":[{"href":"https:\/\/www.claret.cat\/es\/wp-json\/wp\/v2\/types\/product"}],"wp:featuredmedia":[{"embeddable":true,"href":"https:\/\/www.claret.cat\/es\/wp-json\/wp\/v2\/media\/1082491"}],"wp:attachment":[{"href":"https:\/\/www.claret.cat\/es\/wp-json\/wp\/v2\/media?parent=284429"}],"wp:term":[{"taxonomy":"product_brand","embeddable":true,"href":"https:\/\/www.claret.cat\/es\/wp-json\/wp\/v2\/product_brand?post=284429"},{"taxonomy":"product_cat","embeddable":true,"href":"https:\/\/www.claret.cat\/es\/wp-json\/wp\/v2\/product_cat?post=284429"},{"taxonomy":"product_tag","embeddable":true,"href":"https:\/\/www.claret.cat\/es\/wp-json\/wp\/v2\/product_tag?post=284429"}],"curies":[{"name":"wp","href":"https:\/\/api.w.org\/{rel}","templated":true}]}}