{"id":284658,"date":"2022-12-10T02:27:22","date_gmt":"2022-12-10T01:27:22","guid":{"rendered":"http:\/\/dev.claret.cat\/llibre\/mi-primera-biblia-ilustrada-2\/"},"modified":"2024-05-02T10:53:11","modified_gmt":"2024-05-02T08:53:11","slug":"mi-primera-biblia-ilustrada-9788428536844","status":"publish","type":"product","link":"https:\/\/www.claret.cat\/es\/libro\/mi-primera-biblia-ilustrada-9788428536844\/","title":{"rendered":"MI PRIMERA BIBLIA ILUSTRADA"},"content":{"rendered":"<p>El amor, la valent\u00eda y las extraordinarias historias de la Biblia contadas a los m\u00e1s peque\u00f1os y y acompa\u00f1adas de las maravillosas ilustraciones de Tony Wolf. La Biblia est\u00e1 llena de apasionantes historias: peque\u00f1o h\u00e9roes como David, Salom\u00f3n&#8230;. Con esta Biblia, escrita en un lenguaje asequible y de f\u00e1cil comprensi\u00f3n, los ni\u00f1os podr\u00e1n conocer de cerca todas sobre el Antiguo Testamento y el Nuevo.<\/p>\n","protected":false},"excerpt":{"rendered":"<p>WOLF, TONY<\/p>\n","protected":false},"featured_media":334033,"template":"","meta":{"_acf_changed":false,"om_disable_all_campaigns":false,"rs_blank_template":"","rs_page_bg_color":"","slide_template_v7":"","inline_featured_image":false,"_monsterinsights_skip_tracking":false,"_monsterinsights_sitenote_active":false,"_monsterinsights_sitenote_note":"","_monsterinsights_sitenote_category":0},"product_brand":[],"product_cat":[75,341],"product_tag":[],"class_list":{"0":"post-284658","1":"product","2":"type-product","3":"status-publish","4":"has-post-thumbnail","6":"product_cat-biblia","7":"product_cat-biblia-es","9":"first","10":"outofstock","11":"taxable","12":"shipping-taxable","13":"purchasable","14":"product-type-simple"},"acf":{"autor":"WOLF, TONY","codart":"842853684","libros-coleccion":"","ediciones":"1","encuadernacion":"Carton\u00e9","fecha_de_publicacion":"15\/02\/2011","novedad":"0","paginas":"119","subtitulo":"","orden":"999","portada":"0","idioma":"spa","editorial":[{"ID":6356,"post_author":"3","post_date":"2022-07-28 17:50:26","post_date_gmt":"2022-07-28 15:50:26","post_content":"","post_title":"SAN PABLO COMUNICACI\u00d3N","post_excerpt":"","post_status":"publish","comment_status":"closed","ping_status":"closed","post_password":"","post_name":"san-pablo-comunicacion","to_ping":"","pinged":"","post_modified":"2022-07-28 17:50:26","post_modified_gmt":"2022-07-28 15:50:26","post_content_filtered":"","post_parent":0,"guid":"http:\/\/dev.claret.cat\/editorial\/san-pablo-comunicacion\/","menu_order":0,"post_type":"editorial","post_mime_type":"","comment_count":"0","filter":"raw"}],"autores-libros":[{"ID":284446,"post_author":"3","post_date":"2022-12-10 02:19:17","post_date_gmt":"2022-12-10 01:19:17","post_content":"","post_title":"TONY WOLF","post_excerpt":"","post_status":"publish","comment_status":"closed","ping_status":"closed","post_password":"","post_name":"tony-wolf","to_ping":"","pinged":"","post_modified":"2022-12-10 02:19:17","post_modified_gmt":"2022-12-10 01:19:17","post_content_filtered":"","post_parent":0,"guid":"http:\/\/dev.claret.cat\/autor\/tony-wolf\/","menu_order":0,"post_type":"autor","post_mime_type":"","comment_count":"0","filter":"raw"}]},"aioseo_notices":[],"_links":{"self":[{"href":"https:\/\/www.claret.cat\/es\/wp-json\/wp\/v2\/product\/284658","targetHints":{"allow":["GET"]}}],"collection":[{"href":"https:\/\/www.claret.cat\/es\/wp-json\/wp\/v2\/product"}],"about":[{"href":"https:\/\/www.claret.cat\/es\/wp-json\/wp\/v2\/types\/product"}],"wp:featuredmedia":[{"embeddable":true,"href":"https:\/\/www.claret.cat\/es\/wp-json\/wp\/v2\/media\/334033"}],"wp:attachment":[{"href":"https:\/\/www.claret.cat\/es\/wp-json\/wp\/v2\/media?parent=284658"}],"wp:term":[{"taxonomy":"product_brand","embeddable":true,"href":"https:\/\/www.claret.cat\/es\/wp-json\/wp\/v2\/product_brand?post=284658"},{"taxonomy":"product_cat","embeddable":true,"href":"https:\/\/www.claret.cat\/es\/wp-json\/wp\/v2\/product_cat?post=284658"},{"taxonomy":"product_tag","embeddable":true,"href":"https:\/\/www.claret.cat\/es\/wp-json\/wp\/v2\/product_tag?post=284658"}],"curies":[{"name":"wp","href":"https:\/\/api.w.org\/{rel}","templated":true}]}}