{"id":28487,"date":"2022-10-02T11:13:23","date_gmt":"2022-10-02T09:13:23","guid":{"rendered":"http:\/\/dev.claret.cat\/producte\/un-bosque-tranquilo-mindfulness-para-ninos\/"},"modified":"2024-04-08T11:05:22","modified_gmt":"2024-04-08T09:05:22","slug":"un-bosque-tranquilo-mindfulness-para-ninos-9788499501512","status":"publish","type":"product","link":"https:\/\/www.claret.cat\/es\/libro\/un-bosque-tranquilo-mindfulness-para-ninos-9788499501512\/","title":{"rendered":"UN BOSQUE TRANQUILO (MINDFULNESS PARA NI\u00d1OS)"},"content":{"rendered":"<p>&#8216;Un bosque tranquilo es un cuento muy divertido tanto para ni\u00f1os como para mayores, para poder disfrutar en familia, leyendo todos juntos. Tambi\u00e9n es un interesante recurso para educadores.<br \/>Adem\u00e1s, supone una herramienta muy \u00fatil para que todos, ni\u00f1os y mayores, empecemos a tomar consciencia de la importancia que tiene la atenci\u00f3n en nuestra vida diaria.<br \/>Al final del libro se a\u00f1aden una serie de actividades que prolongar\u00e1n, de la mano del Hada Atenci\u00f3n Plena, los bellos momentos vividos en el libro, m\u00e1s all\u00e1 de la mera lectura del mismo. Sus ejercicios, consejos y pasatiempos nos ayudar\u00e1n a encauzar a nuestros menores por el camino de la atenci\u00f3n plena en cada instante, de una manera f\u00e1cil y amena, jugando y disfrutando con ellos.<br \/>Sus autoras, con una gran experiencia en Mindfulness para ni\u00f1os y familias, desarrollan talleres especializados para ni\u00f1os, j\u00f3venes, padres y educadores.&#8217;<\/p>\n","protected":false},"excerpt":{"rendered":"<p>DIAZ CANEJA, PATRICIA<\/p>\n","protected":false},"featured_media":960698,"template":"","meta":{"_acf_changed":false,"om_disable_all_campaigns":false,"rs_blank_template":"","rs_page_bg_color":"","slide_template_v7":"","inline_featured_image":false,"_monsterinsights_skip_tracking":false,"_monsterinsights_sitenote_active":false,"_monsterinsights_sitenote_note":"","_monsterinsights_sitenote_category":0},"product_brand":[],"product_cat":[132,179,377,362],"product_tag":[],"class_list":{"0":"post-28487","1":"product","2":"type-product","3":"status-publish","4":"has-post-thumbnail","6":"product_cat-lectures-per-preadolescents-6-12-anys","7":"product_cat-autoajuda-i-salut-mental","8":"product_cat-autoayuda-y-salud-mental","9":"product_cat-libros-preadolescentes-6-12-anos","11":"first","12":"instock","13":"taxable","14":"shipping-taxable","15":"purchasable","16":"product-type-simple"},"acf":{"autor":"DIAZ CANEJA, PATRICIA","codart":"849950151","libros-coleccion":"SUSHI BOOKS","ediciones":"1","encuadernacion":"R\u00fastica","fecha_de_publicacion":"01\/11\/2015","novedad":"1","paginas":"74","subtitulo":"INCLUYE LIBRO DE TRABAJO PARA PADRES Y EDUCADORES","orden":"0","portada":"0","idioma":"spa","editorial":[{"ID":147827,"post_author":"3","post_date":"2022-10-14 11:53:31","post_date_gmt":"2022-10-14 09:53:31","post_content":"","post_title":"Ediciones Librer\u00eda Argentina (ELA)","post_excerpt":"","post_status":"publish","comment_status":"closed","ping_status":"closed","post_password":"","post_name":"ediciones-libreria-argentina-ela","to_ping":"","pinged":"","post_modified":"2022-10-14 11:53:31","post_modified_gmt":"2022-10-14 09:53:31","post_content_filtered":"","post_parent":0,"guid":"http:\/\/dev.claret.cat\/editorial\/ediciones-libreria-argentina-ela\/","menu_order":0,"post_type":"editorial","post_mime_type":"","comment_count":"0","filter":"raw"}],"autores-libros":[{"ID":166617,"post_author":"3","post_date":"2022-10-14 18:04:42","post_date_gmt":"2022-10-14 16:04:42","post_content":"","post_title":"PATRICIA DIAZ CANEJA","post_excerpt":"","post_status":"publish","comment_status":"closed","ping_status":"closed","post_password":"","post_name":"patricia-diaz-caneja","to_ping":"","pinged":"","post_modified":"2022-10-14 18:04:42","post_modified_gmt":"2022-10-14 16:04:42","post_content_filtered":"","post_parent":0,"guid":"http:\/\/dev.claret.cat\/autor\/patricia-diaz-caneja\/","menu_order":0,"post_type":"autor","post_mime_type":"","comment_count":"0","filter":"raw"}]},"aioseo_notices":[],"_links":{"self":[{"href":"https:\/\/www.claret.cat\/es\/wp-json\/wp\/v2\/product\/28487","targetHints":{"allow":["GET"]}}],"collection":[{"href":"https:\/\/www.claret.cat\/es\/wp-json\/wp\/v2\/product"}],"about":[{"href":"https:\/\/www.claret.cat\/es\/wp-json\/wp\/v2\/types\/product"}],"wp:featuredmedia":[{"embeddable":true,"href":"https:\/\/www.claret.cat\/es\/wp-json\/wp\/v2\/media\/960698"}],"wp:attachment":[{"href":"https:\/\/www.claret.cat\/es\/wp-json\/wp\/v2\/media?parent=28487"}],"wp:term":[{"taxonomy":"product_brand","embeddable":true,"href":"https:\/\/www.claret.cat\/es\/wp-json\/wp\/v2\/product_brand?post=28487"},{"taxonomy":"product_cat","embeddable":true,"href":"https:\/\/www.claret.cat\/es\/wp-json\/wp\/v2\/product_cat?post=28487"},{"taxonomy":"product_tag","embeddable":true,"href":"https:\/\/www.claret.cat\/es\/wp-json\/wp\/v2\/product_tag?post=28487"}],"curies":[{"name":"wp","href":"https:\/\/api.w.org\/{rel}","templated":true}]}}