{"id":284974,"date":"2022-12-10T02:39:41","date_gmt":"2022-12-10T01:39:41","guid":{"rendered":"http:\/\/dev.claret.cat\/llibre\/aprende-a-jugar-al-futbol\/"},"modified":"2024-05-02T10:31:57","modified_gmt":"2024-05-02T08:31:57","slug":"aprende-a-jugar-al-futbol-9788428539449","status":"publish","type":"product","link":"https:\/\/www.claret.cat\/es\/libro\/aprende-a-jugar-al-futbol-9788428539449\/","title":{"rendered":"APRENDE A JUGAR AL F\u00daTBOL"},"content":{"rendered":"<p>Una gu\u00eda esencial para aprender a jugar al f\u00fatbol. Ofrece sencillas instrucciones para mejorar las habilidades como jugador, desde las t\u00e9cnicas b\u00e1sicas de defensa y ataque hasta jugadas m\u00e1s complejas, teniendo en cuenta las reglas b\u00e1sicas del juego y las jugadas personalizadas. Los contenidos se exponen de manera sencilla y con detalladas fotograf\u00edas de cada movimiento, para facilitar la comprensi\u00f3n y el aprendizaje de cada jugada. El libro contiene adem\u00e1s informaci\u00f3n sobre las principales leyendas del f\u00fatbol internacional, las competiciones m\u00e1s importantes, los equipos de mayor \u00e9xito y un mont\u00f3n de consejos y trucos para convertirse en un gran futbolista.<\/p>\n","protected":false},"excerpt":{"rendered":"<p>GONZ\u00c1LEZ GARC\u00cdA, JES\u00daS MAR\u00cdA<\/p>\n","protected":false},"featured_media":334249,"template":"","meta":{"_acf_changed":false,"om_disable_all_campaigns":false,"rs_blank_template":"","rs_page_bg_color":"","slide_template_v7":"","inline_featured_image":false,"_monsterinsights_skip_tracking":false,"_monsterinsights_sitenote_active":false,"_monsterinsights_sitenote_note":"","_monsterinsights_sitenote_category":0},"product_brand":[],"product_cat":[86,352],"product_tag":[],"class_list":{"0":"post-284974","1":"product","2":"type-product","3":"status-publish","4":"has-post-thumbnail","6":"product_cat-infantil","7":"product_cat-infantil-3_infantil-juvenil-spa","9":"first","10":"instock","11":"taxable","12":"shipping-taxable","13":"purchasable","14":"product-type-simple"},"acf":{"autor":"GONZ\u00c1LEZ GARC\u00cdA, JES\u00daS MAR\u00cdA","codart":"842853944","libros-coleccion":"","ediciones":"1","encuadernacion":"Carton\u00e9","fecha_de_publicacion":"01\/04\/2012","novedad":"0","paginas":"64","subtitulo":"AUMENTA TUS HABILIDADES. APRENDE DE LAS ESTRELLAS. CONOCE LAS REGLAS. MEJORA TU","orden":"999","portada":"0","idioma":"spa","editorial":[{"ID":6356,"post_author":"3","post_date":"2022-07-28 17:50:26","post_date_gmt":"2022-07-28 15:50:26","post_content":"","post_title":"SAN PABLO COMUNICACI\u00d3N","post_excerpt":"","post_status":"publish","comment_status":"closed","ping_status":"closed","post_password":"","post_name":"san-pablo-comunicacion","to_ping":"","pinged":"","post_modified":"2022-07-28 17:50:26","post_modified_gmt":"2022-07-28 15:50:26","post_content_filtered":"","post_parent":0,"guid":"http:\/\/dev.claret.cat\/editorial\/san-pablo-comunicacion\/","menu_order":0,"post_type":"editorial","post_mime_type":"","comment_count":"0","filter":"raw"}],"autores-libros":[{"ID":155233,"post_author":"3","post_date":"2022-10-14 15:11:12","post_date_gmt":"2022-10-14 13:11:12","post_content":"","post_title":"EQUIPO SAN PABLO","post_excerpt":"","post_status":"publish","comment_status":"closed","ping_status":"closed","post_password":"","post_name":"equipo-san-pablo","to_ping":"","pinged":"","post_modified":"2022-10-14 15:11:12","post_modified_gmt":"2022-10-14 13:11:12","post_content_filtered":"","post_parent":0,"guid":"http:\/\/dev.claret.cat\/autor\/equipo-san-pablo\/","menu_order":0,"post_type":"autor","post_mime_type":"","comment_count":"0","filter":"raw"}]},"aioseo_notices":[],"_links":{"self":[{"href":"https:\/\/www.claret.cat\/es\/wp-json\/wp\/v2\/product\/284974","targetHints":{"allow":["GET"]}}],"collection":[{"href":"https:\/\/www.claret.cat\/es\/wp-json\/wp\/v2\/product"}],"about":[{"href":"https:\/\/www.claret.cat\/es\/wp-json\/wp\/v2\/types\/product"}],"wp:featuredmedia":[{"embeddable":true,"href":"https:\/\/www.claret.cat\/es\/wp-json\/wp\/v2\/media\/334249"}],"wp:attachment":[{"href":"https:\/\/www.claret.cat\/es\/wp-json\/wp\/v2\/media?parent=284974"}],"wp:term":[{"taxonomy":"product_brand","embeddable":true,"href":"https:\/\/www.claret.cat\/es\/wp-json\/wp\/v2\/product_brand?post=284974"},{"taxonomy":"product_cat","embeddable":true,"href":"https:\/\/www.claret.cat\/es\/wp-json\/wp\/v2\/product_cat?post=284974"},{"taxonomy":"product_tag","embeddable":true,"href":"https:\/\/www.claret.cat\/es\/wp-json\/wp\/v2\/product_tag?post=284974"}],"curies":[{"name":"wp","href":"https:\/\/api.w.org\/{rel}","templated":true}]}}