{"id":285617,"date":"2022-12-10T03:21:19","date_gmt":"2022-12-10T02:21:19","guid":{"rendered":"http:\/\/dev.claret.cat\/llibre\/la-guarderia\/"},"modified":"2024-05-02T09:29:38","modified_gmt":"2024-05-02T07:29:38","slug":"la-guarderia-9788428548861","status":"publish","type":"product","link":"https:\/\/www.claret.cat\/es\/libro\/la-guarderia-9788428548861\/","title":{"rendered":"LA GUARDER\u00cdA"},"content":{"rendered":"<p>Este simp\u00e1tico libro ayudar\u00e1 a los ni\u00f1os a descubrir el mundo de la guarder\u00eda y familiarizarse as\u00ed con los objetos que encontrar\u00e1 y con las tareas y actividades que desarrollar\u00e1 a lo largo del d\u00eda: la llegada por la ma\u00f1ana, los juegos, la comida, la siesta, las manualidades&#8230; Gracias a sus textos, breves y sencillos, a las ilustraciones y a las ventanas y pesta\u00f1as del libro, los ni\u00f1os podr\u00e1n aprender, divirti\u00e9ndose, todo lo relacionado con su inicio escolar.<\/p>\n","protected":false},"excerpt":{"rendered":"<p>SAN PABLO<\/p>\n","protected":false},"featured_media":335075,"template":"","meta":{"_acf_changed":false,"om_disable_all_campaigns":false,"rs_blank_template":"","rs_page_bg_color":"","slide_template_v7":"","inline_featured_image":false,"_monsterinsights_skip_tracking":false,"_monsterinsights_sitenote_active":false,"_monsterinsights_sitenote_note":"","_monsterinsights_sitenote_category":0},"product_brand":[],"product_cat":[86,352],"product_tag":[],"class_list":{"0":"post-285617","1":"product","2":"type-product","3":"status-publish","4":"has-post-thumbnail","6":"product_cat-infantil","7":"product_cat-infantil-3_infantil-juvenil-spa","9":"first","10":"instock","11":"taxable","12":"shipping-taxable","13":"purchasable","14":"product-type-simple"},"acf":{"autor":"SAN PABLO","codart":"842854886","libros-coleccion":"","ediciones":"1","encuadernacion":"Carton\u00e9","fecha_de_publicacion":"04\/02\/2016","novedad":"0","paginas":"12","subtitulo":"CON ANIMACIONES RESISTENTES Y APTAS PARA PEQUE\u00d1AS MANOS","orden":"999","portada":"0","idioma":"spa","editorial":[{"ID":6356,"post_author":"3","post_date":"2022-07-28 17:50:26","post_date_gmt":"2022-07-28 15:50:26","post_content":"","post_title":"SAN PABLO COMUNICACI\u00d3N","post_excerpt":"","post_status":"publish","comment_status":"closed","ping_status":"closed","post_password":"","post_name":"san-pablo-comunicacion","to_ping":"","pinged":"","post_modified":"2022-07-28 17:50:26","post_modified_gmt":"2022-07-28 15:50:26","post_content_filtered":"","post_parent":0,"guid":"http:\/\/dev.claret.cat\/editorial\/san-pablo-comunicacion\/","menu_order":0,"post_type":"editorial","post_mime_type":"","comment_count":"0","filter":"raw"}],"autores-libros":[{"ID":155233,"post_author":"3","post_date":"2022-10-14 15:11:12","post_date_gmt":"2022-10-14 13:11:12","post_content":"","post_title":"EQUIPO SAN PABLO","post_excerpt":"","post_status":"publish","comment_status":"closed","ping_status":"closed","post_password":"","post_name":"equipo-san-pablo","to_ping":"","pinged":"","post_modified":"2022-10-14 15:11:12","post_modified_gmt":"2022-10-14 13:11:12","post_content_filtered":"","post_parent":0,"guid":"http:\/\/dev.claret.cat\/autor\/equipo-san-pablo\/","menu_order":0,"post_type":"autor","post_mime_type":"","comment_count":"0","filter":"raw"}]},"aioseo_notices":[],"_links":{"self":[{"href":"https:\/\/www.claret.cat\/es\/wp-json\/wp\/v2\/product\/285617","targetHints":{"allow":["GET"]}}],"collection":[{"href":"https:\/\/www.claret.cat\/es\/wp-json\/wp\/v2\/product"}],"about":[{"href":"https:\/\/www.claret.cat\/es\/wp-json\/wp\/v2\/types\/product"}],"wp:featuredmedia":[{"embeddable":true,"href":"https:\/\/www.claret.cat\/es\/wp-json\/wp\/v2\/media\/335075"}],"wp:attachment":[{"href":"https:\/\/www.claret.cat\/es\/wp-json\/wp\/v2\/media?parent=285617"}],"wp:term":[{"taxonomy":"product_brand","embeddable":true,"href":"https:\/\/www.claret.cat\/es\/wp-json\/wp\/v2\/product_brand?post=285617"},{"taxonomy":"product_cat","embeddable":true,"href":"https:\/\/www.claret.cat\/es\/wp-json\/wp\/v2\/product_cat?post=285617"},{"taxonomy":"product_tag","embeddable":true,"href":"https:\/\/www.claret.cat\/es\/wp-json\/wp\/v2\/product_tag?post=285617"}],"curies":[{"name":"wp","href":"https:\/\/api.w.org\/{rel}","templated":true}]}}