{"id":285744,"date":"2022-12-10T03:27:12","date_gmt":"2022-12-10T02:27:12","guid":{"rendered":"http:\/\/dev.claret.cat\/llibre\/lo-divino-en-la-experiencia-humana\/"},"modified":"2024-05-02T09:22:56","modified_gmt":"2024-05-02T07:22:56","slug":"lo-divino-en-la-experiencia-humana-9788428549691","status":"publish","type":"product","link":"https:\/\/www.claret.cat\/es\/libro\/lo-divino-en-la-experiencia-humana-9788428549691\/","title":{"rendered":"LO DIVINO EN LA EXPERIENCIA HUMANA"},"content":{"rendered":"<p>En el origen de este libro hay un interrogante: \u00bfC\u00f3mo procesar desde la fe cristiana una situaci\u00f3n en la que conviven cat\u00f3licos que aceptan una moral preceptiva con otros, m\u00e1s j\u00f3venes, que no toleran imposiciones desde fuera e incluso con quienes, consider\u00e1ndose cristianos, se sirven una moral a la carta? Para responder a esto, el libro se divide en tres partes. La primera presenta la evoluci\u00f3n de la moral cat\u00f3lica en su encuentro con los reclamos de la modernidad. En la segunda parte se dise\u00f1an las coordenadas del dinamismo moral seg\u00fan el evangelio, que de alg\u00fan modo ya despunta en la revelaci\u00f3n b\u00edblica y se hace realidad en Jesucristo. La tercera parte sugiere por d\u00f3nde tiene que avanzar la moral renovada desde la fe cristiana. Con este libro sobre moral cristiana completa el autor una trilog\u00eda, junto con las dos obras publicadas en esta misma colecci\u00f3n: \u00abJesucristo, una propuesta de vida\u00bb y \u00abMeditaci\u00f3n sobre la Iglesia\u00bb.<\/p>\n","protected":false},"excerpt":{"rendered":"<p>ESPEJA, JES\u00daS<\/p>\n","protected":false},"featured_media":335181,"template":"","meta":{"_acf_changed":false,"om_disable_all_campaigns":false,"rs_blank_template":"","rs_page_bg_color":"","slide_template_v7":"","inline_featured_image":false,"_monsterinsights_skip_tracking":false,"_monsterinsights_sitenote_active":false,"_monsterinsights_sitenote_note":"","_monsterinsights_sitenote_category":0},"product_brand":[],"product_cat":[345,79],"product_tag":[],"class_list":{"0":"post-285744","1":"product","2":"type-product","3":"status-publish","4":"has-post-thumbnail","6":"product_cat-espiritualidad","7":"product_cat-espiritualitat","9":"first","10":"instock","11":"taxable","12":"shipping-taxable","13":"purchasable","14":"product-type-simple"},"acf":{"autor":"ESPEJA, JES\u00daS","codart":"842854969","libros-coleccion":"","ediciones":"1","encuadernacion":"R\u00fastica","fecha_de_publicacion":"23\/02\/2016","novedad":"0","paginas":"336","subtitulo":"SOBRE LA CONDICI\u00d3N MORAL","orden":"999","portada":"0","idioma":"spa","editorial":[{"ID":6356,"post_author":"3","post_date":"2022-07-28 17:50:26","post_date_gmt":"2022-07-28 15:50:26","post_content":"","post_title":"SAN PABLO COMUNICACI\u00d3N","post_excerpt":"","post_status":"publish","comment_status":"closed","ping_status":"closed","post_password":"","post_name":"san-pablo-comunicacion","to_ping":"","pinged":"","post_modified":"2022-07-28 17:50:26","post_modified_gmt":"2022-07-28 15:50:26","post_content_filtered":"","post_parent":0,"guid":"http:\/\/dev.claret.cat\/editorial\/san-pablo-comunicacion\/","menu_order":0,"post_type":"editorial","post_mime_type":"","comment_count":"0","filter":"raw"}],"autores-libros":[{"ID":159103,"post_author":"3","post_date":"2022-10-14 15:42:06","post_date_gmt":"2022-10-14 13:42:06","post_content":"","post_title":"JES\u00daS ESPEJA","post_excerpt":"","post_status":"publish","comment_status":"closed","ping_status":"closed","post_password":"","post_name":"jesus-espeja","to_ping":"","pinged":"","post_modified":"2022-10-14 15:42:06","post_modified_gmt":"2022-10-14 13:42:06","post_content_filtered":"","post_parent":0,"guid":"http:\/\/dev.claret.cat\/autor\/jesus-espeja\/","menu_order":0,"post_type":"autor","post_mime_type":"","comment_count":"0","filter":"raw"}]},"aioseo_notices":[],"_links":{"self":[{"href":"https:\/\/www.claret.cat\/es\/wp-json\/wp\/v2\/product\/285744","targetHints":{"allow":["GET"]}}],"collection":[{"href":"https:\/\/www.claret.cat\/es\/wp-json\/wp\/v2\/product"}],"about":[{"href":"https:\/\/www.claret.cat\/es\/wp-json\/wp\/v2\/types\/product"}],"wp:featuredmedia":[{"embeddable":true,"href":"https:\/\/www.claret.cat\/es\/wp-json\/wp\/v2\/media\/335181"}],"wp:attachment":[{"href":"https:\/\/www.claret.cat\/es\/wp-json\/wp\/v2\/media?parent=285744"}],"wp:term":[{"taxonomy":"product_brand","embeddable":true,"href":"https:\/\/www.claret.cat\/es\/wp-json\/wp\/v2\/product_brand?post=285744"},{"taxonomy":"product_cat","embeddable":true,"href":"https:\/\/www.claret.cat\/es\/wp-json\/wp\/v2\/product_cat?post=285744"},{"taxonomy":"product_tag","embeddable":true,"href":"https:\/\/www.claret.cat\/es\/wp-json\/wp\/v2\/product_tag?post=285744"}],"curies":[{"name":"wp","href":"https:\/\/api.w.org\/{rel}","templated":true}]}}