{"id":286730,"date":"2022-12-10T04:14:31","date_gmt":"2022-12-10T03:14:31","guid":{"rendered":"http:\/\/dev.claret.cat\/llibre\/godly-play-guia-completa-1\/"},"modified":"2024-05-10T19:25:06","modified_gmt":"2024-05-10T17:25:06","slug":"godly-play-guia-completa-1-9788428556385","status":"publish","type":"product","link":"https:\/\/www.claret.cat\/es\/libro\/godly-play-guia-completa-1-9788428556385\/","title":{"rendered":"GODLY PLAY. GU\u00cdA COMPLETA 1"},"content":{"rendered":"<p>Godly Play, la pr\u00e1ctica de ayudar a los ni\u00f1os a interiorizar el lenguaje cristiano a trav\u00e9s del juego basada en el m\u00e9todo Montessori, es un regalo de enorme valor para ni\u00f1os y adultos. La Gu\u00eda completa de Godly Play: M\u00e9todo para enriquecer la espiritualidad infantil (vol. 1) es un recurso b\u00e1sico para aquellas personas comprometidas en la pr\u00e1ctica de Godly Play. En esta edici\u00f3n, revisada y ampliada, encontrar\u00e1s nuevos cap\u00edtulos, contenido actualizado y conceptos claves presentados de manera pr\u00e1ctica por el propio fundador, Jerome W. Berryman. En esencia, este libro pretende ser un encuentro c\u00e1lido y cautivador con el verdadero esp\u00edritu de Godly Play.<\/p>\n","protected":false},"excerpt":{"rendered":"<p>BERRYMAN, JEROME W.<\/p>\n","protected":false},"featured_media":336062,"template":"","meta":{"_acf_changed":false,"om_disable_all_campaigns":false,"rs_blank_template":"","rs_page_bg_color":"","slide_template_v7":"","inline_featured_image":false,"_monsterinsights_skip_tracking":false,"_monsterinsights_sitenote_active":false,"_monsterinsights_sitenote_note":"","_monsterinsights_sitenote_category":0},"product_brand":[],"product_cat":[344,78,348,82],"product_tag":[],"class_list":{"0":"post-286730","1":"product","2":"type-product","3":"status-publish","4":"has-post-thumbnail","6":"product_cat-pastoral-1_espiritualidad","7":"product_cat-pastoral","8":"product_cat-pedagogia-2_humanidades","9":"product_cat-pedagogia","11":"first","12":"instock","13":"taxable","14":"shipping-taxable","15":"purchasable","16":"product-type-simple"},"acf":{"autor":"BERRYMAN, JEROME W.","codart":"842855638","libros-coleccion":"GODLY PLAY","ediciones":"1","encuadernacion":"R\u00fastica","fecha_de_publicacion":"23\/05\/2019","novedad":"1","paginas":"184","subtitulo":"M\u00c9TODO PARA ENRIQUECER LA ESPIRITUALIDAD INFANTIL","orden":"0","portada":"0","idioma":"spa","editorial":[{"ID":6356,"post_author":"3","post_date":"2022-07-28 17:50:26","post_date_gmt":"2022-07-28 15:50:26","post_content":"","post_title":"SAN PABLO COMUNICACI\u00d3N","post_excerpt":"","post_status":"publish","comment_status":"closed","ping_status":"closed","post_password":"","post_name":"san-pablo-comunicacion","to_ping":"","pinged":"","post_modified":"2022-07-28 17:50:26","post_modified_gmt":"2022-07-28 15:50:26","post_content_filtered":"","post_parent":0,"guid":"http:\/\/dev.claret.cat\/editorial\/san-pablo-comunicacion\/","menu_order":0,"post_type":"editorial","post_mime_type":"","comment_count":"0","filter":"raw"}],"autores-libros":[{"ID":159038,"post_author":"3","post_date":"2022-10-14 15:41:36","post_date_gmt":"2022-10-14 13:41:36","post_content":"","post_title":"JEROME W. BERRYMAN","post_excerpt":"","post_status":"publish","comment_status":"closed","ping_status":"closed","post_password":"","post_name":"jerome-w-berryman","to_ping":"","pinged":"","post_modified":"2022-10-14 15:41:36","post_modified_gmt":"2022-10-14 13:41:36","post_content_filtered":"","post_parent":0,"guid":"http:\/\/dev.claret.cat\/autor\/jerome-w-berryman\/","menu_order":0,"post_type":"autor","post_mime_type":"","comment_count":"0","filter":"raw"}]},"aioseo_notices":[],"_links":{"self":[{"href":"https:\/\/www.claret.cat\/es\/wp-json\/wp\/v2\/product\/286730","targetHints":{"allow":["GET"]}}],"collection":[{"href":"https:\/\/www.claret.cat\/es\/wp-json\/wp\/v2\/product"}],"about":[{"href":"https:\/\/www.claret.cat\/es\/wp-json\/wp\/v2\/types\/product"}],"wp:featuredmedia":[{"embeddable":true,"href":"https:\/\/www.claret.cat\/es\/wp-json\/wp\/v2\/media\/336062"}],"wp:attachment":[{"href":"https:\/\/www.claret.cat\/es\/wp-json\/wp\/v2\/media?parent=286730"}],"wp:term":[{"taxonomy":"product_brand","embeddable":true,"href":"https:\/\/www.claret.cat\/es\/wp-json\/wp\/v2\/product_brand?post=286730"},{"taxonomy":"product_cat","embeddable":true,"href":"https:\/\/www.claret.cat\/es\/wp-json\/wp\/v2\/product_cat?post=286730"},{"taxonomy":"product_tag","embeddable":true,"href":"https:\/\/www.claret.cat\/es\/wp-json\/wp\/v2\/product_tag?post=286730"}],"curies":[{"name":"wp","href":"https:\/\/api.w.org\/{rel}","templated":true}]}}