{"id":286850,"date":"2022-12-10T04:20:24","date_gmt":"2022-12-10T03:20:24","guid":{"rendered":"http:\/\/dev.claret.cat\/llibre\/san-juan-de-avila\/"},"modified":"2025-11-22T11:13:27","modified_gmt":"2025-11-22T10:13:27","slug":"san-juan-de-avila-9788428557245","status":"publish","type":"product","link":"https:\/\/www.claret.cat\/es\/libro\/san-juan-de-avila-9788428557245\/","title":{"rendered":"SAN JUAN DE \u00c1VILA"},"content":{"rendered":"<p>Reedici\u00f3n de la escueta biograf\u00eda de san Juan de \u00c1vila que escribiera Baldomero Jim\u00e9nez Duque, elaborada con motivo del 450 aniversario de su fallecimiento, el 125 de su beatificaci\u00f3n, el 50 de su canonizaci\u00f3n y la celebraci\u00f3n en diversas di\u00f3cesis espa\u00f1olas del A\u00f1o Jubilar Avilista. El pr\u00f3logo de la biograf\u00eda est\u00e1 realizado por Demetrio Fern\u00e1ndez, obispo de C\u00f3rdoba. Juan de \u00c1vila, patr\u00f3n del clero secular espa\u00f1ol, vivi\u00f3 en un tiempo convulso, pero tambi\u00e9n de brillantez, en la historia de la Iglesia y de Espa\u00f1a. Predicador infatigable, ejerci\u00f3 el apostolado de diferentes formas y dedic\u00f3 su vida a la renovaci\u00f3n de la instituci\u00f3n sacerdotal y a la formaci\u00f3n de las almas.<\/p>\n","protected":false},"excerpt":{"rendered":"<p>JIM\u00c9NEZ DUQUE, BALDOMERO<\/p>\n","protected":false},"featured_media":1067735,"template":"","meta":{"_acf_changed":false,"om_disable_all_campaigns":false,"rs_blank_template":"","rs_page_bg_color":"","slide_template_v7":"","inline_featured_image":false,"_monsterinsights_skip_tracking":false,"_monsterinsights_sitenote_active":false,"_monsterinsights_sitenote_note":"","_monsterinsights_sitenote_category":0},"product_brand":[],"product_cat":[543,93,345,79,545,95],"product_tag":[],"class_list":{"0":"post-286850","1":"product","2":"type-product","3":"status-publish","4":"has-post-thumbnail","6":"product_cat-eclesiologia-es","7":"product_cat-eclesiologia","8":"product_cat-espiritualidad","9":"product_cat-espiritualitat","10":"product_cat-santoral-1_espiritualidad-spa","11":"product_cat-santoral","13":"first","14":"instock","15":"taxable","16":"shipping-taxable","17":"purchasable","18":"product-type-simple"},"acf":{"autor":"JIM\u00c9NEZ DUQUE, BALDOMERO","codart":"842855724","libros-coleccion":"Retratos de bolsillo","ediciones":"1","encuadernacion":"R\u00fastica","fecha_de_publicacion":"23\/05\/2019","novedad":"1","paginas":"128","subtitulo":"MAESTRO, PADRE, AP\u00d3STOL","orden":"0","portada":"0","idioma":"spa","editorial":[{"ID":6356,"post_author":"3","post_date":"2022-07-28 17:50:26","post_date_gmt":"2022-07-28 15:50:26","post_content":"","post_title":"SAN PABLO COMUNICACI\u00d3N","post_excerpt":"","post_status":"publish","comment_status":"closed","ping_status":"closed","post_password":"","post_name":"san-pablo-comunicacion","to_ping":"","pinged":"","post_modified":"2022-07-28 17:50:26","post_modified_gmt":"2022-07-28 15:50:26","post_content_filtered":"","post_parent":0,"guid":"http:\/\/dev.claret.cat\/editorial\/san-pablo-comunicacion\/","menu_order":0,"post_type":"editorial","post_mime_type":"","comment_count":"0","filter":"raw"}],"autores-libros":[{"ID":151316,"post_author":"3","post_date":"2022-10-14 14:39:55","post_date_gmt":"2022-10-14 12:39:55","post_content":"","post_title":"BALDOMERO JIM\u00c9NEZ DUQUE","post_excerpt":"","post_status":"publish","comment_status":"closed","ping_status":"closed","post_password":"","post_name":"baldomero-jimenez-duque","to_ping":"","pinged":"","post_modified":"2022-10-14 14:39:55","post_modified_gmt":"2022-10-14 12:39:55","post_content_filtered":"","post_parent":0,"guid":"http:\/\/dev.claret.cat\/autor\/baldomero-jimenez-duque\/","menu_order":0,"post_type":"autor","post_mime_type":"","comment_count":"0","filter":"raw"}],"booktrailer":"","resenas":""},"aioseo_notices":[],"_links":{"self":[{"href":"https:\/\/www.claret.cat\/es\/wp-json\/wp\/v2\/product\/286850","targetHints":{"allow":["GET"]}}],"collection":[{"href":"https:\/\/www.claret.cat\/es\/wp-json\/wp\/v2\/product"}],"about":[{"href":"https:\/\/www.claret.cat\/es\/wp-json\/wp\/v2\/types\/product"}],"wp:featuredmedia":[{"embeddable":true,"href":"https:\/\/www.claret.cat\/es\/wp-json\/wp\/v2\/media\/1067735"}],"wp:attachment":[{"href":"https:\/\/www.claret.cat\/es\/wp-json\/wp\/v2\/media?parent=286850"}],"wp:term":[{"taxonomy":"product_brand","embeddable":true,"href":"https:\/\/www.claret.cat\/es\/wp-json\/wp\/v2\/product_brand?post=286850"},{"taxonomy":"product_cat","embeddable":true,"href":"https:\/\/www.claret.cat\/es\/wp-json\/wp\/v2\/product_cat?post=286850"},{"taxonomy":"product_tag","embeddable":true,"href":"https:\/\/www.claret.cat\/es\/wp-json\/wp\/v2\/product_tag?post=286850"}],"curies":[{"name":"wp","href":"https:\/\/api.w.org\/{rel}","templated":true}]}}