{"id":287474,"date":"2022-12-10T05:00:15","date_gmt":"2022-12-10T04:00:15","guid":{"rendered":"http:\/\/dev.claret.cat\/llibre\/50-cartas-a-dios\/"},"modified":"2024-05-02T07:26:16","modified_gmt":"2024-05-02T05:26:16","slug":"50-cartas-a-dios-9788428808330","status":"publish","type":"product","link":"https:\/\/www.claret.cat\/es\/libro\/50-cartas-a-dios-9788428808330\/","title":{"rendered":"50 CARTAS A DIOS"},"content":{"rendered":"<p>Escribir un libro sobre Dios es bien dif\u00edcil; hablarle precisa de condiciones especiales para quien lo hace. Este volumen recoge cincuenta cartas a Dios escritas desde posturas existenciales diversas. En \u00e9l se hace acopio del latido profundo de una mayor\u00eda de personas cat\u00f3licas, pero tambi\u00e9n de otras agn\u00f3sticas, alguna atea, dos musulmanes y un budista. Es un libro que recoge las preguntas, dudas, convicciones y esperanzas que vive el ser humano del siglo XXI ante la realidad siempre misteriosa de Dios. Un libro de carne y hueso, lejos de la especulaci\u00f3n teol\u00f3gica o filos\u00f3fica; lo que se escribe en primera persona se halla sometido a la prueba de la verdad de la realidad que cada cual es, por m\u00e1s que la quiera esconder o disimular. Un libro realizado sin concesiones a la galer\u00eda, un cara a cara con Aquel que nos salva, con Aquel ante quien dejamos de creer, ante Aquel que nos sobrepasa o al que sencillamente no llegamos.<\/p>\n","protected":false},"excerpt":{"rendered":"<p>INIESTA,ALBERTO<\/p>\n","protected":false},"featured_media":336831,"template":"","meta":{"_acf_changed":false,"om_disable_all_campaigns":false,"rs_blank_template":"","rs_page_bg_color":"","slide_template_v7":"","inline_featured_image":false,"_monsterinsights_skip_tracking":false,"_monsterinsights_sitenote_active":false,"_monsterinsights_sitenote_note":"","_monsterinsights_sitenote_category":0},"product_brand":[],"product_cat":[375,174,409,271,437,163,394,236],"product_tag":[],"class_list":{"0":"post-287474","1":"product","2":"type-product","3":"status-publish","4":"has-post-thumbnail","6":"product_cat-antropologia-filosofia-2_humanidades","7":"product_cat-antropologia","8":"product_cat-en-general-pastoral-1_espiritualidad","9":"product_cat-en-general","10":"product_cat-valores-y-convivencia","11":"product_cat-valors-i-convivencia","12":"product_cat-vida-cotidiana","13":"product_cat-vida-quotidiana","15":"first","16":"instock","17":"taxable","18":"shipping-taxable","19":"purchasable","20":"product-type-simple"},"acf":{"autor":"INIESTA,ALBERTO","codart":"842880833","libros-coleccion":"","ediciones":"2","encuadernacion":"Carton\u00e9","fecha_de_publicacion":"01\/02\/2006","novedad":"0","paginas":"202","subtitulo":"","orden":"999","portada":"0","idioma":"spa","editorial":[{"ID":6335,"post_author":"3","post_date":"2022-07-28 17:49:59","post_date_gmt":"2022-07-28 15:49:59","post_content":"","post_title":"PPC altres","post_excerpt":"","post_status":"publish","comment_status":"closed","ping_status":"closed","post_password":"","post_name":"ppc-altres","to_ping":"","pinged":"","post_modified":"2022-07-28 17:49:59","post_modified_gmt":"2022-07-28 15:49:59","post_content_filtered":"","post_parent":0,"guid":"http:\/\/dev.claret.cat\/editorial\/ppc-altres\/","menu_order":0,"post_type":"editorial","post_mime_type":"","comment_count":"0","filter":"raw"}],"autores-libros":[{"ID":6085,"post_author":"3","post_date":"2022-07-28 17:37:49","post_date_gmt":"2022-07-28 15:37:49","post_content":"","post_title":"VV. AA.","post_excerpt":"","post_status":"publish","comment_status":"closed","ping_status":"closed","post_password":"","post_name":"vv-aa","to_ping":"","pinged":"","post_modified":"2022-07-28 17:37:49","post_modified_gmt":"2022-07-28 15:37:49","post_content_filtered":"","post_parent":0,"guid":"http:\/\/dev.claret.cat\/autor\/vv-aa\/","menu_order":0,"post_type":"autor","post_mime_type":"","comment_count":"0","filter":"raw"}]},"aioseo_notices":[],"_links":{"self":[{"href":"https:\/\/www.claret.cat\/es\/wp-json\/wp\/v2\/product\/287474","targetHints":{"allow":["GET"]}}],"collection":[{"href":"https:\/\/www.claret.cat\/es\/wp-json\/wp\/v2\/product"}],"about":[{"href":"https:\/\/www.claret.cat\/es\/wp-json\/wp\/v2\/types\/product"}],"wp:featuredmedia":[{"embeddable":true,"href":"https:\/\/www.claret.cat\/es\/wp-json\/wp\/v2\/media\/336831"}],"wp:attachment":[{"href":"https:\/\/www.claret.cat\/es\/wp-json\/wp\/v2\/media?parent=287474"}],"wp:term":[{"taxonomy":"product_brand","embeddable":true,"href":"https:\/\/www.claret.cat\/es\/wp-json\/wp\/v2\/product_brand?post=287474"},{"taxonomy":"product_cat","embeddable":true,"href":"https:\/\/www.claret.cat\/es\/wp-json\/wp\/v2\/product_cat?post=287474"},{"taxonomy":"product_tag","embeddable":true,"href":"https:\/\/www.claret.cat\/es\/wp-json\/wp\/v2\/product_tag?post=287474"}],"curies":[{"name":"wp","href":"https:\/\/api.w.org\/{rel}","templated":true}]}}