{"id":287606,"date":"2022-12-10T05:40:56","date_gmt":"2022-12-10T04:40:56","guid":{"rendered":"http:\/\/dev.claret.cat\/llibre\/crear-y-recrear-en-la-clase-de-religion\/"},"modified":"2024-05-02T07:20:15","modified_gmt":"2024-05-02T05:20:15","slug":"crear-y-recrear-en-la-clase-de-religion-9788428817219","status":"publish","type":"product","link":"https:\/\/www.claret.cat\/es\/libro\/crear-y-recrear-en-la-clase-de-religion-9788428817219\/","title":{"rendered":"CREAR Y RECREAR EN LA CLASE DE RELIGI\u00d3N"},"content":{"rendered":"<p>En esta obra se ofrecen experiencias y propuestas agrupadas en torno a un objetivo com\u00fan: c\u00f3mo trabajar de forma creativa en las clase de Religi\u00f3n teniendo en cuenta la cultura en que nadamos y la sociedad en que vivimos. Y se hace siempre partiendo de la actualidad concretada en s\u00edmbolo, objetos, personajes,\u2026 y sintetizada a partir de noticias y acontecimientos de actualidad, pintadas, libros, anuncios, relatos, &#8216;sue\u00f1os&#8217;, canciones o cualquier acontecimiento de la vida quotidiana.<\/p>\n","protected":false},"excerpt":{"rendered":"<p>OTERO, HERMINIO<\/p>\n","protected":false},"featured_media":336958,"template":"","meta":{"_acf_changed":false,"om_disable_all_campaigns":false,"rs_blank_template":"","rs_page_bg_color":"","slide_template_v7":"","inline_featured_image":false,"_monsterinsights_skip_tracking":false,"_monsterinsights_sitenote_active":false,"_monsterinsights_sitenote_note":"","_monsterinsights_sitenote_category":0},"product_brand":[],"product_cat":[226,388,189,453,227,389],"product_tag":[],"class_list":{"0":"post-287606","1":"product","2":"type-product","3":"status-publish","4":"has-post-thumbnail","6":"product_cat-didactica","7":"product_cat-didactica-catequesis-1_espiritualidad","8":"product_cat-didactica-i-praxi-escolar","9":"product_cat-didactica-y-praxis-escolar","10":"product_cat-formacio","11":"product_cat-formacion","13":"first","14":"instock","15":"taxable","16":"shipping-taxable","17":"purchasable","18":"product-type-simple"},"acf":{"autor":"OTERO, HERMINIO","codart":"842881721","libros-coleccion":"Educar Pr\u00e1ctico","ediciones":"1","encuadernacion":"R\u00fastica","fecha_de_publicacion":"08\/03\/2007","novedad":"0","paginas":"208","subtitulo":"EXPERIENCIAS Y  PROPUESTAS","orden":"1","portada":"0","idioma":"spa","editorial":[{"ID":6335,"post_author":"3","post_date":"2022-07-28 17:49:59","post_date_gmt":"2022-07-28 15:49:59","post_content":"","post_title":"PPC altres","post_excerpt":"","post_status":"publish","comment_status":"closed","ping_status":"closed","post_password":"","post_name":"ppc-altres","to_ping":"","pinged":"","post_modified":"2022-07-28 17:49:59","post_modified_gmt":"2022-07-28 15:49:59","post_content_filtered":"","post_parent":0,"guid":"http:\/\/dev.claret.cat\/editorial\/ppc-altres\/","menu_order":0,"post_type":"editorial","post_mime_type":"","comment_count":"0","filter":"raw"}],"autores-libros":[{"ID":5538,"post_author":"3","post_date":"2022-07-28 17:26:08","post_date_gmt":"2022-07-28 15:26:08","post_content":"","post_title":"HERMINIO OTERO","post_excerpt":"","post_status":"publish","comment_status":"closed","ping_status":"closed","post_password":"","post_name":"herminio-otero","to_ping":"","pinged":"","post_modified":"2022-07-28 17:26:08","post_modified_gmt":"2022-07-28 15:26:08","post_content_filtered":"","post_parent":0,"guid":"http:\/\/dev.claret.cat\/autor\/herminio-otero\/","menu_order":0,"post_type":"autor","post_mime_type":"","comment_count":"0","filter":"raw"}]},"aioseo_notices":[],"_links":{"self":[{"href":"https:\/\/www.claret.cat\/es\/wp-json\/wp\/v2\/product\/287606","targetHints":{"allow":["GET"]}}],"collection":[{"href":"https:\/\/www.claret.cat\/es\/wp-json\/wp\/v2\/product"}],"about":[{"href":"https:\/\/www.claret.cat\/es\/wp-json\/wp\/v2\/types\/product"}],"wp:featuredmedia":[{"embeddable":true,"href":"https:\/\/www.claret.cat\/es\/wp-json\/wp\/v2\/media\/336958"}],"wp:attachment":[{"href":"https:\/\/www.claret.cat\/es\/wp-json\/wp\/v2\/media?parent=287606"}],"wp:term":[{"taxonomy":"product_brand","embeddable":true,"href":"https:\/\/www.claret.cat\/es\/wp-json\/wp\/v2\/product_brand?post=287606"},{"taxonomy":"product_cat","embeddable":true,"href":"https:\/\/www.claret.cat\/es\/wp-json\/wp\/v2\/product_cat?post=287606"},{"taxonomy":"product_tag","embeddable":true,"href":"https:\/\/www.claret.cat\/es\/wp-json\/wp\/v2\/product_tag?post=287606"}],"curies":[{"name":"wp","href":"https:\/\/api.w.org\/{rel}","templated":true}]}}