{"id":287627,"date":"2022-12-10T05:41:51","date_gmt":"2022-12-10T04:41:51","guid":{"rendered":"http:\/\/dev.claret.cat\/llibre\/baraja-bendiciones-de-la-mesa-en-familia\/"},"modified":"2026-03-12T16:50:10","modified_gmt":"2026-03-12T15:50:10","slug":"baraja-bendiciones-de-la-mesa-en-familia-9788428817813","status":"publish","type":"product","link":"https:\/\/www.claret.cat\/es\/libro\/baraja-bendiciones-de-la-mesa-en-familia-9788428817813\/","title":{"rendered":"BARAJA BENDICIONES DE LA MESA EN FAMILIA"},"content":{"rendered":"<p>Cincuenta oraciones para bendecir la mesa en familia. Es frecuente que la mesa quede sin bendecir por no saber c\u00f3mo hacerlo, temor al rid\u00edculo, falsos respetos o, incluso, miedo a parecer infantiles. A veces se repite alguna bendici\u00f3n heredada que, ya de adultos, parece carecer de sentido. Estas bendiciones ayudar\u00e1n a recobrar y a dar sentido y vida a este sencillo h\u00e1bito familiar.<\/p>\n","protected":false},"excerpt":{"rendered":"<p>PPC<\/p>\n","protected":false},"featured_media":336972,"template":"","meta":{"_acf_changed":false,"om_disable_all_campaigns":false,"rs_blank_template":"","rs_page_bg_color":"","slide_template_v7":"","inline_featured_image":false,"_monsterinsights_skip_tracking":false,"_monsterinsights_sitenote_active":false,"_monsterinsights_sitenote_note":"","_monsterinsights_sitenote_category":0},"product_brand":[],"product_cat":[90,540],"product_tag":[],"class_list":{"0":"post-287627","1":"product","2":"type-product","3":"status-publish","4":"has-post-thumbnail","6":"product_cat-altres","7":"product_cat-otros","9":"first","10":"instock","11":"taxable","12":"shipping-taxable","13":"purchasable","14":"product-type-simple"},"acf":{"autor":"PPC","codart":"842881781","libros-coleccion":"","ediciones":"1","encuadernacion":"[Vac\u00edo]","fecha_de_publicacion":"08\/01\/2009","novedad":"0","paginas":"0","subtitulo":"","orden":"999","portada":"0","idioma":"spa","editorial":[{"ID":6335,"post_author":"3","post_date":"2022-07-28 17:49:59","post_date_gmt":"2022-07-28 15:49:59","post_content":"","post_title":"PPC altres","post_excerpt":"","post_status":"publish","comment_status":"closed","ping_status":"closed","post_password":"","post_name":"ppc-altres","to_ping":"","pinged":"","post_modified":"2022-07-28 17:49:59","post_modified_gmt":"2022-07-28 15:49:59","post_content_filtered":"","post_parent":0,"guid":"http:\/\/dev.claret.cat\/editorial\/ppc-altres\/","menu_order":0,"post_type":"editorial","post_mime_type":"","comment_count":"0","filter":"raw"}],"autores-libros":[{"ID":5953,"post_author":"3","post_date":"2022-07-28 17:35:03","post_date_gmt":"2022-07-28 15:35:03","post_content":"","post_title":"PPC","post_excerpt":"","post_status":"publish","comment_status":"closed","ping_status":"closed","post_password":"","post_name":"ppc","to_ping":"","pinged":"","post_modified":"2022-07-28 17:35:03","post_modified_gmt":"2022-07-28 15:35:03","post_content_filtered":"","post_parent":0,"guid":"http:\/\/dev.claret.cat\/autor\/ppc\/","menu_order":0,"post_type":"autor","post_mime_type":"","comment_count":"0","filter":"raw"}],"booktrailer":"","resenas":""},"aioseo_notices":[],"_links":{"self":[{"href":"https:\/\/www.claret.cat\/es\/wp-json\/wp\/v2\/product\/287627","targetHints":{"allow":["GET"]}}],"collection":[{"href":"https:\/\/www.claret.cat\/es\/wp-json\/wp\/v2\/product"}],"about":[{"href":"https:\/\/www.claret.cat\/es\/wp-json\/wp\/v2\/types\/product"}],"wp:featuredmedia":[{"embeddable":true,"href":"https:\/\/www.claret.cat\/es\/wp-json\/wp\/v2\/media\/336972"}],"wp:attachment":[{"href":"https:\/\/www.claret.cat\/es\/wp-json\/wp\/v2\/media?parent=287627"}],"wp:term":[{"taxonomy":"product_brand","embeddable":true,"href":"https:\/\/www.claret.cat\/es\/wp-json\/wp\/v2\/product_brand?post=287627"},{"taxonomy":"product_cat","embeddable":true,"href":"https:\/\/www.claret.cat\/es\/wp-json\/wp\/v2\/product_cat?post=287627"},{"taxonomy":"product_tag","embeddable":true,"href":"https:\/\/www.claret.cat\/es\/wp-json\/wp\/v2\/product_tag?post=287627"}],"curies":[{"name":"wp","href":"https:\/\/api.w.org\/{rel}","templated":true}]}}