{"id":287698,"date":"2022-12-10T06:10:51","date_gmt":"2022-12-10T05:10:51","guid":{"rendered":"http:\/\/dev.claret.cat\/llibre\/la-interioridad-un-paradigma-emergente\/"},"modified":"2024-09-14T11:55:09","modified_gmt":"2024-09-14T09:55:09","slug":"la-interioridad-un-paradigma-emergente-9788428819152","status":"publish","type":"product","link":"https:\/\/www.claret.cat\/es\/libro\/la-interioridad-un-paradigma-emergente-9788428819152\/","title":{"rendered":"LA INTERIORIDAD: UN PARADIGMA EMERGENTE"},"content":{"rendered":"<p>El objetivo de este libro no es tanto construir un nuevo paradigma -empresa, por otro lado, tit\u00e1nica- cuanto proponer, dentro de las coordenadas de la interioridad, algunos contenidos, v\u00edas de reflexi\u00f3n y posibles aplicaciones que nos ayuden a dotar de un marco te\u00f3rico a la experiencia. La interioridad: un paradigma emergente pretende ser un mosaico donde cada autor esboza su perspectiva particular sobre el tema. Se trata, por tanto, de enfoques no necesariamente coincidentes, aunque s\u00ed complementarios. Esta pluralidad de puntos de vista sin duda enriquecer\u00e1 enormemente el an\u00e1lisis.<\/p>\n","protected":false},"excerpt":{"rendered":"<p>MELLONI, JAVIER<\/p>\n","protected":false},"featured_media":337047,"template":"","meta":{"_acf_changed":false,"om_disable_all_campaigns":false,"rs_blank_template":"","rs_page_bg_color":"","slide_template_v7":"","inline_featured_image":false,"_monsterinsights_skip_tracking":false,"_monsterinsights_sitenote_active":false,"_monsterinsights_sitenote_note":"","_monsterinsights_sitenote_category":0},"product_brand":[],"product_cat":[345,79,342,76],"product_tag":[],"class_list":{"0":"post-287698","1":"product","2":"type-product","3":"status-publish","4":"has-post-thumbnail","6":"product_cat-espiritualidad","7":"product_cat-espiritualitat","8":"product_cat-teologia-1_espiritualidad","9":"product_cat-teologia","11":"first","12":"instock","13":"taxable","14":"shipping-taxable","15":"purchasable","16":"product-type-simple"},"acf":{"autor":"MELLONI, JAVIER","codart":"842881915","libros-coleccion":"","ediciones":"1","encuadernacion":"R\u00fastica","fecha_de_publicacion":"15\/11\/2004","novedad":"0","paginas":"219","subtitulo":"","orden":"999","portada":"0","idioma":"spa","editorial":[{"ID":6335,"post_author":"3","post_date":"2022-07-28 17:49:59","post_date_gmt":"2022-07-28 15:49:59","post_content":"","post_title":"PPC altres","post_excerpt":"","post_status":"publish","comment_status":"closed","ping_status":"closed","post_password":"","post_name":"ppc-altres","to_ping":"","pinged":"","post_modified":"2022-07-28 17:49:59","post_modified_gmt":"2022-07-28 15:49:59","post_content_filtered":"","post_parent":0,"guid":"http:\/\/dev.claret.cat\/editorial\/ppc-altres\/","menu_order":0,"post_type":"editorial","post_mime_type":"","comment_count":"0","filter":"raw"}],"autores-libros":[{"ID":5580,"post_author":"3","post_date":"2022-07-28 17:27:02","post_date_gmt":"2022-07-28 15:27:02","post_content":"","post_title":"JAVIER MELLONI","post_excerpt":"","post_status":"publish","comment_status":"closed","ping_status":"closed","post_password":"","post_name":"javier-melloni","to_ping":"","pinged":"","post_modified":"2022-07-28 17:27:02","post_modified_gmt":"2022-07-28 15:27:02","post_content_filtered":"","post_parent":0,"guid":"http:\/\/dev.claret.cat\/autor\/javier-melloni\/","menu_order":0,"post_type":"autor","post_mime_type":"","comment_count":"0","filter":"raw"}]},"aioseo_notices":[],"_links":{"self":[{"href":"https:\/\/www.claret.cat\/es\/wp-json\/wp\/v2\/product\/287698","targetHints":{"allow":["GET"]}}],"collection":[{"href":"https:\/\/www.claret.cat\/es\/wp-json\/wp\/v2\/product"}],"about":[{"href":"https:\/\/www.claret.cat\/es\/wp-json\/wp\/v2\/types\/product"}],"wp:featuredmedia":[{"embeddable":true,"href":"https:\/\/www.claret.cat\/es\/wp-json\/wp\/v2\/media\/337047"}],"wp:attachment":[{"href":"https:\/\/www.claret.cat\/es\/wp-json\/wp\/v2\/media?parent=287698"}],"wp:term":[{"taxonomy":"product_brand","embeddable":true,"href":"https:\/\/www.claret.cat\/es\/wp-json\/wp\/v2\/product_brand?post=287698"},{"taxonomy":"product_cat","embeddable":true,"href":"https:\/\/www.claret.cat\/es\/wp-json\/wp\/v2\/product_cat?post=287698"},{"taxonomy":"product_tag","embeddable":true,"href":"https:\/\/www.claret.cat\/es\/wp-json\/wp\/v2\/product_tag?post=287698"}],"curies":[{"name":"wp","href":"https:\/\/api.w.org\/{rel}","templated":true}]}}