{"id":287820,"date":"2022-12-10T07:00:51","date_gmt":"2022-12-10T06:00:51","guid":{"rendered":"http:\/\/dev.claret.cat\/llibre\/hablo-con-dios-cada-dia\/"},"modified":"2024-05-02T07:10:16","modified_gmt":"2024-05-02T05:10:16","slug":"hablo-con-dios-cada-dia-9788428820806","status":"publish","type":"product","link":"https:\/\/www.claret.cat\/es\/libro\/hablo-con-dios-cada-dia-9788428820806\/","title":{"rendered":"HABLO CON DIOS CADA D\u00cdA"},"content":{"rendered":"<p>Un estuche con 12 libritos (uno para cada mes) que contienen una oraci\u00f3n para cada d\u00eda del a\u00f1o, primorosamente ilustradas. Para que la lean los ni\u00f1os (o se la lean sus familiares): cada mes se sacar\u00e1 del estuche el librito correspondiente, que se puede colocar en la mesita de noche.<br \/>Este estuche contiene un gran regalo: 366 oraciones sencillas, profundas y llenas de vida. Con ayuda de tus familiares, podr\u00e1s hablar de tus cosas y de lo que pasa en nuestro mundo con Dios o con Jes\u00fas, o con Mar\u00eda.<\/p>\n","protected":false},"excerpt":{"rendered":"<p>AYERRA, MARI PATXI<\/p>\n","protected":false},"featured_media":337148,"template":"","meta":{"_acf_changed":false,"om_disable_all_campaigns":false,"rs_blank_template":"","rs_page_bg_color":"","slide_template_v7":"","inline_featured_image":false,"_monsterinsights_skip_tracking":false,"_monsterinsights_sitenote_active":false,"_monsterinsights_sitenote_note":"","_monsterinsights_sitenote_category":0},"product_brand":[],"product_cat":[131,361,408,270,267,478,219,405,396,247],"product_tag":[],"class_list":{"0":"post-287820","1":"product","2":"type-product","3":"status-publish","4":"has-post-thumbnail","6":"product_cat-contes-per-infants-0-6-anys","7":"product_cat-cuentos-para-ninos-0-6-anos","8":"product_cat-familiar-pastoral-1_espiritualidad","9":"product_cat-familiar-pastoral","10":"product_cat-infantil-pastoral","11":"product_cat-infantil-catequesis-1_espiritualidad","12":"product_cat-infantil-catequesi","13":"product_cat-infantil-pastoral-1_espiritualidad","14":"product_cat-oracion","15":"product_cat-pregaria","17":"first","18":"instock","19":"taxable","20":"shipping-taxable","21":"purchasable","22":"product-type-simple"},"acf":{"autor":"AYERRA, MARI PATXI","codart":"842882080","libros-coleccion":"Mis primeras oraciones","ediciones":"1","encuadernacion":"Carton\u00e9","fecha_de_publicacion":"17\/11\/2008","novedad":"0","paginas":"416","subtitulo":"MIS PRIMERAS ORACIONES","orden":"999","portada":"0","idioma":"spa","editorial":[{"ID":6335,"post_author":"3","post_date":"2022-07-28 17:49:59","post_date_gmt":"2022-07-28 15:49:59","post_content":"","post_title":"PPC altres","post_excerpt":"","post_status":"publish","comment_status":"closed","ping_status":"closed","post_password":"","post_name":"ppc-altres","to_ping":"","pinged":"","post_modified":"2022-07-28 17:49:59","post_modified_gmt":"2022-07-28 15:49:59","post_content_filtered":"","post_parent":0,"guid":"http:\/\/dev.claret.cat\/editorial\/ppc-altres\/","menu_order":0,"post_type":"editorial","post_mime_type":"","comment_count":"0","filter":"raw"}],"autores-libros":[{"ID":5789,"post_author":"3","post_date":"2022-07-28 17:31:30","post_date_gmt":"2022-07-28 15:31:30","post_content":"","post_title":"MARI PATXI AYERRA","post_excerpt":"","post_status":"publish","comment_status":"closed","ping_status":"closed","post_password":"","post_name":"mari-patxi-ayerra","to_ping":"","pinged":"","post_modified":"2022-07-28 17:31:30","post_modified_gmt":"2022-07-28 15:31:30","post_content_filtered":"","post_parent":0,"guid":"http:\/\/dev.claret.cat\/autor\/mari-patxi-ayerra\/","menu_order":0,"post_type":"autor","post_mime_type":"","comment_count":"0","filter":"raw"}]},"aioseo_notices":[],"_links":{"self":[{"href":"https:\/\/www.claret.cat\/es\/wp-json\/wp\/v2\/product\/287820","targetHints":{"allow":["GET"]}}],"collection":[{"href":"https:\/\/www.claret.cat\/es\/wp-json\/wp\/v2\/product"}],"about":[{"href":"https:\/\/www.claret.cat\/es\/wp-json\/wp\/v2\/types\/product"}],"wp:featuredmedia":[{"embeddable":true,"href":"https:\/\/www.claret.cat\/es\/wp-json\/wp\/v2\/media\/337148"}],"wp:attachment":[{"href":"https:\/\/www.claret.cat\/es\/wp-json\/wp\/v2\/media?parent=287820"}],"wp:term":[{"taxonomy":"product_brand","embeddable":true,"href":"https:\/\/www.claret.cat\/es\/wp-json\/wp\/v2\/product_brand?post=287820"},{"taxonomy":"product_cat","embeddable":true,"href":"https:\/\/www.claret.cat\/es\/wp-json\/wp\/v2\/product_cat?post=287820"},{"taxonomy":"product_tag","embeddable":true,"href":"https:\/\/www.claret.cat\/es\/wp-json\/wp\/v2\/product_tag?post=287820"}],"curies":[{"name":"wp","href":"https:\/\/api.w.org\/{rel}","templated":true}]}}