{"id":287919,"date":"2022-12-10T07:11:29","date_gmt":"2022-12-10T06:11:29","guid":{"rendered":"http:\/\/dev.claret.cat\/llibre\/confesiones-de-un-cura-rural\/"},"modified":"2024-05-02T07:04:11","modified_gmt":"2024-05-02T05:04:11","slug":"confesiones-de-un-cura-rural-9788428822008","status":"publish","type":"product","link":"https:\/\/www.claret.cat\/es\/libro\/confesiones-de-un-cura-rural-9788428822008\/","title":{"rendered":"CONFESIONES DE UN CURA RURAL"},"content":{"rendered":"<p>Este es el \u00faltimo libro p\u00f3stumo de Francisco Contreras Molina. A trav\u00e9s de sucesivos encuentros, en los que va hilvanando recuerdos y reflexiones personales, Paco -como le llamaban familiarmente- va revelando el fondo de su coraz\u00f3n, inflamado de amor por la Palabra de Dios y de celo apost\u00f3lico por la salvaci\u00f3n de sus hermanos. Descubrimos as\u00ed el coraz\u00f3n de un buen pastor, que sabe compartir las alegr\u00edas y las penas de la gente, llev\u00e1ndoles un mensaje de amor y de esperanza. Y que adem\u00e1s sabe comunicar esta buena noticia, el Evangelio de Jes\u00fas, con la pasi\u00f3n y la belleza que brotan de un coraz\u00f3n enamorado de su Palabra.Aunque no fueron redactadas con esa intenci\u00f3n, estas p\u00e1ginas finales y definitivas han de leerse a modo de testamento espiritual. Un testimonio personal rebosante de fe y de esperanza. La confianza en el amor de Dios, m\u00e1s fuerte que la muerte, alienta e irradia vigorosamente en cada una de las palabras que componen el libro. Una obra que, tambi\u00e9n sin pretenderlo, resulta una valiosa aportaci\u00f3n a esa iniciativa de la Iglesia que es el A\u00f1o Sacerdotal.<\/p>\n","protected":false},"excerpt":{"rendered":"<p>CONTRERAS MOLINA, FRANCISCO<\/p>\n","protected":false},"featured_media":337214,"template":"","meta":{"_acf_changed":false,"om_disable_all_campaigns":false,"rs_blank_template":"","rs_page_bg_color":"","slide_template_v7":"","inline_featured_image":false,"_monsterinsights_skip_tracking":false,"_monsterinsights_sitenote_active":false,"_monsterinsights_sitenote_note":"","_monsterinsights_sitenote_category":0},"product_brand":[],"product_cat":[90,540],"product_tag":[],"class_list":{"0":"post-287919","1":"product","2":"type-product","3":"status-publish","4":"has-post-thumbnail","6":"product_cat-altres","7":"product_cat-otros","9":"first","10":"instock","11":"taxable","12":"shipping-taxable","13":"purchasable","14":"product-type-simple"},"acf":{"autor":"CONTRERAS MOLINA, FRANCISCO","codart":"842882200","libros-coleccion":"FORA DE COL.LECCI\u00d3","ediciones":"1","encuadernacion":"R\u00fastica","fecha_de_publicacion":"01\/01\/2010","novedad":"0","paginas":"256","subtitulo":"","orden":"999","portada":"0","idioma":"spa","editorial":[{"ID":6335,"post_author":"3","post_date":"2022-07-28 17:49:59","post_date_gmt":"2022-07-28 15:49:59","post_content":"","post_title":"PPC altres","post_excerpt":"","post_status":"publish","comment_status":"closed","ping_status":"closed","post_password":"","post_name":"ppc-altres","to_ping":"","pinged":"","post_modified":"2022-07-28 17:49:59","post_modified_gmt":"2022-07-28 15:49:59","post_content_filtered":"","post_parent":0,"guid":"http:\/\/dev.claret.cat\/editorial\/ppc-altres\/","menu_order":0,"post_type":"editorial","post_mime_type":"","comment_count":"0","filter":"raw"}],"autores-libros":[{"ID":8324,"post_author":"3","post_date":"2022-09-30 09:47:43","post_date_gmt":"2022-09-30 07:47:43","post_content":"","post_title":"FRANCISCO CONTRERAS MOLINA","post_excerpt":"","post_status":"publish","comment_status":"closed","ping_status":"closed","post_password":"","post_name":"francisco-contreras-molina","to_ping":"","pinged":"","post_modified":"2022-09-30 09:47:43","post_modified_gmt":"2022-09-30 07:47:43","post_content_filtered":"","post_parent":0,"guid":"http:\/\/dev.claret.cat\/autor\/francisco-contreras-molina\/","menu_order":0,"post_type":"autor","post_mime_type":"","comment_count":"0","filter":"raw"}]},"aioseo_notices":[],"_links":{"self":[{"href":"https:\/\/www.claret.cat\/es\/wp-json\/wp\/v2\/product\/287919","targetHints":{"allow":["GET"]}}],"collection":[{"href":"https:\/\/www.claret.cat\/es\/wp-json\/wp\/v2\/product"}],"about":[{"href":"https:\/\/www.claret.cat\/es\/wp-json\/wp\/v2\/types\/product"}],"wp:featuredmedia":[{"embeddable":true,"href":"https:\/\/www.claret.cat\/es\/wp-json\/wp\/v2\/media\/337214"}],"wp:attachment":[{"href":"https:\/\/www.claret.cat\/es\/wp-json\/wp\/v2\/media?parent=287919"}],"wp:term":[{"taxonomy":"product_brand","embeddable":true,"href":"https:\/\/www.claret.cat\/es\/wp-json\/wp\/v2\/product_brand?post=287919"},{"taxonomy":"product_cat","embeddable":true,"href":"https:\/\/www.claret.cat\/es\/wp-json\/wp\/v2\/product_cat?post=287919"},{"taxonomy":"product_tag","embeddable":true,"href":"https:\/\/www.claret.cat\/es\/wp-json\/wp\/v2\/product_tag?post=287919"}],"curies":[{"name":"wp","href":"https:\/\/api.w.org\/{rel}","templated":true}]}}