{"id":287982,"date":"2022-12-10T07:30:29","date_gmt":"2022-12-10T06:30:29","guid":{"rendered":"http:\/\/dev.claret.cat\/llibre\/celebraciones-en-torno-a-los-difuntos\/"},"modified":"2024-05-02T07:01:29","modified_gmt":"2024-05-02T05:01:29","slug":"celebraciones-en-torno-a-los-difuntos-9788428823081","status":"publish","type":"product","link":"https:\/\/www.claret.cat\/es\/libro\/celebraciones-en-torno-a-los-difuntos-9788428823081\/","title":{"rendered":"CELEBRACIONES EN TORNO A LOS DIFUNTOS"},"content":{"rendered":"<p>Quienes tienen experiencia del acompa\u00f1amiento espiritual a las familias que acaban de perder a un ser querido saben de la complejidad de esa tarea en una sociedad que niega la muerte y procura que sea leve e indolora. Por otra parte las familias quedan desconcertadas, heridas y con interrogantes a flor de piel. En la tradici\u00f3n cristiana tenemos un rico acervo de s\u00edmbolos, im\u00e1genes y relatos capaces de abrazar esas realidades profundas, ayudar a trascenderlas y ponerlas al cobijo de la fuerza resucitadora de Dios.<br \/>Este libro ofrece un elenco amplio y vital, amasado a pie de obra en una comunidad parroquial, de ritos, gestos, textos b\u00edblicos, oraciones, reflexiones, poemas y relatos para facilitar el acompa\u00f1amiento al que se muere (celebraci\u00f3n de la Unci\u00f3n), la despedida en la casa o en el tanatorio, la incineraci\u00f3n, el entierro, funerales adaptados a diversas situaciones (suicidio, accidente&#8230;), misa de aniversario, visitas al cementerio y conmemoraci\u00f3n de los fieles difuntos.<\/p>\n","protected":false},"excerpt":{"rendered":"<p>GARC\u00cdA HERRERO, JES\u00daS<\/p>\n","protected":false},"featured_media":337255,"template":"","meta":{"_acf_changed":false,"om_disable_all_campaigns":false,"rs_blank_template":"","rs_page_bg_color":"","slide_template_v7":"","inline_featured_image":false,"_monsterinsights_skip_tracking":false,"_monsterinsights_sitenote_active":false,"_monsterinsights_sitenote_note":"","_monsterinsights_sitenote_category":0},"product_brand":[],"product_cat":[90,540],"product_tag":[],"class_list":{"0":"post-287982","1":"product","2":"type-product","3":"status-publish","4":"has-post-thumbnail","6":"product_cat-altres","7":"product_cat-otros","9":"first","10":"instock","11":"taxable","12":"shipping-taxable","13":"purchasable","14":"product-type-simple"},"acf":{"autor":"GARC\u00cdA HERRERO, JES\u00daS","codart":"842882308","libros-coleccion":"","ediciones":"1","encuadernacion":"R\u00fastica","fecha_de_publicacion":"01\/02\/2011","novedad":"0","paginas":"208","subtitulo":"DESPEDIDA, TANATORIO, ENTIERRO, FUNERALES","orden":"999","portada":"0","idioma":"spa","editorial":[{"ID":6335,"post_author":"3","post_date":"2022-07-28 17:49:59","post_date_gmt":"2022-07-28 15:49:59","post_content":"","post_title":"PPC altres","post_excerpt":"","post_status":"publish","comment_status":"closed","ping_status":"closed","post_password":"","post_name":"ppc-altres","to_ping":"","pinged":"","post_modified":"2022-07-28 17:49:59","post_modified_gmt":"2022-07-28 15:49:59","post_content_filtered":"","post_parent":0,"guid":"http:\/\/dev.claret.cat\/editorial\/ppc-altres\/","menu_order":0,"post_type":"editorial","post_mime_type":"","comment_count":"0","filter":"raw"}],"autores-libros":[{"ID":159109,"post_author":"3","post_date":"2022-10-14 15:42:09","post_date_gmt":"2022-10-14 13:42:09","post_content":"","post_title":"JES\u00daS GARC\u00cdA HERRERO","post_excerpt":"","post_status":"publish","comment_status":"closed","ping_status":"closed","post_password":"","post_name":"jesus-garcia-herrero","to_ping":"","pinged":"","post_modified":"2022-10-14 15:42:09","post_modified_gmt":"2022-10-14 13:42:09","post_content_filtered":"","post_parent":0,"guid":"http:\/\/dev.claret.cat\/autor\/jesus-garcia-herrero\/","menu_order":0,"post_type":"autor","post_mime_type":"","comment_count":"0","filter":"raw"}]},"aioseo_notices":[],"_links":{"self":[{"href":"https:\/\/www.claret.cat\/es\/wp-json\/wp\/v2\/product\/287982","targetHints":{"allow":["GET"]}}],"collection":[{"href":"https:\/\/www.claret.cat\/es\/wp-json\/wp\/v2\/product"}],"about":[{"href":"https:\/\/www.claret.cat\/es\/wp-json\/wp\/v2\/types\/product"}],"wp:featuredmedia":[{"embeddable":true,"href":"https:\/\/www.claret.cat\/es\/wp-json\/wp\/v2\/media\/337255"}],"wp:attachment":[{"href":"https:\/\/www.claret.cat\/es\/wp-json\/wp\/v2\/media?parent=287982"}],"wp:term":[{"taxonomy":"product_brand","embeddable":true,"href":"https:\/\/www.claret.cat\/es\/wp-json\/wp\/v2\/product_brand?post=287982"},{"taxonomy":"product_cat","embeddable":true,"href":"https:\/\/www.claret.cat\/es\/wp-json\/wp\/v2\/product_cat?post=287982"},{"taxonomy":"product_tag","embeddable":true,"href":"https:\/\/www.claret.cat\/es\/wp-json\/wp\/v2\/product_tag?post=287982"}],"curies":[{"name":"wp","href":"https:\/\/api.w.org\/{rel}","templated":true}]}}