{"id":288674,"date":"2022-12-10T08:15:46","date_gmt":"2022-12-10T07:15:46","guid":{"rendered":"http:\/\/dev.claret.cat\/llibre\/hacia-una-teologia-de-la-interioridad\/"},"modified":"2024-05-02T06:00:13","modified_gmt":"2024-05-02T04:00:13","slug":"hacia-una-teologia-de-la-interioridad-9788428833844","status":"publish","type":"product","link":"https:\/\/www.claret.cat\/es\/libro\/hacia-una-teologia-de-la-interioridad-9788428833844\/","title":{"rendered":"HACIA UNA TEOLOG\u00cdA DE LA INTERIORIDAD"},"content":{"rendered":"<p>La teolog\u00eda como fuente, como manantial de la educaci\u00f3n de la interioridad, se nos revela como culmen de nuestro itinerario educativo y personal. Podr\u00eda serlo en t\u00e9rminos metodol\u00f3gicos a la hora de sistematizar los momentos de esta historia. Pero, en realidad, no lo es, no es el final, porque beber en el propio pozo ha sido el origen, ha sido la inspiraci\u00f3n en el entretiempo y lo sigue siendo en estas nuevas etapas de maduraci\u00f3n de este paradigma educativo.<br \/>En este marco teol\u00f3gico, apoy\u00e1ndonos en aportaciones del profesor Mart\u00edn Velasco, recordamos que, durante demasiado tiempo, hubo una teolog\u00eda condicionada por el racionalismo propio de su \u00e9poca, privilegiando los caminos de la raz\u00f3n demostrativa. En aquel momento imper\u00f3 una necesidad de demostrar racionalmente la existencia de Dios para la fe, sin caer en la cuenta \u2013explicaba\u2013 de que un Dios demostrado por la raz\u00f3n humana no ser\u00eda Dios, sino un \u00eddolo creado por ella. En el camino hacia Dios interviene la raz\u00f3n, pero en otro momento y de otras formas: no para demostrar su existencia, sino para mostrar que la aceptaci\u00f3n creyente de su presencia, lejos de chocar con el uso de nuestra raz\u00f3n, la ilumina.<br \/>Afortunadamente, vamos conquistando otro tiempo en el que, a pesar del empirismo todav\u00eda dominante, los caminos hacia Dios pasan m\u00e1s claramente por la experiencia personal. La mirada a nuestra propia vida de creyentes lo confirma. Dios solo comienza a ser Dios para nosotros cuando pasamos de conocer la idea de Dios que nos ha sido transmitida doctrinalmente a encontrarnos realmente con \u00e9l en nuestra vida.<\/p>\n","protected":false},"excerpt":{"rendered":"<p>ANDR\u00c9S SU\u00c1REZ, ELENA; ESTEBAN GARC\u00c9S, CARLOS (coords.)<\/p>\n","protected":false},"featured_media":338623,"template":"","meta":{"_acf_changed":false,"om_disable_all_campaigns":false,"rs_blank_template":"","rs_page_bg_color":"","slide_template_v7":"","inline_featured_image":false,"_monsterinsights_skip_tracking":false,"_monsterinsights_sitenote_active":false,"_monsterinsights_sitenote_note":"","_monsterinsights_sitenote_category":0},"product_brand":[],"product_cat":[90,540],"product_tag":[],"class_list":{"0":"post-288674","1":"product","2":"type-product","3":"status-publish","4":"has-post-thumbnail","6":"product_cat-altres","7":"product_cat-otros","9":"first","10":"instock","11":"taxable","12":"shipping-taxable","13":"purchasable","14":"product-type-simple"},"acf":{"editorial":[{"ID":6335,"post_author":"3","post_date":"2022-07-28 17:49:59","post_date_gmt":"2022-07-28 15:49:59","post_content":"","post_title":"PPC altres","post_excerpt":"","post_status":"publish","comment_status":"closed","ping_status":"closed","post_password":"","post_name":"ppc-altres","to_ping":"","pinged":"","post_modified":"2022-07-28 17:49:59","post_modified_gmt":"2022-07-28 15:49:59","post_content_filtered":"","post_parent":0,"guid":"http:\/\/dev.claret.cat\/editorial\/ppc-altres\/","menu_order":0,"post_type":"editorial","post_mime_type":"","comment_count":"0","filter":"raw"}],"autores-libros":[{"ID":154717,"post_author":"3","post_date":"2022-10-14 15:07:03","post_date_gmt":"2022-10-14 13:07:03","post_content":"","post_title":"ELENA ANDR\u00c9S SU\u00c1REZ","post_excerpt":"","post_status":"publish","comment_status":"closed","ping_status":"closed","post_password":"","post_name":"elena-andres-suarez","to_ping":"","pinged":"","post_modified":"2022-10-14 15:07:03","post_modified_gmt":"2022-10-14 13:07:03","post_content_filtered":"","post_parent":0,"guid":"http:\/\/dev.claret.cat\/autor\/elena-andres-suarez\/","menu_order":0,"post_type":"autor","post_mime_type":"","comment_count":"0","filter":"raw"},{"ID":152197,"post_author":"3","post_date":"2022-10-14 14:46:52","post_date_gmt":"2022-10-14 12:46:52","post_content":"","post_title":"CARLOS (coords.) ESTEBAN GARC\u00c9S","post_excerpt":"","post_status":"publish","comment_status":"closed","ping_status":"closed","post_password":"","post_name":"carlos-coords-esteban-garces","to_ping":"","pinged":"","post_modified":"2022-10-14 14:46:52","post_modified_gmt":"2022-10-14 12:46:52","post_content_filtered":"","post_parent":0,"guid":"http:\/\/dev.claret.cat\/autor\/carlos-coords-esteban-garces\/","menu_order":0,"post_type":"autor","post_mime_type":"","comment_count":"0","filter":"raw"}],"autor":"ANDR\u00c9S SU\u00c1REZ, ELENA; ESTEBAN GARC\u00c9S, CARLOS (coords.)","codart":"842883384","libros-coleccion":"Educar","ediciones":"1","encuadernacion":"R\u00fastica","fecha_de_publicacion":"20\/06\/2019","novedad":"1","paginas":"248","subtitulo":"","orden":"0","portada":"0","idioma":"spa"},"aioseo_notices":[],"_links":{"self":[{"href":"https:\/\/www.claret.cat\/es\/wp-json\/wp\/v2\/product\/288674","targetHints":{"allow":["GET"]}}],"collection":[{"href":"https:\/\/www.claret.cat\/es\/wp-json\/wp\/v2\/product"}],"about":[{"href":"https:\/\/www.claret.cat\/es\/wp-json\/wp\/v2\/types\/product"}],"wp:featuredmedia":[{"embeddable":true,"href":"https:\/\/www.claret.cat\/es\/wp-json\/wp\/v2\/media\/338623"}],"wp:attachment":[{"href":"https:\/\/www.claret.cat\/es\/wp-json\/wp\/v2\/media?parent=288674"}],"wp:term":[{"taxonomy":"product_brand","embeddable":true,"href":"https:\/\/www.claret.cat\/es\/wp-json\/wp\/v2\/product_brand?post=288674"},{"taxonomy":"product_cat","embeddable":true,"href":"https:\/\/www.claret.cat\/es\/wp-json\/wp\/v2\/product_cat?post=288674"},{"taxonomy":"product_tag","embeddable":true,"href":"https:\/\/www.claret.cat\/es\/wp-json\/wp\/v2\/product_tag?post=288674"}],"curies":[{"name":"wp","href":"https:\/\/api.w.org\/{rel}","templated":true}]}}