{"id":288709,"date":"2022-12-10T08:21:30","date_gmt":"2022-12-10T07:21:30","guid":{"rendered":"http:\/\/dev.claret.cat\/llibre\/madeleine-delbrel\/"},"modified":"2024-05-02T05:59:43","modified_gmt":"2024-05-02T03:59:43","slug":"madeleine-delbrel-9788428834100","status":"publish","type":"product","link":"https:\/\/www.claret.cat\/es\/libro\/madeleine-delbrel-9788428834100\/","title":{"rendered":"MADELEINE DELBREL"},"content":{"rendered":"<p>Entrar en contacto con los escritos y con los numerosos testimonios de Madeleine Delbr\u00eal renueva y profundiza el conocimiento que se ten\u00eda de ella. Su itinerario, del ate\u00edsmo al deslumbramiento de la fe y el compromiso, se perfila con nitidez al hilo de un relato que recorre sus sesenta a\u00f1os de vida, de los cuales m\u00e1s de la mitad suceden en Ivry-sur-Seine, cerca de Par\u00eds, donde, tal y como ella indica, se encontraba una poblaci\u00f3n \u00abincreyente y pobre\u00bb.<br \/>Poeta, asistente social y m\u00edstica a partes iguales y complementarias, mujer de acci\u00f3n y de oraci\u00f3n, Madeleine Delbr\u00eal (1904-1960) ofrece a nuestra sociedad secularizada y a la misma Iglesia un hermoso rostro, rico en inspiraci\u00f3n para una vida cristiana en di\u00e1logo con el ate\u00edsmo y con la miseria en todas sus formas. Su proceso de beatificaci\u00f3n est\u00e1 iniciado y su fama de santidad no deja de crecer.<br \/>Treinta a\u00f1os despu\u00e9s de la excelente biograf\u00eda que sobre ella escribi\u00f3 Christine de Boismarmin, una de las compa\u00f1eras m\u00e1s cercanas, este libro es fruto de la obstinada investigaci\u00f3n de dos hombres apasionados con la figura de la m\u00edstica francesa, los sacerdotes Bernard Pitaud y Gilles Fran\u00e7ois, este \u00faltimo postulador de la causa de beatificaci\u00f3n de Delbr\u00eal.<\/p>\n","protected":false},"excerpt":{"rendered":"<p>FRAN\u00c7OIS, GILLES; PITAUD, BERNARD<\/p>\n","protected":false},"featured_media":338625,"template":"","meta":{"_acf_changed":false,"om_disable_all_campaigns":false,"rs_blank_template":"","rs_page_bg_color":"","slide_template_v7":"","inline_featured_image":false,"_monsterinsights_skip_tracking":false,"_monsterinsights_sitenote_active":false,"_monsterinsights_sitenote_note":"","_monsterinsights_sitenote_category":0},"product_brand":[],"product_cat":[345,79,344,78,76,342],"product_tag":[],"class_list":{"0":"post-288709","1":"product","2":"type-product","3":"status-publish","4":"has-post-thumbnail","6":"product_cat-espiritualidad","7":"product_cat-espiritualitat","8":"product_cat-pastoral-1_espiritualidad","9":"product_cat-pastoral","10":"product_cat-teologia","11":"product_cat-teologia-1_espiritualidad","13":"first","14":"instock","15":"taxable","16":"shipping-taxable","17":"purchasable","18":"product-type-simple"},"acf":{"editorial":[{"ID":6335,"post_author":"3","post_date":"2022-07-28 17:49:59","post_date_gmt":"2022-07-28 15:49:59","post_content":"","post_title":"PPC altres","post_excerpt":"","post_status":"publish","comment_status":"closed","ping_status":"closed","post_password":"","post_name":"ppc-altres","to_ping":"","pinged":"","post_modified":"2022-07-28 17:49:59","post_modified_gmt":"2022-07-28 15:49:59","post_content_filtered":"","post_parent":0,"guid":"http:\/\/dev.claret.cat\/editorial\/ppc-altres\/","menu_order":0,"post_type":"editorial","post_mime_type":"","comment_count":"0","filter":"raw"}],"autores-libros":[{"ID":156897,"post_author":"3","post_date":"2022-10-14 15:24:30","post_date_gmt":"2022-10-14 13:24:30","post_content":"","post_title":"GILLES FRAN\u00c7OIS","post_excerpt":"","post_status":"publish","comment_status":"closed","ping_status":"closed","post_password":"","post_name":"gilles-francois","to_ping":"","pinged":"","post_modified":"2022-10-14 15:24:30","post_modified_gmt":"2022-10-14 13:24:30","post_content_filtered":"","post_parent":0,"guid":"http:\/\/dev.claret.cat\/autor\/gilles-francois\/","menu_order":0,"post_type":"autor","post_mime_type":"","comment_count":"0","filter":"raw"},{"ID":151613,"post_author":"3","post_date":"2022-10-14 14:42:15","post_date_gmt":"2022-10-14 12:42:15","post_content":"","post_title":"BERNARD PITAUD","post_excerpt":"","post_status":"publish","comment_status":"closed","ping_status":"closed","post_password":"","post_name":"bernard-pitaud","to_ping":"","pinged":"","post_modified":"2022-10-14 14:42:15","post_modified_gmt":"2022-10-14 12:42:15","post_content_filtered":"","post_parent":0,"guid":"http:\/\/dev.claret.cat\/autor\/bernard-pitaud\/","menu_order":0,"post_type":"autor","post_mime_type":"","comment_count":"0","filter":"raw"}],"autor":"FRAN\u00c7OIS, GILLES; PITAUD, BERNARD","codart":"842883410","libros-coleccion":"Actualidad","ediciones":"1","encuadernacion":"R\u00fastica","fecha_de_publicacion":"20\/06\/2019","novedad":"1","paginas":"312","subtitulo":"POETA, ASISTENTE SOCIAL Y M\u00cdSTICA","orden":"0","portada":"0","idioma":"spa"},"aioseo_notices":[],"_links":{"self":[{"href":"https:\/\/www.claret.cat\/es\/wp-json\/wp\/v2\/product\/288709","targetHints":{"allow":["GET"]}}],"collection":[{"href":"https:\/\/www.claret.cat\/es\/wp-json\/wp\/v2\/product"}],"about":[{"href":"https:\/\/www.claret.cat\/es\/wp-json\/wp\/v2\/types\/product"}],"wp:featuredmedia":[{"embeddable":true,"href":"https:\/\/www.claret.cat\/es\/wp-json\/wp\/v2\/media\/338625"}],"wp:attachment":[{"href":"https:\/\/www.claret.cat\/es\/wp-json\/wp\/v2\/media?parent=288709"}],"wp:term":[{"taxonomy":"product_brand","embeddable":true,"href":"https:\/\/www.claret.cat\/es\/wp-json\/wp\/v2\/product_brand?post=288709"},{"taxonomy":"product_cat","embeddable":true,"href":"https:\/\/www.claret.cat\/es\/wp-json\/wp\/v2\/product_cat?post=288709"},{"taxonomy":"product_tag","embeddable":true,"href":"https:\/\/www.claret.cat\/es\/wp-json\/wp\/v2\/product_tag?post=288709"}],"curies":[{"name":"wp","href":"https:\/\/api.w.org\/{rel}","templated":true}]}}