{"id":28871,"date":"2022-10-02T11:18:13","date_gmt":"2022-10-02T09:18:13","guid":{"rendered":"http:\/\/dev.claret.cat\/producte\/antologia-2\/"},"modified":"2025-01-31T23:03:33","modified_gmt":"2025-01-31T22:03:33","slug":"antologia-9788417978495","status":"publish","type":"product","link":"https:\/\/www.claret.cat\/es\/libro\/antologia-9788417978495\/","title":{"rendered":"ANTOLOG\u00cdA"},"content":{"rendered":"<p>Res no \u00e9s mesqu\u00ed <br \/> ni cap hora \u00e9s isarda,<br \/> ni \u00e9s fosca la ventura de la nit.<br \/> I la rosada \u00e9s clara<br \/> que el sort surt i s&#8221;ullpr\u00e8n<br \/> i t\u00e9 delit del bany:<br \/> que s&#8221;enmiralla el llit de tota cosa feta.<\/p>\n<p> Nada es mezquino,<br \/> ni hora alguna es agreste,<br \/> ni oscura es la ventura de la noche.<br \/> Y claro es el roc\u00edo<br \/> cuando amanece el sol y se aoja<br \/> y tiene deseos del ba\u00f1o:<br \/> que se deslumbra el lecho de toda cosa creada.<\/p>\n","protected":false},"excerpt":{"rendered":"<p>SALVAT-PAPASSEIT, JOAN<\/p>\n","protected":false},"featured_media":66600,"template":"","meta":{"_acf_changed":false,"om_disable_all_campaigns":false,"rs_blank_template":"","rs_page_bg_color":"","slide_template_v7":"","inline_featured_image":false,"_monsterinsights_skip_tracking":false,"_monsterinsights_sitenote_active":false,"_monsterinsights_sitenote_note":"","_monsterinsights_sitenote_category":0},"product_brand":[],"product_cat":[121,340],"product_tag":[],"class_list":{"0":"post-28871","1":"product","2":"type-product","3":"status-publish","4":"has-post-thumbnail","6":"product_cat-poesia","7":"product_cat-poesia-5_otras","9":"first","10":"instock","11":"taxable","12":"shipping-taxable","13":"purchasable","14":"product-type-simple"},"acf":{"autor":"SALVAT-PAPASSEIT, JOAN","codart":"841797849","libros-coleccion":"NAVONA_CARMINA","ediciones":"1","encuadernacion":"Carton\u00e9","fecha_de_publicacion":"01\/02\/2020","novedad":"1","paginas":"85","subtitulo":"","orden":"0","portada":"0","idioma":"cat","editorial":[{"ID":6313,"post_author":"3","post_date":"2022-07-28 17:49:30","post_date_gmt":"2022-07-28 15:49:30","post_content":"","post_title":"Navona Editorial","post_excerpt":"","post_status":"publish","comment_status":"closed","ping_status":"closed","post_password":"","post_name":"navona-editorial","to_ping":"","pinged":"","post_modified":"2022-07-28 17:49:30","post_modified_gmt":"2022-07-28 15:49:30","post_content_filtered":"","post_parent":0,"guid":"http:\/\/dev.claret.cat\/editorial\/navona-editorial\/","menu_order":0,"post_type":"editorial","post_mime_type":"","comment_count":"0","filter":"raw"}],"autores-libros":[{"ID":159419,"post_author":"3","post_date":"2022-10-14 15:44:41","post_date_gmt":"2022-10-14 13:44:41","post_content":"","post_title":"JOAN SALVAT-PAPASSEIT","post_excerpt":"","post_status":"publish","comment_status":"closed","ping_status":"closed","post_password":"","post_name":"joan-salvat-papasseit","to_ping":"","pinged":"","post_modified":"2022-10-14 15:44:41","post_modified_gmt":"2022-10-14 13:44:41","post_content_filtered":"","post_parent":0,"guid":"http:\/\/dev.claret.cat\/autor\/joan-salvat-papasseit\/","menu_order":0,"post_type":"autor","post_mime_type":"","comment_count":"0","filter":"raw"}]},"aioseo_notices":[],"_links":{"self":[{"href":"https:\/\/www.claret.cat\/es\/wp-json\/wp\/v2\/product\/28871","targetHints":{"allow":["GET"]}}],"collection":[{"href":"https:\/\/www.claret.cat\/es\/wp-json\/wp\/v2\/product"}],"about":[{"href":"https:\/\/www.claret.cat\/es\/wp-json\/wp\/v2\/types\/product"}],"wp:featuredmedia":[{"embeddable":true,"href":"https:\/\/www.claret.cat\/es\/wp-json\/wp\/v2\/media\/66600"}],"wp:attachment":[{"href":"https:\/\/www.claret.cat\/es\/wp-json\/wp\/v2\/media?parent=28871"}],"wp:term":[{"taxonomy":"product_brand","embeddable":true,"href":"https:\/\/www.claret.cat\/es\/wp-json\/wp\/v2\/product_brand?post=28871"},{"taxonomy":"product_cat","embeddable":true,"href":"https:\/\/www.claret.cat\/es\/wp-json\/wp\/v2\/product_cat?post=28871"},{"taxonomy":"product_tag","embeddable":true,"href":"https:\/\/www.claret.cat\/es\/wp-json\/wp\/v2\/product_tag?post=28871"}],"curies":[{"name":"wp","href":"https:\/\/api.w.org\/{rel}","templated":true}]}}