{"id":289322,"date":"2022-12-10T09:01:25","date_gmt":"2022-12-10T08:01:25","guid":{"rendered":"http:\/\/dev.claret.cat\/llibre\/hablemos-de-la-otra-vida\/"},"modified":"2026-01-29T12:18:09","modified_gmt":"2026-01-29T11:18:09","slug":"hablemos-de-la-otra-vida-9788429304961","status":"publish","type":"product","link":"https:\/\/www.claret.cat\/es\/libro\/hablemos-de-la-otra-vida-9788429304961\/","title":{"rendered":"HABLEMOS DE LA OTRA VIDA"},"content":{"rendered":"<p>El futuro para despu\u00e9s de esta vida, en que el cristiano cree, ha sido presentado demasiadas veces como algo aterrador y desconectado de la vida presente. Boff evita lo uno y lo otro. Y sin quitar nada de la seriedad que tienen verdades como la muerte, el juicio, la purificaci\u00f3n, el infierno y el para\u00edso, sabe presentarlas con profundidad, con todo su mensaje para el aqu\u00ed y el ahora de la vida, y con un palpitante aliento de esperanza en el Dios que salva.<\/p>\n","protected":false},"excerpt":{"rendered":"<p>BOFF, LEONARDO<\/p>\n","protected":false},"featured_media":1079603,"template":"","meta":{"_acf_changed":false,"om_disable_all_campaigns":false,"rs_blank_template":"","rs_page_bg_color":"","slide_template_v7":"","inline_featured_image":false,"_monsterinsights_skip_tracking":false,"_monsterinsights_sitenote_active":false,"_monsterinsights_sitenote_note":"","_monsterinsights_sitenote_category":0},"product_brand":[],"product_cat":[416,281,76,342],"product_tag":[],"class_list":{"0":"post-289322","1":"product","2":"type-product","3":"status-publish","4":"has-post-thumbnail","6":"product_cat-escatologia-teologia-1_espiritualidad","7":"product_cat-escatologia","8":"product_cat-teologia","9":"product_cat-teologia-1_espiritualidad","11":"first","12":"instock","13":"taxable","14":"shipping-taxable","15":"purchasable","16":"product-type-simple"},"acf":{"autor":"BOFF, LEONARDO","codart":"842930496","libros-coleccion":"Alcance","ediciones":"5","encuadernacion":"[EditValue is null]","fecha_de_publicacion":"01\/12\/1985","novedad":"0","paginas":"224","subtitulo":"","orden":"999","portada":"0","idioma":"spa","editorial":[{"ID":6351,"post_author":"3","post_date":"2022-07-28 17:50:19","post_date_gmt":"2022-07-28 15:50:19","post_content":"","post_title":"Sal Terrae","post_excerpt":"","post_status":"publish","comment_status":"closed","ping_status":"closed","post_password":"","post_name":"sal-terrae","to_ping":"","pinged":"","post_modified":"2022-07-28 17:50:19","post_modified_gmt":"2022-07-28 15:50:19","post_content_filtered":"","post_parent":0,"guid":"http:\/\/dev.claret.cat\/editorial\/sal-terrae\/","menu_order":0,"post_type":"editorial","post_mime_type":"","comment_count":"0","filter":"raw"}],"autores-libros":[{"ID":5720,"post_author":"3","post_date":"2022-07-28 17:30:01","post_date_gmt":"2022-07-28 15:30:01","post_content":"","post_title":"LEONARDO BOFF","post_excerpt":"","post_status":"publish","comment_status":"closed","ping_status":"closed","post_password":"","post_name":"leonardo-boff","to_ping":"","pinged":"","post_modified":"2022-07-28 17:30:01","post_modified_gmt":"2022-07-28 15:30:01","post_content_filtered":"","post_parent":0,"guid":"http:\/\/dev.claret.cat\/autor\/leonardo-boff\/","menu_order":0,"post_type":"autor","post_mime_type":"","comment_count":"0","filter":"raw"}],"booktrailer":"","resenas":""},"aioseo_notices":[],"_links":{"self":[{"href":"https:\/\/www.claret.cat\/es\/wp-json\/wp\/v2\/product\/289322","targetHints":{"allow":["GET"]}}],"collection":[{"href":"https:\/\/www.claret.cat\/es\/wp-json\/wp\/v2\/product"}],"about":[{"href":"https:\/\/www.claret.cat\/es\/wp-json\/wp\/v2\/types\/product"}],"wp:featuredmedia":[{"embeddable":true,"href":"https:\/\/www.claret.cat\/es\/wp-json\/wp\/v2\/media\/1079603"}],"wp:attachment":[{"href":"https:\/\/www.claret.cat\/es\/wp-json\/wp\/v2\/media?parent=289322"}],"wp:term":[{"taxonomy":"product_brand","embeddable":true,"href":"https:\/\/www.claret.cat\/es\/wp-json\/wp\/v2\/product_brand?post=289322"},{"taxonomy":"product_cat","embeddable":true,"href":"https:\/\/www.claret.cat\/es\/wp-json\/wp\/v2\/product_cat?post=289322"},{"taxonomy":"product_tag","embeddable":true,"href":"https:\/\/www.claret.cat\/es\/wp-json\/wp\/v2\/product_tag?post=289322"}],"curies":[{"name":"wp","href":"https:\/\/api.w.org\/{rel}","templated":true}]}}