{"id":289508,"date":"2022-12-10T09:31:41","date_gmt":"2022-12-10T08:31:41","guid":{"rendered":"http:\/\/dev.claret.cat\/llibre\/como-pan-que-se-parte\/"},"modified":"2025-05-02T16:55:40","modified_gmt":"2025-05-02T14:55:40","slug":"como-pan-que-se-parte-9788429310573","status":"publish","type":"product","link":"https:\/\/www.claret.cat\/es\/libro\/como-pan-que-se-parte-9788429310573\/","title":{"rendered":"COMO PAN QUE SE PARTE"},"content":{"rendered":"<p>Si comes un trozo de pan, el pan deja de ser pan y se convierte en parte de ti mismo, accediendo a una nueva forma de vida. Lo mismo ocurre con nosotros -seg\u00fan el autor de este estimulante libro- cuando, al igual que el pan, nos consumimos en la entrega de nosotros mismos a los dem\u00e1s: morimos y accedemos a una nueva y superior forma de vida.<br \/>Como el Evangelio, este libro es modesto en apariencia y accesible a todos, porque no busca la est\u00e9tica ni el sentimentalismo, sino la verdad, la fuerza de la experiencia, la realidad desnuda. Se trata de acoger al Dios verdadero en la verdad de nuestra vida. Se trata de saber aceptar el ser amados y aceptados por Dios tal como somos. Dios nos ama, y su amor no tiene m\u00e1s exigencia que la de acogerlo justamente all\u00ed donde \u00e9l nos alcanza y nos quiere.<br \/>Exigencia simple, pero absoluta y que apela al coraje; no el coraje de hacer cosas grandes o numerosas, sino el coraje de avanzar, de arriesgarnos y de vivir; de creer que Dios es capaz de hacernos vivir lo imposible y de lo que, por nuestra parte, somos radicalmente incapaces.<\/p>\n","protected":false},"excerpt":{"rendered":"<p>BREEMEN, PIET VAN<\/p>\n","protected":false},"featured_media":338788,"template":"","meta":{"_acf_changed":false,"om_disable_all_campaigns":false,"rs_blank_template":"","rs_page_bg_color":"","slide_template_v7":"","inline_featured_image":false,"_monsterinsights_skip_tracking":false,"_monsterinsights_sitenote_active":false,"_monsterinsights_sitenote_note":"","_monsterinsights_sitenote_category":0},"product_brand":[],"product_cat":[90,540],"product_tag":[],"class_list":{"0":"post-289508","1":"product","2":"type-product","3":"status-publish","4":"has-post-thumbnail","6":"product_cat-altres","7":"product_cat-otros","9":"first","10":"instock","11":"taxable","12":"shipping-taxable","13":"purchasable","14":"product-type-simple"},"acf":{"autor":"BREEMEN, PIET VAN","codart":"842931057","libros-coleccion":"POZO DE SIQUIEM","ediciones":"1","encuadernacion":"[Vac\u00edo]","fecha_de_publicacion":"01\/05\/1992","novedad":"0","paginas":"192","subtitulo":"","orden":"999","portada":"0","idioma":"spa","editorial":[{"ID":6351,"post_author":"3","post_date":"2022-07-28 17:50:19","post_date_gmt":"2022-07-28 15:50:19","post_content":"","post_title":"Sal Terrae","post_excerpt":"","post_status":"publish","comment_status":"closed","ping_status":"closed","post_password":"","post_name":"sal-terrae","to_ping":"","pinged":"","post_modified":"2022-07-28 17:50:19","post_modified_gmt":"2022-07-28 15:50:19","post_content_filtered":"","post_parent":0,"guid":"http:\/\/dev.claret.cat\/editorial\/sal-terrae\/","menu_order":0,"post_type":"editorial","post_mime_type":"","comment_count":"0","filter":"raw"}],"autores-libros":[{"ID":167281,"post_author":"3","post_date":"2022-10-14 18:09:58","post_date_gmt":"2022-10-14 16:09:58","post_content":"","post_title":"PIET VAN BREEMEN, S.J.","post_excerpt":"","post_status":"publish","comment_status":"closed","ping_status":"closed","post_password":"","post_name":"piet-van-breemen-s-j","to_ping":"","pinged":"","post_modified":"2022-10-14 18:09:58","post_modified_gmt":"2022-10-14 16:09:58","post_content_filtered":"","post_parent":0,"guid":"http:\/\/dev.claret.cat\/autor\/piet-van-breemen-s-j\/","menu_order":0,"post_type":"autor","post_mime_type":"","comment_count":"0","filter":"raw"}],"booktrailer":"","resenas":""},"aioseo_notices":[],"_links":{"self":[{"href":"https:\/\/www.claret.cat\/es\/wp-json\/wp\/v2\/product\/289508","targetHints":{"allow":["GET"]}}],"collection":[{"href":"https:\/\/www.claret.cat\/es\/wp-json\/wp\/v2\/product"}],"about":[{"href":"https:\/\/www.claret.cat\/es\/wp-json\/wp\/v2\/types\/product"}],"wp:featuredmedia":[{"embeddable":true,"href":"https:\/\/www.claret.cat\/es\/wp-json\/wp\/v2\/media\/338788"}],"wp:attachment":[{"href":"https:\/\/www.claret.cat\/es\/wp-json\/wp\/v2\/media?parent=289508"}],"wp:term":[{"taxonomy":"product_brand","embeddable":true,"href":"https:\/\/www.claret.cat\/es\/wp-json\/wp\/v2\/product_brand?post=289508"},{"taxonomy":"product_cat","embeddable":true,"href":"https:\/\/www.claret.cat\/es\/wp-json\/wp\/v2\/product_cat?post=289508"},{"taxonomy":"product_tag","embeddable":true,"href":"https:\/\/www.claret.cat\/es\/wp-json\/wp\/v2\/product_tag?post=289508"}],"curies":[{"name":"wp","href":"https:\/\/api.w.org\/{rel}","templated":true}]}}