{"id":289653,"date":"2022-12-10T10:50:57","date_gmt":"2022-12-10T09:50:57","guid":{"rendered":"http:\/\/dev.claret.cat\/llibre\/felicidad-es-una-tarea-interior-la\/"},"modified":"2025-04-15T10:11:52","modified_gmt":"2025-04-15T08:11:52","slug":"felicidad-es-una-tarea-interior-la-9788429311839","status":"publish","type":"product","link":"https:\/\/www.claret.cat\/es\/libro\/felicidad-es-una-tarea-interior-la-9788429311839\/","title":{"rendered":"FELICIDAD ES UNA TAREA INTERIOR, LA"},"content":{"rendered":"<p>La condici\u00f3n natural de los seres humanos es la felicidad; por tanto, si una persona es cr\u00f3nicamente infeliz, es que algo no marcha bien. Puede que no sea suya la culpa o que no tenga otra alternativa, pero lo cierto es que algo est\u00e1 fallando.<\/p>\n<p>Por desgracia, todos hemos experimentado en alguna ocasi\u00f3n la frustaci\u00f3n de nuestro deseo innato de ser felices, y seguramente es porque pensamos que nuestra felicidad depende en gran parte de cosas externas a nosotros o incluso de otras personas. Y as\u00ed nuestros sue\u00f1os irreales de felicidad se ven defraudados.<\/p>\n<p>La verdadera f\u00f3rmula es: F=TI (La Felicidad es una Tarea Interior). Como la mayor\u00eda de las cosas, la felicidad es fruto de una b\u00fasqueda. Por tanto, est\u00e1 al alcance de todos. El \u00fanico problema es que, si la buscamos fuera (en la apariencia f\u00edsica, en el \u00e9xito, en la estima de los dem\u00e1s&#8230;), equivocamos el camino.<\/p>\n<p>John Powell nos ofrece en diez cap\u00edtulos -con sus correspondientes ejercicios- el proceso gradual que \u00e9l considera necesario para experimentar la verdadera felicidad.<\/p>\n","protected":false},"excerpt":{"rendered":"<p>POWELL, JOHN<\/p>\n","protected":false},"featured_media":1018223,"template":"","meta":{"_acf_changed":false,"om_disable_all_campaigns":false,"rs_blank_template":"","rs_page_bg_color":"","slide_template_v7":"","inline_featured_image":false,"_monsterinsights_skip_tracking":false,"_monsterinsights_sitenote_active":false,"_monsterinsights_sitenote_note":"","_monsterinsights_sitenote_category":0},"product_brand":[],"product_cat":[81,347],"product_tag":[],"class_list":{"0":"post-289653","1":"product","2":"type-product","3":"status-publish","4":"has-post-thumbnail","6":"product_cat-psicologia","7":"product_cat-psicologia-2_humanidades","9":"first","10":"instock","11":"taxable","12":"shipping-taxable","13":"purchasable","14":"product-type-simple"},"acf":{"autor":"POWELL, JOHN","codart":"842931183","libros-coleccion":"FORA DE COL.LECCI\u00d3","ediciones":"1","encuadernacion":"R\u00fastica","fecha_de_publicacion":"01\/03\/1996","novedad":"0","paginas":"184","subtitulo":"","orden":"999","portada":"0","idioma":"spa","editorial":[{"ID":6351,"post_author":"3","post_date":"2022-07-28 17:50:19","post_date_gmt":"2022-07-28 15:50:19","post_content":"","post_title":"Sal Terrae","post_excerpt":"","post_status":"publish","comment_status":"closed","ping_status":"closed","post_password":"","post_name":"sal-terrae","to_ping":"","pinged":"","post_modified":"2022-07-28 17:50:19","post_modified_gmt":"2022-07-28 15:50:19","post_content_filtered":"","post_parent":0,"guid":"http:\/\/dev.claret.cat\/editorial\/sal-terrae\/","menu_order":0,"post_type":"editorial","post_mime_type":"","comment_count":"0","filter":"raw"}],"autores-libros":[{"ID":159692,"post_author":"3","post_date":"2022-10-14 15:46:56","post_date_gmt":"2022-10-14 13:46:56","post_content":"","post_title":"JOHN POWELL","post_excerpt":"","post_status":"publish","comment_status":"closed","ping_status":"closed","post_password":"","post_name":"john-powell","to_ping":"","pinged":"","post_modified":"2022-10-14 15:46:56","post_modified_gmt":"2022-10-14 13:46:56","post_content_filtered":"","post_parent":0,"guid":"http:\/\/dev.claret.cat\/autor\/john-powell\/","menu_order":0,"post_type":"autor","post_mime_type":"","comment_count":"0","filter":"raw"}],"booktrailer":"","resenas":""},"aioseo_notices":[],"_links":{"self":[{"href":"https:\/\/www.claret.cat\/es\/wp-json\/wp\/v2\/product\/289653","targetHints":{"allow":["GET"]}}],"collection":[{"href":"https:\/\/www.claret.cat\/es\/wp-json\/wp\/v2\/product"}],"about":[{"href":"https:\/\/www.claret.cat\/es\/wp-json\/wp\/v2\/types\/product"}],"wp:featuredmedia":[{"embeddable":true,"href":"https:\/\/www.claret.cat\/es\/wp-json\/wp\/v2\/media\/1018223"}],"wp:attachment":[{"href":"https:\/\/www.claret.cat\/es\/wp-json\/wp\/v2\/media?parent=289653"}],"wp:term":[{"taxonomy":"product_brand","embeddable":true,"href":"https:\/\/www.claret.cat\/es\/wp-json\/wp\/v2\/product_brand?post=289653"},{"taxonomy":"product_cat","embeddable":true,"href":"https:\/\/www.claret.cat\/es\/wp-json\/wp\/v2\/product_cat?post=289653"},{"taxonomy":"product_tag","embeddable":true,"href":"https:\/\/www.claret.cat\/es\/wp-json\/wp\/v2\/product_tag?post=289653"}],"curies":[{"name":"wp","href":"https:\/\/api.w.org\/{rel}","templated":true}]}}