{"id":289789,"date":"2022-12-10T11:40:50","date_gmt":"2022-12-10T10:40:50","guid":{"rendered":"http:\/\/dev.claret.cat\/llibre\/lo-que-cuenta-es-el-amor-ejercicios-espirituales-en-la-vida\/"},"modified":"2025-04-08T12:51:02","modified_gmt":"2025-04-08T10:51:02","slug":"lo-que-cuenta-es-el-amor-ejercicios-espirituales-en-la-vida-9788429313314","status":"publish","type":"product","link":"https:\/\/www.claret.cat\/es\/libro\/lo-que-cuenta-es-el-amor-ejercicios-espirituales-en-la-vida-9788429313314\/","title":{"rendered":"LO QUE CUENTA ES EL AMOR &#8211; EJERCICIOS ESPIRITUALES EN LA VIDA"},"content":{"rendered":"<p>Director de ejercicios espirituales con una larga experiencia, el autor expone los fundamentos de la fe y la vida cristianas tomando como referente la espiritualidad ignaciana y partiendo de experiencias b\u00e1sicas del ser humano. Su mirada va dirigida a cristianos; sacerdotes, religiosos y laicos que buscan la uni\u00f3n con Dios, que quieren descubrir las ra\u00edces de la fe religiosa y profundizar en los fundamentos de su existencia. Entre los temas del libro destacan: el amor de Dios a los hombres: el hombre en busca de amor: solo la verdad nos hace verdaderamente libres: c\u00f3mo encontrar el camino de la vida: ideas para una cultura de la consideraci\u00f3n, la atenci\u00f3n y el amor al pr\u00f3jimo.<\/p>\n","protected":false},"excerpt":{"rendered":"<p>BREEMEN, PIET VAN<\/p>\n","protected":false},"featured_media":1017286,"template":"","meta":{"_acf_changed":false,"om_disable_all_campaigns":false,"rs_blank_template":"","rs_page_bg_color":"","slide_template_v7":"","inline_featured_image":false,"_monsterinsights_skip_tracking":false,"_monsterinsights_sitenote_active":false,"_monsterinsights_sitenote_note":"","_monsterinsights_sitenote_category":0},"product_brand":[],"product_cat":[90,540],"product_tag":[],"class_list":{"0":"post-289789","1":"product","2":"type-product","3":"status-publish","4":"has-post-thumbnail","6":"product_cat-altres","7":"product_cat-otros","9":"first","10":"instock","11":"taxable","12":"shipping-taxable","13":"purchasable","14":"product-type-simple"},"acf":{"autor":"BREEMEN, PIET VAN","codart":"842931331","libros-coleccion":"POZO DE SIQUIEM","ediciones":"1","encuadernacion":"[Vac\u00edo]","fecha_de_publicacion":"01\/01\/2000","novedad":"0","paginas":"160","subtitulo":"","orden":"999","portada":"0","idioma":"spa","editorial":[{"ID":6351,"post_author":"3","post_date":"2022-07-28 17:50:19","post_date_gmt":"2022-07-28 15:50:19","post_content":"","post_title":"Sal Terrae","post_excerpt":"","post_status":"publish","comment_status":"closed","ping_status":"closed","post_password":"","post_name":"sal-terrae","to_ping":"","pinged":"","post_modified":"2022-07-28 17:50:19","post_modified_gmt":"2022-07-28 15:50:19","post_content_filtered":"","post_parent":0,"guid":"http:\/\/dev.claret.cat\/editorial\/sal-terrae\/","menu_order":0,"post_type":"editorial","post_mime_type":"","comment_count":"0","filter":"raw"}],"autores-libros":[{"ID":167281,"post_author":"3","post_date":"2022-10-14 18:09:58","post_date_gmt":"2022-10-14 16:09:58","post_content":"","post_title":"PIET VAN BREEMEN, S.J.","post_excerpt":"","post_status":"publish","comment_status":"closed","ping_status":"closed","post_password":"","post_name":"piet-van-breemen-s-j","to_ping":"","pinged":"","post_modified":"2022-10-14 18:09:58","post_modified_gmt":"2022-10-14 16:09:58","post_content_filtered":"","post_parent":0,"guid":"http:\/\/dev.claret.cat\/autor\/piet-van-breemen-s-j\/","menu_order":0,"post_type":"autor","post_mime_type":"","comment_count":"0","filter":"raw"}]},"aioseo_notices":[],"_links":{"self":[{"href":"https:\/\/www.claret.cat\/es\/wp-json\/wp\/v2\/product\/289789","targetHints":{"allow":["GET"]}}],"collection":[{"href":"https:\/\/www.claret.cat\/es\/wp-json\/wp\/v2\/product"}],"about":[{"href":"https:\/\/www.claret.cat\/es\/wp-json\/wp\/v2\/types\/product"}],"wp:featuredmedia":[{"embeddable":true,"href":"https:\/\/www.claret.cat\/es\/wp-json\/wp\/v2\/media\/1017286"}],"wp:attachment":[{"href":"https:\/\/www.claret.cat\/es\/wp-json\/wp\/v2\/media?parent=289789"}],"wp:term":[{"taxonomy":"product_brand","embeddable":true,"href":"https:\/\/www.claret.cat\/es\/wp-json\/wp\/v2\/product_brand?post=289789"},{"taxonomy":"product_cat","embeddable":true,"href":"https:\/\/www.claret.cat\/es\/wp-json\/wp\/v2\/product_cat?post=289789"},{"taxonomy":"product_tag","embeddable":true,"href":"https:\/\/www.claret.cat\/es\/wp-json\/wp\/v2\/product_tag?post=289789"}],"curies":[{"name":"wp","href":"https:\/\/api.w.org\/{rel}","templated":true}]}}