{"id":289923,"date":"2022-12-10T12:31:08","date_gmt":"2022-12-10T11:31:08","guid":{"rendered":"http:\/\/dev.claret.cat\/llibre\/que-es-la-espiritualidad-biblica-fuentes-de-la-mistica-cristiana\/"},"modified":"2022-12-10T12:31:10","modified_gmt":"2022-12-10T11:31:10","slug":"que-es-la-espiritualidad-biblica-fuentes-de-la-mistica-cristiana","status":"publish","type":"product","link":"https:\/\/www.claret.cat\/es\/libro\/que-es-la-espiritualidad-biblica-fuentes-de-la-mistica-cristiana\/","title":{"rendered":"\u00bfQU\u00c9 ES LA ESPIRITUALIDAD B\u00cdBLICA? FUENTES DE LA M\u00cdSTICA CRISTIANA"},"content":{"rendered":"<p>&#8216;Desde hace algunas generaciones, o al menos desde hace algunas d\u00e9cadas, las Iglesias han perdido a menudo el coraz\u00f3n de los hombres. Surge as\u00ed la omnipresente cuesti\u00f3n de &#8221;una nueva espiritualidad&#8221;. Los estudiantes de la universidad de Heidelberg, donde hay clase, antes viajaban a menudo por esa raz\u00f3n a Taiz\u00e9, para participar en la piedad mon\u00e1stica de aquella comunidad. Los problemas surg\u00edan a menudo luego, con la cuesti\u00f3n de c\u00f3mo transmitir esas formas de vida espiritual a las comunidades de la Baja Sajonia, por ejemplo. Desde principios de los a\u00f1os ochenta me puse a buscar el modelo original. Lo que me propon\u00eda expl\u00edcitamente conseguir con ello era redescubrir el cristianismo como religi\u00f3n&#8217;.<\/p>\n<p>     El anhelo de espiritualidad religiosa marca hoy la fe de muchas personas. Klaus Berger, en \u00bfQu\u00e9 es la espiritualidad b\u00edblica?, remite en primer lugar a las ra\u00edces de la espiritualidad y la m\u00edstica en la Biblia -coraz\u00f3n espiritual de la fe-, para explorar despu\u00e9s las fuentes de la m\u00edstica cristiana primitiva. Su estudio permite a todos un acceso original y renovador a los tesoros espirituales de la Biblia y del cristianismo.<\/p>\n<p>KLAUS BERGER, nacido en 1940 en Hildesheim, es catedr\u00e1tico de Nuevo Testamento en la Universidad de Heidelberg.<\/p>\n","protected":false},"excerpt":{"rendered":"<p>&#8216;Desde hace algunas generaciones, o al menos desde hace algunas d\u00e9cadas, las Iglesias han perdido a menudo el coraz\u00f3n de los hombres. Surge as\u00ed la omnipresente cuesti\u00f3n de &#8221;una nueva espiritualidad&#8221;. Los estudiantes de la universidad de Heidelberg, donde hay clase, antes viajaban a menudo por esa raz\u00f3n a Taiz\u00e9, para participar en la piedad [&hellip;]<\/p>\n","protected":false},"featured_media":289924,"template":"","meta":{"_acf_changed":false,"om_disable_all_campaigns":false,"rs_blank_template":"","rs_page_bg_color":"","slide_template_v7":"","inline_featured_image":false,"_monsterinsights_skip_tracking":false,"_monsterinsights_sitenote_active":false,"_monsterinsights_sitenote_note":"","_monsterinsights_sitenote_category":0},"product_brand":[],"product_cat":[75,79],"product_tag":[],"class_list":{"0":"post-289923","1":"product","2":"type-product","3":"status-publish","4":"has-post-thumbnail","6":"product_cat-biblia","7":"product_cat-espiritualitat","9":"first","10":"instock","11":"taxable","12":"shipping-taxable","13":"purchasable","14":"product-type-simple"},"acf":{"subtitulo":null,"editorial":null,"autor":null,"autores-libros":null,"traductores-libros":null,"ilustradores-libros":null,"fecha_de_publicacion":null,"libros-coleccion":null,"paginas":null,"encuadernacion":null,"ediciones":null,"formato":null,"idioma":null,"linkebook":null,"precioebook":null,"ebookportada":null,"ficha":null,"muestra":null,"presentacion":null,"booktrailer":null,"resenas":null,"codart":null,"portada":null,"orden":null,"novedad":null,"recomendamos":null,"mas_vendido":null},"aioseo_notices":[],"_links":{"self":[{"href":"https:\/\/www.claret.cat\/es\/wp-json\/wp\/v2\/product\/289923","targetHints":{"allow":["GET"]}}],"collection":[{"href":"https:\/\/www.claret.cat\/es\/wp-json\/wp\/v2\/product"}],"about":[{"href":"https:\/\/www.claret.cat\/es\/wp-json\/wp\/v2\/types\/product"}],"wp:featuredmedia":[{"embeddable":true,"href":"https:\/\/www.claret.cat\/es\/wp-json\/wp\/v2\/media\/289924"}],"wp:attachment":[{"href":"https:\/\/www.claret.cat\/es\/wp-json\/wp\/v2\/media?parent=289923"}],"wp:term":[{"taxonomy":"product_brand","embeddable":true,"href":"https:\/\/www.claret.cat\/es\/wp-json\/wp\/v2\/product_brand?post=289923"},{"taxonomy":"product_cat","embeddable":true,"href":"https:\/\/www.claret.cat\/es\/wp-json\/wp\/v2\/product_cat?post=289923"},{"taxonomy":"product_tag","embeddable":true,"href":"https:\/\/www.claret.cat\/es\/wp-json\/wp\/v2\/product_tag?post=289923"}],"curies":[{"name":"wp","href":"https:\/\/api.w.org\/{rel}","templated":true}]}}