{"id":289956,"date":"2022-12-10T12:41:24","date_gmt":"2022-12-10T11:41:24","guid":{"rendered":"http:\/\/dev.claret.cat\/llibre\/en-mi-dolor-te-invoco-senor\/"},"modified":"2024-05-24T09:28:07","modified_gmt":"2024-05-24T07:28:07","slug":"en-mi-dolor-te-invoco-senor-9788429314403","status":"publish","type":"product","link":"https:\/\/www.claret.cat\/es\/libro\/en-mi-dolor-te-invoco-senor-9788429314403\/","title":{"rendered":"EN MI DOLOR TE INVOCO SE\u00d1OR"},"content":{"rendered":"<p>Las situaciones de dolor claman por una esperanza. Y la esperanza clama por una Presencia.Orar es disponibilidad a encontrarse con Dios en un di\u00e1logo hecho de palabras, de silencios, de esperas, de escucha&#8230; Orar, antes que pedir favores o invocar milagros, es relatar a Dios la propia historia, dar voz al propio duelo y a nuestras esperanzas, y despu\u00e9s ponerse a escuchar los mensajes del sufrimiento: cosas que el coraz\u00f3n no est\u00e1 acostumbrado a sentir. La oraci\u00f3n, m\u00e1s que un modo de cambiar a Dios, es el instrumento que Dios pone en nuestras manos para cambiarnos a nosotros mismos, transformando nuestras actitudes y perspectivas que tenemos sobre la vida y las cosas. La invitaci\u00f3n que hacen estas p\u00e1ginas es a transformar nuestras vivencias dif\u00edciles y dolorosas en plegaria al Dios de la vida.<\/p>\n","protected":false},"excerpt":{"rendered":"<p>PANGRAZZI, ARNALDO<\/p>\n","protected":false},"featured_media":339218,"template":"","meta":{"_acf_changed":false,"om_disable_all_campaigns":false,"rs_blank_template":"","rs_page_bg_color":"","slide_template_v7":"","inline_featured_image":false,"_monsterinsights_skip_tracking":false,"_monsterinsights_sitenote_active":false,"_monsterinsights_sitenote_note":"","_monsterinsights_sitenote_category":0},"product_brand":[],"product_cat":[90,540],"product_tag":[],"class_list":{"0":"post-289956","1":"product","2":"type-product","3":"status-publish","4":"has-post-thumbnail","6":"product_cat-altres","7":"product_cat-otros","9":"first","10":"instock","11":"taxable","12":"shipping-taxable","13":"purchasable","14":"product-type-simple"},"acf":{"autor":"PANGRAZZI, ARNALDO","codart":"842931440","libros-coleccion":"FORA DE COL.LECCI\u00d3","ediciones":"1","encuadernacion":"[Vac\u00edo]","fecha_de_publicacion":"01\/05\/2002","novedad":"0","paginas":"109","subtitulo":"ORACIONES EN LA ENFERMEDAD Y EL DOLOR","orden":"999","portada":"0","idioma":"spa","editorial":[{"ID":6351,"post_author":"3","post_date":"2022-07-28 17:50:19","post_date_gmt":"2022-07-28 15:50:19","post_content":"","post_title":"Sal Terrae","post_excerpt":"","post_status":"publish","comment_status":"closed","ping_status":"closed","post_password":"","post_name":"sal-terrae","to_ping":"","pinged":"","post_modified":"2022-07-28 17:50:19","post_modified_gmt":"2022-07-28 15:50:19","post_content_filtered":"","post_parent":0,"guid":"http:\/\/dev.claret.cat\/editorial\/sal-terrae\/","menu_order":0,"post_type":"editorial","post_mime_type":"","comment_count":"0","filter":"raw"}],"autores-libros":[{"ID":151106,"post_author":"3","post_date":"2022-10-14 14:38:15","post_date_gmt":"2022-10-14 12:38:15","post_content":"","post_title":"ARNALDO PANGRAZZI","post_excerpt":"","post_status":"publish","comment_status":"closed","ping_status":"closed","post_password":"","post_name":"arnaldo-pangrazzi","to_ping":"","pinged":"","post_modified":"2022-10-14 14:38:15","post_modified_gmt":"2022-10-14 12:38:15","post_content_filtered":"","post_parent":0,"guid":"http:\/\/dev.claret.cat\/autor\/arnaldo-pangrazzi\/","menu_order":0,"post_type":"autor","post_mime_type":"","comment_count":"0","filter":"raw"}]},"aioseo_notices":[],"_links":{"self":[{"href":"https:\/\/www.claret.cat\/es\/wp-json\/wp\/v2\/product\/289956","targetHints":{"allow":["GET"]}}],"collection":[{"href":"https:\/\/www.claret.cat\/es\/wp-json\/wp\/v2\/product"}],"about":[{"href":"https:\/\/www.claret.cat\/es\/wp-json\/wp\/v2\/types\/product"}],"wp:featuredmedia":[{"embeddable":true,"href":"https:\/\/www.claret.cat\/es\/wp-json\/wp\/v2\/media\/339218"}],"wp:attachment":[{"href":"https:\/\/www.claret.cat\/es\/wp-json\/wp\/v2\/media?parent=289956"}],"wp:term":[{"taxonomy":"product_brand","embeddable":true,"href":"https:\/\/www.claret.cat\/es\/wp-json\/wp\/v2\/product_brand?post=289956"},{"taxonomy":"product_cat","embeddable":true,"href":"https:\/\/www.claret.cat\/es\/wp-json\/wp\/v2\/product_cat?post=289956"},{"taxonomy":"product_tag","embeddable":true,"href":"https:\/\/www.claret.cat\/es\/wp-json\/wp\/v2\/product_tag?post=289956"}],"curies":[{"name":"wp","href":"https:\/\/api.w.org\/{rel}","templated":true}]}}