{"id":290121,"date":"2022-12-10T13:21:42","date_gmt":"2022-12-10T12:21:42","guid":{"rendered":"http:\/\/dev.claret.cat\/llibre\/el-arte-de-envejecer-3\/"},"modified":"2026-01-26T13:16:20","modified_gmt":"2026-01-26T12:16:20","slug":"el-arte-de-envejecer-9788429315400","status":"publish","type":"product","link":"https:\/\/www.claret.cat\/es\/libro\/el-arte-de-envejecer-9788429315400\/","title":{"rendered":"EL ARTE DE ENVEJECER"},"content":{"rendered":"<p>En la vejez la espiritualidad es una dimensi\u00f3n muy importante. El presente libro es obra de un experto maestro que sabe c\u00f3mo ense\u00f1ar el arte de envejecer y trata de ense\u00f1\u00e1rselo a los ancianos y a quienes conviven con ellos.<br \/>&#8216;El atardecer de la vida no se puede vivir como el amanecer. Sin embargo, ambos est\u00e1n conectados entre s\u00ed de manera tan esencial que s\u00f3lo se pueden vivir como una unidad. (&#8230;) Son frases distintas de una \u00fanica vida que se encamina a su consumaci\u00f3n&#8217;.<br \/>     \u00bfHay que aprender a envejecer? Sin duda alguna. &#8216;La existencia humana es siempre, pero quiz\u00e1 sobre todo en la ancianidad, un proceso de aprendizaje&#8217;.<br \/>     La persona anciana tiene que aprender a aceptar y elaborar cuanto ha vivido a lo largo de su vida. Pero tambi\u00e9n tiene que aprender a orar de una forma nueva. Y a convivir con la soledad, que es un doloroso problema que muchas personas mayores no logran resolver.<\/p>\n","protected":false},"excerpt":{"rendered":"<p>BREEMEN, S.J., PIET VAN<\/p>\n","protected":false},"featured_media":339361,"template":"","meta":{"_acf_changed":false,"om_disable_all_campaigns":false,"rs_blank_template":"","rs_page_bg_color":"","slide_template_v7":"","inline_featured_image":false,"_monsterinsights_skip_tracking":false,"_monsterinsights_sitenote_active":false,"_monsterinsights_sitenote_note":"","_monsterinsights_sitenote_category":0},"product_brand":[],"product_cat":[90,540],"product_tag":[],"class_list":{"0":"post-290121","1":"product","2":"type-product","3":"status-publish","4":"has-post-thumbnail","6":"product_cat-altres","7":"product_cat-otros","9":"first","10":"instock","11":"taxable","12":"shipping-taxable","13":"purchasable","14":"product-type-simple"},"acf":{"autor":"BREEMEN, S.J., PIET VAN","codart":"842931540","libros-coleccion":"RITOS Y SIMBOLOS","ediciones":"1","encuadernacion":"[Vac\u00edo]","fecha_de_publicacion":"01\/12\/1981","novedad":"0","paginas":"101","subtitulo":"","orden":"999","portada":"0","idioma":"spa","editorial":[{"ID":6351,"post_author":"3","post_date":"2022-07-28 17:50:19","post_date_gmt":"2022-07-28 15:50:19","post_content":"","post_title":"Sal Terrae","post_excerpt":"","post_status":"publish","comment_status":"closed","ping_status":"closed","post_password":"","post_name":"sal-terrae","to_ping":"","pinged":"","post_modified":"2022-07-28 17:50:19","post_modified_gmt":"2022-07-28 15:50:19","post_content_filtered":"","post_parent":0,"guid":"http:\/\/dev.claret.cat\/editorial\/sal-terrae\/","menu_order":0,"post_type":"editorial","post_mime_type":"","comment_count":"0","filter":"raw"}],"autores-libros":[{"ID":167281,"post_author":"3","post_date":"2022-10-14 18:09:58","post_date_gmt":"2022-10-14 16:09:58","post_content":"","post_title":"PIET VAN BREEMEN, S.J.","post_excerpt":"","post_status":"publish","comment_status":"closed","ping_status":"closed","post_password":"","post_name":"piet-van-breemen-s-j","to_ping":"","pinged":"","post_modified":"2022-10-14 18:09:58","post_modified_gmt":"2022-10-14 16:09:58","post_content_filtered":"","post_parent":0,"guid":"http:\/\/dev.claret.cat\/autor\/piet-van-breemen-s-j\/","menu_order":0,"post_type":"autor","post_mime_type":"","comment_count":"0","filter":"raw"}],"booktrailer":"","resenas":""},"aioseo_notices":[],"_links":{"self":[{"href":"https:\/\/www.claret.cat\/es\/wp-json\/wp\/v2\/product\/290121","targetHints":{"allow":["GET"]}}],"collection":[{"href":"https:\/\/www.claret.cat\/es\/wp-json\/wp\/v2\/product"}],"about":[{"href":"https:\/\/www.claret.cat\/es\/wp-json\/wp\/v2\/types\/product"}],"wp:featuredmedia":[{"embeddable":true,"href":"https:\/\/www.claret.cat\/es\/wp-json\/wp\/v2\/media\/339361"}],"wp:attachment":[{"href":"https:\/\/www.claret.cat\/es\/wp-json\/wp\/v2\/media?parent=290121"}],"wp:term":[{"taxonomy":"product_brand","embeddable":true,"href":"https:\/\/www.claret.cat\/es\/wp-json\/wp\/v2\/product_brand?post=290121"},{"taxonomy":"product_cat","embeddable":true,"href":"https:\/\/www.claret.cat\/es\/wp-json\/wp\/v2\/product_cat?post=290121"},{"taxonomy":"product_tag","embeddable":true,"href":"https:\/\/www.claret.cat\/es\/wp-json\/wp\/v2\/product_tag?post=290121"}],"curies":[{"name":"wp","href":"https:\/\/api.w.org\/{rel}","templated":true}]}}