{"id":290237,"date":"2022-12-10T14:00:39","date_gmt":"2022-12-10T13:00:39","guid":{"rendered":"http:\/\/dev.claret.cat\/llibre\/la-oracion-de-cada-dia-2\/"},"modified":"2025-02-14T10:50:19","modified_gmt":"2025-02-14T09:50:19","slug":"la-oracion-de-cada-dia-9788429315936","status":"publish","type":"product","link":"https:\/\/www.claret.cat\/es\/libro\/la-oracion-de-cada-dia-9788429315936\/","title":{"rendered":"LA ORACION DE CADA DIA"},"content":{"rendered":"<p>&#8216;Me han pedido a menudo que escriba plegarias que puedan ser utilizadas en los momentos de oraci\u00f3n personal. Como respuesta a esta petici\u00f3n, ofrezco en este libro una serie de oraciones de la ma\u00f1ana y de la noche para cada d\u00eda de la semana. He tratado de ponerme en la situaci\u00f3n del orante. Yo mismo oro por la ma\u00f1ana y por la noche en silencio. Por la ma\u00f1ana rezo en la postura del orante, con los brazos extendidos para abrir el cielo sobre los seres humanos. Y por la noche presento mi d\u00eda a Dios con las manos en forma de cuenco, y me abandono en sus bondadosas manos. Pero a veces expreso tambi\u00e9n, junto con los gestos, las palabras que brotan en mi.<br \/>Con las oraciones que he escrito desear\u00eda ayudarte a expresar los pensamientos que t\u00fa tienes y para los que muchas veces no encuentras palabras. Mis plegarias pretenden sostener tu oraci\u00f3n. Muchas personas me dicen que no saben c\u00f3mo orar. No est\u00e1n familiarizadas con las plegarias oficiales, y les resulta dif\u00edcil rezar con sus propias palabras. Por eso en estas oraciones he querido ofrecerte palabras con las que puedas decir a Dios lo que sientes&#8217;.<\/p>\n","protected":false},"excerpt":{"rendered":"<p>GR\u00dcN, ANSELM<\/p>\n","protected":false},"featured_media":339448,"template":"","meta":{"_acf_changed":false,"om_disable_all_campaigns":false,"rs_blank_template":"","rs_page_bg_color":"","slide_template_v7":"","inline_featured_image":false,"_monsterinsights_skip_tracking":false,"_monsterinsights_sitenote_active":false,"_monsterinsights_sitenote_note":"","_monsterinsights_sitenote_category":0},"product_brand":[],"product_cat":[90,540],"product_tag":[],"class_list":{"0":"post-290237","1":"product","2":"type-product","3":"status-publish","4":"has-post-thumbnail","6":"product_cat-altres","7":"product_cat-otros","9":"first","10":"instock","11":"taxable","12":"shipping-taxable","13":"purchasable","14":"product-type-simple"},"acf":{"autor":"GR\u00dcN, ANSELM","codart":"842931593","libros-coleccion":"","ediciones":"1","encuadernacion":"R\u00fastica","fecha_de_publicacion":"17\/05\/2005","novedad":"0","paginas":"127","subtitulo":"ORAR POR LA MA\u00d1ANA Y POR LA NOCHE LOS SIETE DIAS DE LA SEMANA","orden":"999","portada":"0","idioma":"spa","editorial":[{"ID":6351,"post_author":"3","post_date":"2022-07-28 17:50:19","post_date_gmt":"2022-07-28 15:50:19","post_content":"","post_title":"Sal Terrae","post_excerpt":"","post_status":"publish","comment_status":"closed","ping_status":"closed","post_password":"","post_name":"sal-terrae","to_ping":"","pinged":"","post_modified":"2022-07-28 17:50:19","post_modified_gmt":"2022-07-28 15:50:19","post_content_filtered":"","post_parent":0,"guid":"http:\/\/dev.claret.cat\/editorial\/sal-terrae\/","menu_order":0,"post_type":"editorial","post_mime_type":"","comment_count":"0","filter":"raw"}],"autores-libros":[{"ID":157153,"post_author":"3","post_date":"2022-10-14 15:26:32","post_date_gmt":"2022-10-14 13:26:32","post_content":"","post_title":"GR\u00dcN, ANSELM","post_excerpt":"","post_status":"publish","comment_status":"closed","ping_status":"closed","post_password":"","post_name":"grun-anselm-2","to_ping":"","pinged":"","post_modified":"2022-10-14 15:26:32","post_modified_gmt":"2022-10-14 13:26:32","post_content_filtered":"","post_parent":0,"guid":"http:\/\/dev.claret.cat\/autor\/grun-anselm-2\/","menu_order":0,"post_type":"autor","post_mime_type":"","comment_count":"0","filter":"raw"}]},"aioseo_notices":[],"_links":{"self":[{"href":"https:\/\/www.claret.cat\/es\/wp-json\/wp\/v2\/product\/290237","targetHints":{"allow":["GET"]}}],"collection":[{"href":"https:\/\/www.claret.cat\/es\/wp-json\/wp\/v2\/product"}],"about":[{"href":"https:\/\/www.claret.cat\/es\/wp-json\/wp\/v2\/types\/product"}],"wp:featuredmedia":[{"embeddable":true,"href":"https:\/\/www.claret.cat\/es\/wp-json\/wp\/v2\/media\/339448"}],"wp:attachment":[{"href":"https:\/\/www.claret.cat\/es\/wp-json\/wp\/v2\/media?parent=290237"}],"wp:term":[{"taxonomy":"product_brand","embeddable":true,"href":"https:\/\/www.claret.cat\/es\/wp-json\/wp\/v2\/product_brand?post=290237"},{"taxonomy":"product_cat","embeddable":true,"href":"https:\/\/www.claret.cat\/es\/wp-json\/wp\/v2\/product_cat?post=290237"},{"taxonomy":"product_tag","embeddable":true,"href":"https:\/\/www.claret.cat\/es\/wp-json\/wp\/v2\/product_tag?post=290237"}],"curies":[{"name":"wp","href":"https:\/\/api.w.org\/{rel}","templated":true}]}}