{"id":290286,"date":"2022-12-10T14:30:18","date_gmt":"2022-12-10T13:30:18","guid":{"rendered":"http:\/\/dev.claret.cat\/llibre\/la-cruz-nuestra-de-cada-dia\/"},"modified":"2024-05-24T09:14:28","modified_gmt":"2024-05-24T07:14:28","slug":"la-cruz-nuestra-de-cada-dia-9788429316308","status":"publish","type":"product","link":"https:\/\/www.claret.cat\/es\/libro\/la-cruz-nuestra-de-cada-dia-9788429316308\/","title":{"rendered":"LA CRUZ NUESTRA DE CADA D\u00cdA"},"content":{"rendered":"<p>Todos cargamos con alguna cruz sobre nuestras espaldas&#8230; o en nuestro coraz\u00f3n. Y toda cruz, por peque\u00f1a que sea, es pesada. Podemos vivirla como tribulaci\u00f3n o como liberaci\u00f3n. Depender\u00e1 de c\u00f3mo la afrontemos y la asumamos.La cruz nuestra de cada d\u00eda&#8230; no tenemos que pedirla ni buscarla. Llega y se instala. Hace sufrir y hace morir. Irremediable e Inexorable. La cruz nuestra de cada d\u00eda&#8230; nos hace pensar y buscar sentido. Expande nuestra conciencia,convoca a la esperanza y conduce al crecimiento. Hace vivir. La cruz nuestra de cada d\u00eda&#8230; Fuente de vida y de resurrecci\u00f3n.<\/p>\n","protected":false},"excerpt":{"rendered":"<p>BOFF,LEONARDO<\/p>\n","protected":false},"featured_media":339497,"template":"","meta":{"_acf_changed":false,"om_disable_all_campaigns":false,"rs_blank_template":"","rs_page_bg_color":"","slide_template_v7":"","inline_featured_image":false,"_monsterinsights_skip_tracking":false,"_monsterinsights_sitenote_active":false,"_monsterinsights_sitenote_note":"","_monsterinsights_sitenote_category":0},"product_brand":[],"product_cat":[237,488,523,299,491,241],"product_tag":[],"class_list":{"0":"post-290286","1":"product","2":"type-product","3":"status-publish","4":"has-post-thumbnail","6":"product_cat-cami-de-perfeccionament","7":"product_cat-camino-de-perfeccionamiento","8":"product_cat-laicos-y-testimonios","9":"product_cat-laics-i-testimonis","10":"product_cat-testimonios","11":"product_cat-testimonis","13":"first","14":"instock","15":"taxable","16":"shipping-taxable","17":"purchasable","18":"product-type-simple"},"acf":{"autor":"BOFF,LEONARDO","codart":"842931630","libros-coleccion":"ST Breve","ediciones":"1","encuadernacion":"R\u00fastica","fecha_de_publicacion":"08\/02\/2006","novedad":"0","paginas":"85","subtitulo":"FUENTE DE VIDA Y RESURRECCI\u00d3N","orden":"999","portada":"0","idioma":"spa","editorial":[{"ID":6351,"post_author":"3","post_date":"2022-07-28 17:50:19","post_date_gmt":"2022-07-28 15:50:19","post_content":"","post_title":"Sal Terrae","post_excerpt":"","post_status":"publish","comment_status":"closed","ping_status":"closed","post_password":"","post_name":"sal-terrae","to_ping":"","pinged":"","post_modified":"2022-07-28 17:50:19","post_modified_gmt":"2022-07-28 15:50:19","post_content_filtered":"","post_parent":0,"guid":"http:\/\/dev.claret.cat\/editorial\/sal-terrae\/","menu_order":0,"post_type":"editorial","post_mime_type":"","comment_count":"0","filter":"raw"}],"autores-libros":[{"ID":5720,"post_author":"3","post_date":"2022-07-28 17:30:01","post_date_gmt":"2022-07-28 15:30:01","post_content":"","post_title":"LEONARDO BOFF","post_excerpt":"","post_status":"publish","comment_status":"closed","ping_status":"closed","post_password":"","post_name":"leonardo-boff","to_ping":"","pinged":"","post_modified":"2022-07-28 17:30:01","post_modified_gmt":"2022-07-28 15:30:01","post_content_filtered":"","post_parent":0,"guid":"http:\/\/dev.claret.cat\/autor\/leonardo-boff\/","menu_order":0,"post_type":"autor","post_mime_type":"","comment_count":"0","filter":"raw"}]},"aioseo_notices":[],"_links":{"self":[{"href":"https:\/\/www.claret.cat\/es\/wp-json\/wp\/v2\/product\/290286","targetHints":{"allow":["GET"]}}],"collection":[{"href":"https:\/\/www.claret.cat\/es\/wp-json\/wp\/v2\/product"}],"about":[{"href":"https:\/\/www.claret.cat\/es\/wp-json\/wp\/v2\/types\/product"}],"wp:featuredmedia":[{"embeddable":true,"href":"https:\/\/www.claret.cat\/es\/wp-json\/wp\/v2\/media\/339497"}],"wp:attachment":[{"href":"https:\/\/www.claret.cat\/es\/wp-json\/wp\/v2\/media?parent=290286"}],"wp:term":[{"taxonomy":"product_brand","embeddable":true,"href":"https:\/\/www.claret.cat\/es\/wp-json\/wp\/v2\/product_brand?post=290286"},{"taxonomy":"product_cat","embeddable":true,"href":"https:\/\/www.claret.cat\/es\/wp-json\/wp\/v2\/product_cat?post=290286"},{"taxonomy":"product_tag","embeddable":true,"href":"https:\/\/www.claret.cat\/es\/wp-json\/wp\/v2\/product_tag?post=290286"}],"curies":[{"name":"wp","href":"https:\/\/api.w.org\/{rel}","templated":true}]}}