{"id":290290,"date":"2022-12-10T14:30:26","date_gmt":"2022-12-10T13:30:26","guid":{"rendered":"http:\/\/dev.claret.cat\/llibre\/la-catequesis-de-toda-comunidad\/"},"modified":"2026-01-19T16:06:07","modified_gmt":"2026-01-19T15:06:07","slug":"la-catequesis-de-toda-comunidad-9788429316315","status":"publish","type":"product","link":"https:\/\/www.claret.cat\/es\/libro\/la-catequesis-de-toda-comunidad-9788429316315\/","title":{"rendered":"LA CATEQUESIS DE TODA COMUNIDAD"},"content":{"rendered":"<p>Son muchos los agentes de pastoral que andan buscando un nuevo marco, un nuevo modelo para la catequesis que implique a toda la comunidad: la parroquia, la familia, las comunidades de base y los fieles en general. Hacer a todos los miembros de una comunidad \u00abco-responsables\u00bb de la catequesis y de la evangelizaci\u00f3n es introducir a cada uno en un proceso espiritual humilde y audaz: estar dispuestos a dar raz\u00f3n de la propia fe y estar disponibles para el encuentro. \u00bfC\u00f3mo concebir en la pr\u00e1ctica esta catequesis de toda la comunidad? Se trata de poner en marcha f\u00f3rmulas catequ\u00e9ticas comunitarias y, por tanto, intergeneracionales, abiertas libremente a todos los miembros de la comunidad y a todas las edades. La catequesis de toda la comunidad ofrece sugerencias concretas para un proceso pr\u00e1ctico de varias etapas, en el que se unen liturgia y catequesis y se pone a Jesucristo y a las familias en el centro de la actividad catequ\u00e9tica. En este libro se ofrecen pautas para las visitas a las familias, para las oraciones y encuentros, para organizar asambleas, etc\u00e9tera.<\/p>\n","protected":false},"excerpt":{"rendered":"<p>HUEBSCH,BILL<\/p>\n","protected":false},"featured_media":1074362,"template":"","meta":{"_acf_changed":false,"om_disable_all_campaigns":false,"rs_blank_template":"","rs_page_bg_color":"","slide_template_v7":"","inline_featured_image":false,"_monsterinsights_skip_tracking":false,"_monsterinsights_sitenote_active":false,"_monsterinsights_sitenote_note":"","_monsterinsights_sitenote_category":0},"product_brand":[],"product_cat":[484,228,227,389],"product_tag":[],"class_list":{"0":"post-290290","1":"product","2":"type-product","3":"status-publish","4":"has-post-thumbnail","6":"product_cat-dosieres","7":"product_cat-dossiers","8":"product_cat-formacio","9":"product_cat-formacion","11":"first","12":"outofstock","13":"taxable","14":"shipping-taxable","15":"purchasable","16":"product-type-simple"},"acf":{"autor":"HUEBSCH,BILL","codart":"842931631","libros-coleccion":"Recursos Catequ\u00e9ticos","ediciones":"1","encuadernacion":"R\u00fastica","fecha_de_publicacion":"08\/02\/2006","novedad":"0","paginas":"150","subtitulo":"HACIA UNA CATEQUESIS POR TODOS, CON TODOS Y PARA T.","orden":"999","portada":"0","idioma":"spa","editorial":[{"ID":6351,"post_author":"3","post_date":"2022-07-28 17:50:19","post_date_gmt":"2022-07-28 15:50:19","post_content":"","post_title":"Sal Terrae","post_excerpt":"","post_status":"publish","comment_status":"closed","ping_status":"closed","post_password":"","post_name":"sal-terrae","to_ping":"","pinged":"","post_modified":"2022-07-28 17:50:19","post_modified_gmt":"2022-07-28 15:50:19","post_content_filtered":"","post_parent":0,"guid":"http:\/\/dev.claret.cat\/editorial\/sal-terrae\/","menu_order":0,"post_type":"editorial","post_mime_type":"","comment_count":"0","filter":"raw"}],"autores-libros":[{"ID":290289,"post_author":"3","post_date":"2022-12-10 14:30:24","post_date_gmt":"2022-12-10 13:30:24","post_content":"","post_title":"BILL HUEBSCH","post_excerpt":"","post_status":"publish","comment_status":"closed","ping_status":"closed","post_password":"","post_name":"bill-huebsch","to_ping":"","pinged":"","post_modified":"2022-12-10 14:30:24","post_modified_gmt":"2022-12-10 13:30:24","post_content_filtered":"","post_parent":0,"guid":"http:\/\/dev.claret.cat\/autor\/bill-huebsch\/","menu_order":0,"post_type":"autor","post_mime_type":"","comment_count":"0","filter":"raw"}],"booktrailer":"","resenas":""},"aioseo_notices":[],"_links":{"self":[{"href":"https:\/\/www.claret.cat\/es\/wp-json\/wp\/v2\/product\/290290","targetHints":{"allow":["GET"]}}],"collection":[{"href":"https:\/\/www.claret.cat\/es\/wp-json\/wp\/v2\/product"}],"about":[{"href":"https:\/\/www.claret.cat\/es\/wp-json\/wp\/v2\/types\/product"}],"wp:featuredmedia":[{"embeddable":true,"href":"https:\/\/www.claret.cat\/es\/wp-json\/wp\/v2\/media\/1074362"}],"wp:attachment":[{"href":"https:\/\/www.claret.cat\/es\/wp-json\/wp\/v2\/media?parent=290290"}],"wp:term":[{"taxonomy":"product_brand","embeddable":true,"href":"https:\/\/www.claret.cat\/es\/wp-json\/wp\/v2\/product_brand?post=290290"},{"taxonomy":"product_cat","embeddable":true,"href":"https:\/\/www.claret.cat\/es\/wp-json\/wp\/v2\/product_cat?post=290290"},{"taxonomy":"product_tag","embeddable":true,"href":"https:\/\/www.claret.cat\/es\/wp-json\/wp\/v2\/product_tag?post=290290"}],"curies":[{"name":"wp","href":"https:\/\/api.w.org\/{rel}","templated":true}]}}