{"id":290329,"date":"2022-12-10T15:00:21","date_gmt":"2022-12-10T14:00:21","guid":{"rendered":"http:\/\/dev.claret.cat\/llibre\/en-tierra-de-nadie\/"},"modified":"2025-02-13T16:35:20","modified_gmt":"2025-02-13T15:35:20","slug":"en-tierra-de-nadie-9788429316452","status":"publish","type":"product","link":"https:\/\/www.claret.cat\/es\/libro\/en-tierra-de-nadie-9788429316452\/","title":{"rendered":"EN TIERRA DE NADIE"},"content":{"rendered":"<p>Hay un espacio en el que nos movemos hoy quienes no tenemos todas las respuestas. Quienes sentimos la Iglesia como algo muy nuestro, al tiempo que percibimos sus contradicciones, sus urgencias o los pasos que tiene que dar. Hay un espacio hoy en el que van de la mano la duda y la fe, la b\u00fasqueda y el encuentro, la cr\u00edtica y la acogida. Ese espacio es la \u00abtierra de nadie\u00bb, que es tierra de tantos. Y en ella nos movemos, conscientes de que, en su fragilidad y en su fortaleza, la Iglesia, tierra de tantos, sigue siendo hoy espacio de evangelio.<\/p>\n","protected":false},"excerpt":{"rendered":"<p>RODR\u00cdGUEZ OLAIZOLA,JOS\u00c9 M<\/p>\n","protected":false},"featured_media":339540,"template":"","meta":{"_acf_changed":false,"om_disable_all_campaigns":false,"rs_blank_template":"","rs_page_bg_color":"","slide_template_v7":"","inline_featured_image":false,"_monsterinsights_skip_tracking":false,"_monsterinsights_sitenote_active":false,"_monsterinsights_sitenote_note":"","_monsterinsights_sitenote_category":0},"product_brand":[],"product_cat":[283,511,273,411,491,241],"product_tag":[],"class_list":{"0":"post-290329","1":"product","2":"type-product","3":"status-publish","4":"has-post-thumbnail","6":"product_cat-eclesiologia-teologia","7":"product_cat-eclesiologia-teologia-1_espiritualidad","8":"product_cat-frontera","9":"product_cat-frontera-pastoral-1_espiritualidad","10":"product_cat-testimonios","11":"product_cat-testimonis","13":"first","14":"instock","15":"taxable","16":"shipping-taxable","17":"purchasable","18":"product-type-simple"},"acf":{"autor":"RODR\u00cdGUEZ OLAIZOLA,JOS\u00c9 M","codart":"842931645","libros-coleccion":"El Pozo de Siquem","ediciones":"1","encuadernacion":"R\u00fastica","fecha_de_publicacion":"15\/05\/2006","novedad":"0","paginas":"104","subtitulo":"","orden":"999","portada":"0","idioma":"spa","editorial":[{"ID":6351,"post_author":"3","post_date":"2022-07-28 17:50:19","post_date_gmt":"2022-07-28 15:50:19","post_content":"","post_title":"Sal Terrae","post_excerpt":"","post_status":"publish","comment_status":"closed","ping_status":"closed","post_password":"","post_name":"sal-terrae","to_ping":"","pinged":"","post_modified":"2022-07-28 17:50:19","post_modified_gmt":"2022-07-28 15:50:19","post_content_filtered":"","post_parent":0,"guid":"http:\/\/dev.claret.cat\/editorial\/sal-terrae\/","menu_order":0,"post_type":"editorial","post_mime_type":"","comment_count":"0","filter":"raw"}],"autores-libros":[{"ID":290328,"post_author":"3","post_date":"2022-12-10 15:00:19","post_date_gmt":"2022-12-10 14:00:19","post_content":"","post_title":"sj RODR\u00cdGUEZ OLAIZOLA","post_excerpt":"","post_status":"publish","comment_status":"closed","ping_status":"closed","post_password":"","post_name":"sj-rodriguez-olaizola","to_ping":"","pinged":"","post_modified":"2022-12-10 15:00:19","post_modified_gmt":"2022-12-10 14:00:19","post_content_filtered":"","post_parent":0,"guid":"http:\/\/dev.claret.cat\/autor\/sj-rodriguez-olaizola\/","menu_order":0,"post_type":"autor","post_mime_type":"","comment_count":"0","filter":"raw"}]},"aioseo_notices":[],"_links":{"self":[{"href":"https:\/\/www.claret.cat\/es\/wp-json\/wp\/v2\/product\/290329","targetHints":{"allow":["GET"]}}],"collection":[{"href":"https:\/\/www.claret.cat\/es\/wp-json\/wp\/v2\/product"}],"about":[{"href":"https:\/\/www.claret.cat\/es\/wp-json\/wp\/v2\/types\/product"}],"wp:featuredmedia":[{"embeddable":true,"href":"https:\/\/www.claret.cat\/es\/wp-json\/wp\/v2\/media\/339540"}],"wp:attachment":[{"href":"https:\/\/www.claret.cat\/es\/wp-json\/wp\/v2\/media?parent=290329"}],"wp:term":[{"taxonomy":"product_brand","embeddable":true,"href":"https:\/\/www.claret.cat\/es\/wp-json\/wp\/v2\/product_brand?post=290329"},{"taxonomy":"product_cat","embeddable":true,"href":"https:\/\/www.claret.cat\/es\/wp-json\/wp\/v2\/product_cat?post=290329"},{"taxonomy":"product_tag","embeddable":true,"href":"https:\/\/www.claret.cat\/es\/wp-json\/wp\/v2\/product_tag?post=290329"}],"curies":[{"name":"wp","href":"https:\/\/api.w.org\/{rel}","templated":true}]}}